{"id":29,"date":"2024-01-08T16:02:23","date_gmt":"2024-01-08T15:02:23","guid":{"rendered":"http:\/\/wordpress-shop.trockeneis.shop\/?page_id=29"},"modified":"2026-01-06T14:30:26","modified_gmt":"2026-01-06T13:30:26","slug":"impressum","status":"publish","type":"page","link":"https:\/\/www.trockeneis.shop\/nl\/opdruk\/","title":{"rendered":"Afdruk"},"content":{"rendered":"<p><strong>Informatieplicht volgens \u00a7 5 van de telemediawet:<\/strong><\/p>\n\n\n\n<p>Trockeneis.shop by <em>TERLA<\/em><strong>TEC<\/strong>\u00a0engineering GmbH<br>Robert-Bosch-Stra\u00dfe 11, 41363 J\u00fcchen<\/p>\n\n\n\n<p>Telefoon: +49 2165 17 07 17<br>e-mail:&nbsp;<a>info@trockeneis.shop<\/a><\/p>\n\n\n\n<p><a href=\"https:\/\/www.trockeneis.shop\/\" target=\"_blank\" rel=\"noreferrer noopener\">www.trockeneis.shop<\/a><br><\/p>\n\n\n\n<p>Belastingnummer: 114\/5854\/4603<br>BTW-identificatienummer: DE230393567<br>Register rechtbank: M\u00f6nchengladbach HRB 14932<br>Management: Lars Kretschmer, Oliver Kik<\/p>\n\n\n\n<p>Foto's:&nbsp;<a href=\"https:\/\/www.kreifels.com\/\" target=\"_blank\" rel=\"noreferrer noopener\">Uli Kreifels Fotografie<\/a>&nbsp;<\/p>\n\n\n\n<h2 class=\"wp-block-heading\" style=\"font-size:16px\">Informatie over onze andere producten en diensten (<a href=\"http:\/\/www.terlatec.de\" target=\"_blank\" rel=\"noopener\">Droogijsstralen<\/a>, <a href=\"https:\/\/www.terlatec.de\/index.php\/trockeneisstrahlgeraet-terlatec-pelletblaster\/\" target=\"_blank\" rel=\"noopener\">Droogijsstraalmachines<\/a>)<br><a href=\"https:\/\/www.terlatec.de\/\" target=\"_blank\" rel=\"noreferrer noopener\">www.terlatec.de<\/a><\/h2>\n\n\n\n<p><\/p>\n\n\n\n<p><strong>Disclaimer<\/strong><br>Ondanks zorgvuldige controle van de inhoud aanvaarden wij geen aansprakelijkheid voor de inhoud van externe links. Voor de inhoud van de gelinkte pagina's zijn uitsluitend de beheerders van die pagina's verantwoordelijk.<\/p>\n\n\n\n<p><strong>Auteursrecht \/ naburige rechten<\/strong><br>De op deze website gepubliceerde inhoud, werken en informatie vallen onder het Duitse auteursrecht en aanvullende auteursrechtwetgeving. Voor elke vorm van vermenigvuldiging, verwerking, verspreiding, opslag en elke vorm van gebruik buiten de grenzen van het auteursrecht is de voorafgaande schriftelijke toestemming van de respectieve houder van het auteursrecht vereist. Ongeoorloofd kopi\u00ebren\/opslaan van de informatie op deze website is niet toegestaan en strafbaar.<\/p>\n\n\n<div class=\"woocommerce woocommerce-gzd woocommerce-gzd-complaints-shortcode\">\n\t\t\t<h3>Alternatieve geschillenbeslechting in overeenstemming met Art. 14 (1) ODR-VO en \u00a7 36 VSBG:<\/h3>\n\t\nWe zijn niet verplicht of bereid om deel te nemen aan geschillenbeslechtingsprocedures voor een arbitragecommissie voor consumenten.<\/div>","protected":false},"excerpt":{"rendered":"<p>Informationspflicht laut \u00a7 5 Telemediengesetz: Trockeneis.shop by TERLATEC\u00a0engineering GmbHRobert-Bosch-Stra\u00dfe 11, 41363 J\u00fcchen Telefon: +49 2165 17 07 17E-Mail:&nbsp;info@trockeneis.shop www.trockeneis.shop Steuernummer: 114\/5854\/4603Umsatzsteueridentifikationsnummer (VAT):&nbsp;DE230393567Registergericht: M\u00f6nchengladbach HRB 14932Gesch\u00e4ftsf\u00fchrung: Lars Kretschmer, Oliver Kik Bilder:&nbsp;Uli Kreifels Fotografie&nbsp; Infos zu unseren anderen Produkten und Dienstleistungen (Trockeneisstrahlen, Trockeneisstrahlger\u00e4te)www.terlatec.de HaftungshinweisTrotz sorgf\u00e4ltiger inhaltlicher Kontrolle \u00fcbernehmen wir keine Haftung f\u00fcr die Inhalte externer Links. F\u00fcr [&hellip;]<\/p>\n","protected":false},"author":1,"featured_media":0,"parent":0,"menu_order":0,"comment_status":"closed","ping_status":"closed","template":"","meta":{"iawp_total_views":722,"footnotes":""},"class_list":["post-29","page","type-page","status-publish","hentry"],"_links":{"self":[{"href":"https:\/\/www.trockeneis.shop\/nl\/wp-json\/wp\/v2\/pages\/29","targetHints":{"allow":["GET"]}}],"collection":[{"href":"https:\/\/www.trockeneis.shop\/nl\/wp-json\/wp\/v2\/pages"}],"about":[{"href":"https:\/\/www.trockeneis.shop\/nl\/wp-json\/wp\/v2\/types\/page"}],"author":[{"embeddable":true,"href":"https:\/\/www.trockeneis.shop\/nl\/wp-json\/wp\/v2\/users\/1"}],"replies":[{"embeddable":true,"href":"https:\/\/www.trockeneis.shop\/nl\/wp-json\/wp\/v2\/comments?post=29"}],"version-history":[{"count":7,"href":"https:\/\/www.trockeneis.shop\/nl\/wp-json\/wp\/v2\/pages\/29\/revisions"}],"predecessor-version":[{"id":5006,"href":"https:\/\/www.trockeneis.shop\/nl\/wp-json\/wp\/v2\/pages\/29\/revisions\/5006"}],"wp:attachment":[{"href":"https:\/\/www.trockeneis.shop\/nl\/wp-json\/wp\/v2\/media?parent=29"}],"curies":[{"name":"wp","href":"https:\/\/api.w.org\/{rel}","templated":true}]}}