{"id":1806,"date":"2026-03-12T21:06:08","date_gmt":"2026-03-12T20:06:08","guid":{"rendered":"http:\/\/trockeneis.shop.w021229e.kasserver.com\/?page_id=1806"},"modified":"2026-03-12T21:06:10","modified_gmt":"2026-03-12T20:06:10","slug":"kuehlversand-trockeneis-medizinische-produkte","status":"publish","type":"page","link":"https:\/\/www.trockeneis.shop\/nl\/koele-verzending-droog-ijs-medische-producten\/","title":{"rendered":"Medische koeling en verzending van medische producten - Trockeneis.shop"},"content":{"rendered":"\n<p><\/p>\n\n\n\n<div style=\"height:29px\" aria-hidden=\"true\" class=\"wp-block-spacer\"><\/div>\n\n\n\n<h2 class=\"wp-block-heading\" style=\"font-size:30px\"><strong>Trockeneis-Nuggets f\u00fcr den Versand von Medizinprodukten oder chemischen Produkten \u2013 Fotos &amp; Tipps<\/strong><\/h2>\n\n\n\n<p>Wenn Du medizinische Produkte, chemische Waren oder andere verderbliche G\u00fcter sicher und zuverl\u00e4ssig verschicken m\u00f6chtest, ist Trockeneis mit einer Temperatur von -78,5 \u00b0C die perfekte L\u00f6sung. Unsere hochwertigen <a href=\"https:\/\/www.trockeneis.shop\/category\/trockeneis-nuggets-16mm\/\" data-type=\"category\" data-id=\"45\">Trockeneis-Nuggets<\/a> und <a href=\"https:\/\/www.trockeneis.shop\/product-category\/trockeneis-kuehlakkus\/\" data-type=\"link\" data-id=\"https:\/\/www.trockeneis.shop\/product-category\/trockeneis-kuehlakkus\/\">Trockeneis-K\u00fchlakkus<\/a> sorgen f\u00fcr eine langanhaltende K\u00fchlung und sch\u00fctzen Deine Produkte vor Verderb.<\/p>\n\n\n\n<p>Auf dieser Seite findest Du anschauliche Fotos und praktische Tipps, wie du Trockeneis richtig einsetzt. Erfahre, wie du mit Trockeneis-Nuggets oder Trockeneis-K\u00fchlakkus (eingeschweisste Scheiben) Deine Sendungen optimal k\u00fchlen kannst. Besonders bei sensiblen Waren wie medizinischen oder chemischen Produkten ist die richtige Versandk\u00fchlung entscheidend.<\/p>\n\n\n\n<p>Vertraue auf unsere Erfahrung im Versand mit Trockeneis. Wir bieten dir hochwertige Trockeneis-Produkte und hilfreiche Anleitungen, damit Deine Sendungen sicher und frisch beim Empf\u00e4nger ankommen. Bei Fragen stehen wir Dir jederzeit gerne zur Verf\u00fcgung!<\/p>\n\n\n\n<p><strong>Wichtig: Beachte bitte unbedingt die&nbsp;<a href=\"https:\/\/www.trockeneis.shop\/sicherheitshinweise-trockeneis\/\">Sicherheitshinweise<\/a>&nbsp;zum Umgang mit Trockeneis!<\/strong><\/p>\n\n\n\n<div style=\"height:100px\" aria-hidden=\"true\" class=\"wp-block-spacer\"><\/div>\n\n\n\n<h2 class=\"wp-block-heading\">Anwendungsbeispiel: K\u00fchlversand von Medizinischen Produkten mit Trockeneis-Nuggets<\/h2>\n\n\n\n<div class=\"wp-block-media-text alignwide is-stacked-on-mobile\" style=\"grid-template-columns:60% auto\"><figure class=\"wp-block-media-text__media\"><img loading=\"lazy\" decoding=\"async\" width=\"1024\" height=\"724\" src=\"https:\/\/www.trockeneis.shop\/wp-content\/uploads\/2025\/05\/Kuehlversand-1-1024x724.png\" alt=\"\" class=\"wp-image-1809 size-full\" srcset=\"https:\/\/www.trockeneis.shop\/wp-content\/uploads\/2025\/05\/Kuehlversand-1-1024x724.png 1024w, https:\/\/www.trockeneis.shop\/wp-content\/uploads\/2025\/05\/Kuehlversand-1-324x229.png 324w, https:\/\/www.trockeneis.shop\/wp-content\/uploads\/2025\/05\/Kuehlversand-1-416x294.png 416w, https:\/\/www.trockeneis.shop\/wp-content\/uploads\/2025\/05\/Kuehlversand-1-300x212.png 300w, https:\/\/www.trockeneis.shop\/wp-content\/uploads\/2025\/05\/Kuehlversand-1-768x543.png 768w, https:\/\/www.trockeneis.shop\/wp-content\/uploads\/2025\/05\/Kuehlversand-1-1536x1086.png 1536w, https:\/\/www.trockeneis.shop\/wp-content\/uploads\/2025\/05\/Kuehlversand-1.png 1528w\" sizes=\"auto, (max-width: 1024px) 100vw, 1024px\" \/><\/figure><div class=\"wp-block-media-text__content\">\n<p>Produkt in die mit Trockeneis gef\u00fcllte Styroporbox legen<\/p>\n<\/div><\/div>\n\n\n\n<div style=\"height:100px\" aria-hidden=\"true\" class=\"wp-block-spacer\"><\/div>\n\n\n\n<div class=\"wp-block-media-text alignwide is-stacked-on-mobile\" style=\"grid-template-columns:60% auto\"><figure class=\"wp-block-media-text__media\"><img loading=\"lazy\" decoding=\"async\" width=\"1024\" height=\"724\" src=\"https:\/\/www.trockeneis.shop\/wp-content\/uploads\/2026\/02\/Trockeneis-Kuehlversand-1024x724.webp\" alt=\"Trockeneis f\u00fcr TK Versand\" class=\"wp-image-5518 size-full\" srcset=\"https:\/\/www.trockeneis.shop\/wp-content\/uploads\/2026\/02\/Trockeneis-Kuehlversand-1024x724.webp 1024w, https:\/\/www.trockeneis.shop\/wp-content\/uploads\/2026\/02\/Trockeneis-Kuehlversand-300x212.webp 300w, https:\/\/www.trockeneis.shop\/wp-content\/uploads\/2026\/02\/Trockeneis-Kuehlversand-768x543.webp 768w, https:\/\/www.trockeneis.shop\/wp-content\/uploads\/2026\/02\/Trockeneis-Kuehlversand-18x12.webp 18w, https:\/\/www.trockeneis.shop\/wp-content\/uploads\/2026\/02\/Trockeneis-Kuehlversand-324x229.webp 324w, https:\/\/www.trockeneis.shop\/wp-content\/uploads\/2026\/02\/Trockeneis-Kuehlversand-416x294.webp 416w, https:\/\/www.trockeneis.shop\/wp-content\/uploads\/2026\/02\/Trockeneis-Kuehlversand.webp 1528w\" sizes=\"auto, (max-width: 1024px) 100vw, 1024px\" \/><\/figure><div class=\"wp-block-media-text__content\">\n<p>Mit weiteren Trockeneis-Nuggets \u00fcbersch\u00fctten, danach den Deckel verschliessen<\/p>\n<\/div><\/div>\n\n\n\n<div style=\"height:100px\" aria-hidden=\"true\" class=\"wp-block-spacer\"><\/div>\n\n\n\n<div class=\"author-box\" style=\"border:1px solid #ddd; padding:15px; max-width:600px; font-family:Arial, sans-serif; background-color:#f9f9f9; border-radius:8px; margin-bottom:20px;\">\n  <!-- Autoreninfo sichtbar f\u00fcr Nutzer -->\n  <p style=\"margin:0 0 5px 0; font-size:12px; color:#888;\">Aktualisiert: 12.03.2026<\/p>\n  <p style=\"margin:0 0 0 0; font-size:14px; color:#222;\">\n    Autor: <a href=\"https:\/\/de.linkedin.com\/in\/lars-kretschmer-57608596\" target=\"_blank\" rel=\"noopener\" style=\"text-decoration:none; color:#0A66C2; font-weight:bold;\">Lars Kretschmer<\/a> Gesch\u00e4ftsf\u00fchrer (CEO)\n  <\/p>\n<\/div>\n\n<!-- JSON-LD Schema f\u00fcr Google -->\n<script type=\"application\/ld+json\">\n{\n  \"@context\": \"https:\/\/schema.org\",\n  \"@type\": \"Person\",\n  \"@id\": \"https:\/\/www.trockeneis.shop\/#author\",\n  \"name\": \"Lars Kretschmer\",\n  \"url\": \"https:\/\/de.linkedin.com\/in\/lars-kretschmer-57608596\",\n  \"jobTitle\": \"Gesch\u00e4ftsf\u00fchrer (CEO)\",\n  \"worksFor\": {\n    \"@type\": \"Organization\",\n    \"name\": \"TERLATEC engineering GmbH\",\n    \"url\": \"https:\/\/www.trockeneis.shop\/\"\n  },\n  \"description\": \"Experte f\u00fcr Trockeneis, Trockeneisstrahlger\u00e4te, CO\u2082 Schneestrahlen und Trockeneisstrahlen. Gesch\u00e4ftsf\u00fchrer (CEO) der TERLATEC engineering GmbH.\",\n  \"knowsAbout\": [\n    \"Trockeneis\",\n    \"Trockeneisstrahlger\u00e4te\",\n    \"CO2 Schneestrahlen\",\n    \"Trockeneisstrahlen\"\n  ],\n  \"sameAs\": [\"https:\/\/de.linkedin.com\/in\/lars-kretschmer-57608596\"]\n}\n<\/script>\n","protected":false},"excerpt":{"rendered":"<p>Trockeneis-Nuggets f\u00fcr den Versand von Medizinprodukten oder chemischen Produkten \u2013 Fotos &amp; Tipps Wenn Du medizinische Produkte, chemische Waren oder andere verderbliche G\u00fcter sicher und zuverl\u00e4ssig verschicken m\u00f6chtest, ist Trockeneis mit einer Temperatur von -78,5 \u00b0C die perfekte L\u00f6sung. Unsere hochwertigen Trockeneis-Nuggets und Trockeneis-K\u00fchlakkus sorgen f\u00fcr eine langanhaltende K\u00fchlung und sch\u00fctzen Deine Produkte vor Verderb. [&hellip;]<\/p>\n","protected":false},"author":1,"featured_media":0,"parent":0,"menu_order":0,"comment_status":"closed","ping_status":"closed","template":"","meta":{"iawp_total_views":97,"footnotes":""},"class_list":["post-1806","page","type-page","status-publish","hentry"],"_links":{"self":[{"href":"https:\/\/www.trockeneis.shop\/nl\/wp-json\/wp\/v2\/pages\/1806","targetHints":{"allow":["GET"]}}],"collection":[{"href":"https:\/\/www.trockeneis.shop\/nl\/wp-json\/wp\/v2\/pages"}],"about":[{"href":"https:\/\/www.trockeneis.shop\/nl\/wp-json\/wp\/v2\/types\/page"}],"author":[{"embeddable":true,"href":"https:\/\/www.trockeneis.shop\/nl\/wp-json\/wp\/v2\/users\/1"}],"replies":[{"embeddable":true,"href":"https:\/\/www.trockeneis.shop\/nl\/wp-json\/wp\/v2\/comments?post=1806"}],"version-history":[{"count":12,"href":"https:\/\/www.trockeneis.shop\/nl\/wp-json\/wp\/v2\/pages\/1806\/revisions"}],"predecessor-version":[{"id":5891,"href":"https:\/\/www.trockeneis.shop\/nl\/wp-json\/wp\/v2\/pages\/1806\/revisions\/5891"}],"wp:attachment":[{"href":"https:\/\/www.trockeneis.shop\/nl\/wp-json\/wp\/v2\/media?parent=1806"}],"curies":[{"name":"wp","href":"https:\/\/api.w.org\/{rel}","templated":true}]}}