{"id":1787,"date":"2026-03-12T21:05:01","date_gmt":"2026-03-12T20:05:01","guid":{"rendered":"http:\/\/trockeneis.shop.w021229e.kasserver.com\/?page_id=1787"},"modified":"2026-03-12T21:05:03","modified_gmt":"2026-03-12T20:05:03","slug":"trockeneis-fur-den-lebensmittelversand-frische-und-qualitat-bewahren","status":"publish","type":"page","link":"https:\/\/www.trockeneis.shop\/nl\/droogijs-voor-de-verzending-van-levensmiddelen-met-behoud-van-versheid-en-kwaliteit\/","title":{"rendered":"Voedingsmiddelen verzenden met droogijs"},"content":{"rendered":"\n<div style=\"height:30px\" aria-hidden=\"true\" class=\"wp-block-spacer\"><\/div>\n\n\n\n<h2 class=\"wp-block-heading\" style=\"font-size:30px\"><strong>Trockeneis f\u00fcr den Versand von verderblichen Waren \u2013 Fotos &amp; Tipps<\/strong><\/h2>\n\n\n\n<p> Wenn Du Lebensmittel, Tiefk\u00fchlware, Backrohlinge o.\u00e4.  sicher verschicken m\u00f6chtest, sind unsere <a href=\"https:\/\/www.trockeneis.shop\/category\/trockeneis-nuggets-16mm\/\" data-type=\"category\" data-id=\"45\">Trockeneis-Nuggets<\/a> oder<a href=\"https:\/\/www.trockeneis.shop\/product-category\/trockeneis-kuehlakkus\/\"> Trockeneis-K\u00fchlakkus<\/a> mit einer Temperatur von -78,5 \u00b0C die perfekte L\u00f6sung. Unser Trockeneis sorgt f\u00fcr eine langanhaltende K\u00fchlung und sch\u00fctzen deine Produkte vor Verderb.<\/p>\n\n\n\n<p>Auf dieser Seite findest Du anschauliche Fotos und praktische Tipps, wie Du Trockeneis richtig einsetzt. Erfahre, wie Du mit Trockeneis Deine Sendungen optimal k\u00fchlst. Besonders bei sensiblen Waren wie Lebensmitteln ist die richtige Versandk\u00fchlung entscheidend.<\/p>\n\n\n\n<p>Vertraue auf unsere Erfahrung im Versand mit Trockeneis. Wir bieten Dir hochwertige Trockeneis und hilfreiche Anleitungen, damit deine Sendungen sicher und frisch beim Empf\u00e4nger ankommen. Bei Fragen stehen wir Dir jederzeit gerne zur Verf\u00fcgung!<\/p>\n\n\n\n<p><strong>Wichtig: Beachte bitte unbedingt die <a href=\"https:\/\/www.trockeneis.shop\/sicherheitshinweise-trockeneis\/\" data-type=\"page\" data-id=\"146\">Sicherheitshinweise<\/a> zum Umgang mit Trockeneis!<\/strong><\/p>\n\n\n\n<div style=\"height:100px\" aria-hidden=\"true\" class=\"wp-block-spacer\"><\/div>\n\n\n\n<h2 class=\"wp-block-heading\" style=\"font-size:30px\">Anwendungsbeispiel: Versand von Tiefk\u00fchlprodukten mit Trockeneis-Nuggets<\/h2>\n\n\n\n<div class=\"wp-block-media-text alignwide is-stacked-on-mobile\" style=\"grid-template-columns:55% auto\"><figure class=\"wp-block-media-text__media\"><img loading=\"lazy\" decoding=\"async\" width=\"800\" height=\"565\" src=\"https:\/\/www.trockeneis.shop\/wp-content\/uploads\/2025\/12\/Trockeneis-Lebensmittelversand-1.webp\" alt=\"Trockeneis im Lebensmittelversand zur sicheren K\u00fchlung von empfindlichen Produkten | Dry ice used in food shipping for safe cooling of sensitive products | Glace carbonique utilis\u00e9e dans l'exp\u00e9dition de produits alimentaires pour une r\u00e9frig\u00e9ration s\u00fbre | Anidride carbonica usata nella spedizione di alimenti per una refrigerazione sicura | Hielo seco utilizado en el env\u00edo de alimentos para mantener la refrigeraci\u00f3n de productos sensibles\" class=\"wp-image-4852 size-full\" srcset=\"https:\/\/www.trockeneis.shop\/wp-content\/uploads\/2025\/12\/Trockeneis-Lebensmittelversand-1.webp 800w, https:\/\/www.trockeneis.shop\/wp-content\/uploads\/2025\/12\/Trockeneis-Lebensmittelversand-1-300x212.webp 300w, https:\/\/www.trockeneis.shop\/wp-content\/uploads\/2025\/12\/Trockeneis-Lebensmittelversand-1-768x542.webp 768w, https:\/\/www.trockeneis.shop\/wp-content\/uploads\/2025\/12\/Trockeneis-Lebensmittelversand-1-18x12.webp 18w, https:\/\/www.trockeneis.shop\/wp-content\/uploads\/2025\/12\/Trockeneis-Lebensmittelversand-1-324x229.webp 324w, https:\/\/www.trockeneis.shop\/wp-content\/uploads\/2025\/12\/Trockeneis-Lebensmittelversand-1-416x294.webp 416w\" sizes=\"auto, (max-width: 800px) 100vw, 800px\" \/><\/figure><div class=\"wp-block-media-text__content\">\n<p>Styroporbox mit ausreichend Trockeneis-Nuggets bef\u00fcllen und eine Trennunterlage z.B. Papier, Pappe darauf legen. Diese verhindert Gefrierbrand<\/p>\n<\/div><\/div>\n\n\n\n<div style=\"height:100px\" aria-hidden=\"true\" class=\"wp-block-spacer\"><\/div>\n\n\n\n<div class=\"wp-block-media-text alignwide is-stacked-on-mobile\" style=\"grid-template-columns:55% auto\"><figure class=\"wp-block-media-text__media\"><img loading=\"lazy\" decoding=\"async\" width=\"800\" height=\"565\" src=\"https:\/\/www.trockeneis.shop\/wp-content\/uploads\/2025\/12\/Trockeneis-Lebensmittelversand-2.webp\" alt=\"Trockeneis im Lebensmittelversand zur sicheren K\u00fchlung von empfindlichen Produkten | Dry ice used in food shipping for safe cooling of sensitive products | Glace carbonique utilis\u00e9e dans l'exp\u00e9dition de produits alimentaires pour une r\u00e9frig\u00e9ration s\u00fbre | Anidride carbonica usata nella spedizione di alimenti per una refrigerazione sicura | Hielo seco utilizado en el env\u00edo de alimentos para mantener la refrigeraci\u00f3n de productos sensibles\" class=\"wp-image-4853 size-full\" srcset=\"https:\/\/www.trockeneis.shop\/wp-content\/uploads\/2025\/12\/Trockeneis-Lebensmittelversand-2.webp 800w, https:\/\/www.trockeneis.shop\/wp-content\/uploads\/2025\/12\/Trockeneis-Lebensmittelversand-2-300x212.webp 300w, https:\/\/www.trockeneis.shop\/wp-content\/uploads\/2025\/12\/Trockeneis-Lebensmittelversand-2-768x542.webp 768w, https:\/\/www.trockeneis.shop\/wp-content\/uploads\/2025\/12\/Trockeneis-Lebensmittelversand-2-18x12.webp 18w, https:\/\/www.trockeneis.shop\/wp-content\/uploads\/2025\/12\/Trockeneis-Lebensmittelversand-2-324x229.webp 324w, https:\/\/www.trockeneis.shop\/wp-content\/uploads\/2025\/12\/Trockeneis-Lebensmittelversand-2-416x294.webp 416w\" sizes=\"auto, (max-width: 800px) 100vw, 800px\" \/><\/figure><div class=\"wp-block-media-text__content\">\n<p>Zu k\u00fchlende Lebensmittel auf das Papier legen<\/p>\n<\/div><\/div>\n\n\n\n<div style=\"height:100px\" aria-hidden=\"true\" class=\"wp-block-spacer\"><\/div>\n\n\n\n<div class=\"wp-block-media-text alignwide is-stacked-on-mobile\" style=\"grid-template-columns:55% auto\"><figure class=\"wp-block-media-text__media\"><img loading=\"lazy\" decoding=\"async\" width=\"800\" height=\"565\" src=\"https:\/\/www.trockeneis.shop\/wp-content\/uploads\/2025\/12\/Trockeneis-Lebensmittelversand-3.webp\" alt=\"Trockeneis im Lebensmittelversand zur sicheren K\u00fchlung von empfindlichen Produkten | Dry ice used in food shipping for safe cooling of sensitive products | Glace carbonique utilis\u00e9e dans l'exp\u00e9dition de produits alimentaires pour une r\u00e9frig\u00e9ration s\u00fbre | Anidride carbonica usata nella spedizione di alimenti per una refrigerazione sicura | Hielo seco utilizado en el env\u00edo de alimentos para mantener la refrigeraci\u00f3n de productos sensibles\" class=\"wp-image-4854 size-full\" srcset=\"https:\/\/www.trockeneis.shop\/wp-content\/uploads\/2025\/12\/Trockeneis-Lebensmittelversand-3.webp 800w, https:\/\/www.trockeneis.shop\/wp-content\/uploads\/2025\/12\/Trockeneis-Lebensmittelversand-3-300x212.webp 300w, https:\/\/www.trockeneis.shop\/wp-content\/uploads\/2025\/12\/Trockeneis-Lebensmittelversand-3-768x542.webp 768w, https:\/\/www.trockeneis.shop\/wp-content\/uploads\/2025\/12\/Trockeneis-Lebensmittelversand-3-18x12.webp 18w, https:\/\/www.trockeneis.shop\/wp-content\/uploads\/2025\/12\/Trockeneis-Lebensmittelversand-3-324x229.webp 324w, https:\/\/www.trockeneis.shop\/wp-content\/uploads\/2025\/12\/Trockeneis-Lebensmittelversand-3-416x294.webp 416w\" sizes=\"auto, (max-width: 800px) 100vw, 800px\" \/><\/figure><div class=\"wp-block-media-text__content\">\n<p>Das Trockeneis unten in der Box sorgt f\u00fcr eine passive K\u00fchlung der Lebensmittel. Die Styropor-Box kann nun geschlossen werden. Bei Bedarf kann noch eine Lage Papier und etwas Trockeneis dar\u00fcber gelegt werden (bei sehr warmer Witterung)<\/p>\n<\/div><\/div>\n\n\n\n<div style=\"height:100px\" aria-hidden=\"true\" class=\"wp-block-spacer\"><\/div>\n\n\n\n<div class=\"author-box\" style=\"border:1px solid #ddd; padding:15px; max-width:600px; font-family:Arial, sans-serif; background-color:#f9f9f9; border-radius:8px; margin-bottom:20px;\">\n  <!-- Autoreninfo sichtbar f\u00fcr Nutzer -->\n  <p style=\"margin:0 0 5px 0; font-size:12px; color:#888;\">Aktualisiert: 12.03.2026<\/p>\n  <p style=\"margin:0 0 0 0; font-size:14px; color:#222;\">\n    Autor: <a href=\"https:\/\/de.linkedin.com\/in\/lars-kretschmer-57608596\" target=\"_blank\" rel=\"noopener\" style=\"text-decoration:none; color:#0A66C2; font-weight:bold;\">Lars Kretschmer<\/a> Gesch\u00e4ftsf\u00fchrer (CEO)\n  <\/p>\n<\/div>\n\n<!-- JSON-LD Schema f\u00fcr Google -->\n<script type=\"application\/ld+json\">\n{\n  \"@context\": \"https:\/\/schema.org\",\n  \"@type\": \"Person\",\n  \"@id\": \"https:\/\/www.trockeneis.shop\/#author\",\n  \"name\": \"Lars Kretschmer\",\n  \"url\": \"https:\/\/de.linkedin.com\/in\/lars-kretschmer-57608596\",\n  \"jobTitle\": \"Gesch\u00e4ftsf\u00fchrer (CEO)\",\n  \"worksFor\": {\n    \"@type\": \"Organization\",\n    \"name\": \"TERLATEC engineering GmbH\",\n    \"url\": \"https:\/\/www.trockeneis.shop\/\"\n  },\n  \"description\": \"Experte f\u00fcr Trockeneis, Trockeneisstrahlger\u00e4te, CO\u2082 Schneestrahlen und Trockeneisstrahlen. Gesch\u00e4ftsf\u00fchrer (CEO) der TERLATEC engineering GmbH.\",\n  \"knowsAbout\": [\n    \"Trockeneis\",\n    \"Trockeneisstrahlger\u00e4te\",\n    \"CO2 Schneestrahlen\",\n    \"Trockeneisstrahlen\"\n  ],\n  \"sameAs\": [\"https:\/\/de.linkedin.com\/in\/lars-kretschmer-57608596\"]\n}\n<\/script>\n","protected":false},"excerpt":{"rendered":"<p>Trockeneis f\u00fcr den Versand von verderblichen Waren \u2013 Fotos &amp; Tipps Wenn Du Lebensmittel, Tiefk\u00fchlware, Backrohlinge o.\u00e4. sicher verschicken m\u00f6chtest, sind unsere Trockeneis-Nuggets oder Trockeneis-K\u00fchlakkus mit einer Temperatur von -78,5 \u00b0C die perfekte L\u00f6sung. Unser Trockeneis sorgt f\u00fcr eine langanhaltende K\u00fchlung und sch\u00fctzen deine Produkte vor Verderb. Auf dieser Seite findest Du anschauliche Fotos und [&hellip;]<\/p>\n","protected":false},"author":1,"featured_media":0,"parent":0,"menu_order":0,"comment_status":"closed","ping_status":"closed","template":"","meta":{"iawp_total_views":199,"footnotes":""},"class_list":["post-1787","page","type-page","status-publish","hentry"],"_links":{"self":[{"href":"https:\/\/www.trockeneis.shop\/nl\/wp-json\/wp\/v2\/pages\/1787","targetHints":{"allow":["GET"]}}],"collection":[{"href":"https:\/\/www.trockeneis.shop\/nl\/wp-json\/wp\/v2\/pages"}],"about":[{"href":"https:\/\/www.trockeneis.shop\/nl\/wp-json\/wp\/v2\/types\/page"}],"author":[{"embeddable":true,"href":"https:\/\/www.trockeneis.shop\/nl\/wp-json\/wp\/v2\/users\/1"}],"replies":[{"embeddable":true,"href":"https:\/\/www.trockeneis.shop\/nl\/wp-json\/wp\/v2\/comments?post=1787"}],"version-history":[{"count":13,"href":"https:\/\/www.trockeneis.shop\/nl\/wp-json\/wp\/v2\/pages\/1787\/revisions"}],"predecessor-version":[{"id":5890,"href":"https:\/\/www.trockeneis.shop\/nl\/wp-json\/wp\/v2\/pages\/1787\/revisions\/5890"}],"wp:attachment":[{"href":"https:\/\/www.trockeneis.shop\/nl\/wp-json\/wp\/v2\/media?parent=1787"}],"curies":[{"name":"wp","href":"https:\/\/api.w.org\/{rel}","templated":true}]}}