{"id":141,"date":"2024-01-11T14:07:32","date_gmt":"2024-01-11T13:07:32","guid":{"rendered":"http:\/\/wordpress-shop.trockeneis.shop\/?page_id=141"},"modified":"2026-01-31T16:23:06","modified_gmt":"2026-01-31T15:23:06","slug":"zahlung-versand","status":"publish","type":"page","link":"https:\/\/www.trockeneis.shop\/nl\/verzending-van-betalingen\/","title":{"rendered":"Betaling &amp; verzending"},"content":{"rendered":"<p><strong>Duitsland: DPD Express<\/strong><\/p>\n\n\n<div class=\"wp-block-image\">\n<figure class=\"alignleft size-full is-resized\"><img decoding=\"async\" src=\"https:\/\/www.trockeneis.shop\/wp-content\/uploads\/2024\/01\/DPD_logo_redgrad_rgb.png\" alt=\"dpd\" class=\"wp-image-142\" style=\"width:150px\"\/><\/figure>\n<\/div>\n\n\n<p><\/p>\n\n\n\n<p><\/p>\n\n\n\n<p><strong>Prijzen (incl. btw):<\/strong><\/p>\n\n\n\n<p>DPD Express gegarandeerd tot 18.00 uur: \u20ac7,90 per pakket<\/p>\n\n\n\n<p>DPD Express gegarandeerd tot 12.00 uur: \u20ac19,50 per pakket<\/p>\n\n\n\n<p>DPD Express gegarandeerd tot 8.30 uur: \u20ac47,00 per pakket<\/p>\n\n\n\n<p>Na ontvangst van bestelling en betaling&nbsp;<strong>Maandag t\/m donderdag tot 10:00 uur.<\/strong>, je ontvangt het droogijspakket&nbsp;<strong>de volgende werkdag uiterlijk om 18.00 uur<\/strong>. Gebruik DPD pakket tracking om er zeker van te zijn dat je zending goed verloopt!<br><strong>Tip:<\/strong>&nbsp;Als je het droogijs in het weekend nodig hebt, raden we je het volgende aan&nbsp;<strong>op donderdagochtend tot 10 uur.<\/strong>&nbsp;om te bestellen. Het droogijs wordt dan vrijdag geleverd. Levering op zaterdag is helaas niet mogelijk.<\/p>\n\n\n\n<p><strong>DPD Express levert alleen op de volgende werkdagen: dinsdag, woensdag, donderdag, vrijdag. Er is geen levering op zaterdag, zondag of feestdagen.<\/strong><\/p>\n\n\n\n<p><strong>Verzending naar pakstations of een afgiftevergunning is niet mogelijk met DPD Express-verzending!<\/strong><\/p>\n\n\n\n<p>U kunt ook uw <strong>Gewenste leverdatum<\/strong> bij de kassa, en als je op werkdagen voor 10.00 uur bestelt, is levering zelfs de volgende werkdag mogelijk.<\/p>\n\n\n\n<p class=\" translation-block\"><strong>F\u00fcr den Versand auf die deutschen Inseln bieten wir den DPD Classic Versand mit Inselzuschlag an: 22,90  \u20ac pro Paket<\/strong> <strong>(2 Werktage, keine Samstagszustellung)<\/strong><\/p>\n\n\n\n<div style=\"height:30px\" aria-hidden=\"true\" class=\"wp-block-spacer\"><\/div>\n\n\n\n<p>Hier vind je de uitsluitingsgebieden van DPD voor expresverzending:<\/p>\n\n\n\n<div data-wp-interactive=\"core\/file\" class=\"wp-block-file\"><object data-wp-bind--hidden=\"!state.hasPdfPreview\" hidden class=\"wp-block-file__embed\" data=\"https:\/\/www.trockeneis.shop\/wp-content\/uploads\/2025\/03\/20190114_Express-Service_Ausschlussgebiete.pdf\" type=\"application\/pdf\" style=\"width:100%;height:600px\" aria-label=\"Insluiting van 20190114_Express-Service_Ausschlussgebiete.\"><\/object><a id=\"wp-block-file--media-0e7f11a3-39a1-4e67-8c3c-351bb47198a0\" href=\"https:\/\/www.trockeneis.shop\/wp-content\/uploads\/2025\/03\/20190114_Express-Service_Ausschlussgebiete.pdf\">20190114_Express-service_Uitgesloten gebieden<\/a><a href=\"https:\/\/www.trockeneis.shop\/wp-content\/uploads\/2025\/03\/20190114_Express-Service_Ausschlussgebiete.pdf\" class=\"wp-block-file__button wp-element-button\" download aria-describedby=\"wp-block-file--media-0e7f11a3-39a1-4e67-8c3c-351bb47198a0\">Downloaden<\/a><\/div>\n\n\n\n<div style=\"height:100px\" aria-hidden=\"true\" class=\"wp-block-spacer\"><\/div>\n\n\n\n<p class=\"has-medium-font-size\"><strong><strong>Nederland, Belgi\u00eb, Luxemburg, Denemarken: UPS Standard Overnight<\/strong><\/strong><\/p>\n\n\n<div class=\"wp-block-image\">\n<figure class=\"alignleft size-full is-resized\"><img loading=\"lazy\" decoding=\"async\" width=\"640\" height=\"760\" src=\"https:\/\/www.trockeneis.shop\/wp-content\/uploads\/2025\/08\/ups.png\" alt=\"UPS\" class=\"wp-image-2955\" style=\"width:150px\" srcset=\"https:\/\/www.trockeneis.shop\/wp-content\/uploads\/2025\/08\/ups.png 640w, https:\/\/www.trockeneis.shop\/wp-content\/uploads\/2025\/08\/ups-324x385.png 324w, https:\/\/www.trockeneis.shop\/wp-content\/uploads\/2025\/08\/ups-416x494.png 416w, https:\/\/www.trockeneis.shop\/wp-content\/uploads\/2025\/08\/ups-253x300.png 253w\" sizes=\"auto, (max-width: 640px) 100vw, 640px\" \/><\/figure>\n<\/div>\n\n\n<p><\/p>\n\n\n\n<p><strong>UPS Standard : 19,50 \u20ac<\/strong><\/p>\n\n\n\n<p><strong>Prijs (incl. btw):<\/strong><\/p>\n\n\n\n<p><\/p>\n\n\n\n<p>Na ontvangst van bestelling en betaling&nbsp;<strong>Maandag t\/m donderdag tot 10:00 uur.<\/strong>, je ontvangt het droogijspakket&nbsp;<strong>de volgende werkdag<\/strong>. Gebruik UPS pakket tracking om er zeker van te zijn dat je pakket veilig aankomt! <strong><strong>Er is geen levering op zaterdag, zondag of feestdagen.<\/strong><\/strong><\/p>\n\n\n\n<div style=\"height:100px\" aria-hidden=\"true\" class=\"wp-block-spacer\"><\/div>\n\n\n\n<p class=\"has-medium-font-size\"><strong><strong>Oostenrijk: UPS Standaard 2 werkdagen<\/strong><\/strong><\/p>\n\n\n<div class=\"wp-block-image\">\n<figure class=\"alignleft size-full is-resized\"><img loading=\"lazy\" decoding=\"async\" width=\"640\" height=\"760\" src=\"https:\/\/www.trockeneis.shop\/wp-content\/uploads\/2025\/08\/ups.png\" alt=\"UPS\" class=\"wp-image-2955\" style=\"width:150px\" srcset=\"https:\/\/www.trockeneis.shop\/wp-content\/uploads\/2025\/08\/ups.png 640w, https:\/\/www.trockeneis.shop\/wp-content\/uploads\/2025\/08\/ups-324x385.png 324w, https:\/\/www.trockeneis.shop\/wp-content\/uploads\/2025\/08\/ups-416x494.png 416w, https:\/\/www.trockeneis.shop\/wp-content\/uploads\/2025\/08\/ups-253x300.png 253w\" sizes=\"auto, (max-width: 640px) 100vw, 640px\" \/><\/figure>\n<\/div>\n\n\n<p><\/p>\n\n\n\n<p><strong>UPS Standard: 19,50 \u20ac<\/strong><\/p>\n\n\n\n<p><strong>Prijzen (incl. btw):<\/strong><\/p>\n\n\n\n<p><\/p>\n\n\n\n<p class=\" translation-block\">Bei Bestellung&nbsp;<strong>montags-mittwochs bis 10 Uhr&nbsp;<\/strong>erh\u00e4ltst Du das Trockeneis&nbsp;<strong>innerhalb von 2 Werktagen<\/strong>.<\/p>\n\n\n\n<p><strong><strong>Er is geen levering op zaterdag, zondag of feestdagen.<\/strong><\/strong><\/p>\n\n\n\n<p><\/p>\n\n\n\n<p><strong>Onze servicebelofte:<\/strong><br>Om het verlies aan droogijs door de langere verzendtijd te compenseren, vullen we de doos met iets meer droogijs.<br>Gebruik pakket tracking om er zeker van te zijn dat je pakket veilig wordt verzonden!<\/p>\n\n\n\n<p><br><strong>We leveren niet aan pakketstations.<\/strong><\/p>\n\n\n\n<p class=\"has-normal-font-size\"><strong>Er is geen levering op maandag omdat de sublimatie in het weekend te groot is.&nbsp;<\/strong><\/p>\n\n\n\n<div style=\"height:100px\" aria-hidden=\"true\" class=\"wp-block-spacer\"><\/div>\n\n\n\n<p><strong>Betaling<\/strong><\/p>\n\n\n\n<div class=\"wp-block-columns are-vertically-aligned-center is-layout-flex wp-container-core-columns-is-layout-28f84493 wp-block-columns-is-layout-flex\">\n<div class=\"wp-block-column is-vertically-aligned-center is-layout-flow wp-block-column-is-layout-flow\"><div class=\"wp-block-image\">\n<figure class=\"aligncenter size-full\"><img loading=\"lazy\" decoding=\"async\" width=\"320\" height=\"86\" src=\"https:\/\/www.trockeneis.shop\/wp-content\/uploads\/2025\/08\/PayPal.png\" alt=\"PayPal\" class=\"wp-image-3013\" srcset=\"https:\/\/www.trockeneis.shop\/wp-content\/uploads\/2025\/08\/PayPal.png 320w, https:\/\/www.trockeneis.shop\/wp-content\/uploads\/2025\/08\/PayPal-300x81.png 300w\" sizes=\"auto, (max-width: 320px) 100vw, 320px\" \/><\/figure>\n<\/div><\/div>\n\n\n\n<div class=\"wp-block-column is-vertically-aligned-center is-layout-flow wp-block-column-is-layout-flow\"><div class=\"wp-block-image\">\n<figure class=\"aligncenter size-large is-resized\"><img loading=\"lazy\" decoding=\"async\" width=\"1024\" height=\"332\" src=\"https:\/\/www.trockeneis.shop\/wp-content\/uploads\/2025\/08\/visa-1024x332.png\" alt=\"visa\" class=\"wp-image-2990\" style=\"width:86px;height:auto\" srcset=\"https:\/\/www.trockeneis.shop\/wp-content\/uploads\/2025\/08\/visa-1024x332.png 1024w, https:\/\/www.trockeneis.shop\/wp-content\/uploads\/2025\/08\/visa-324x105.png 324w, https:\/\/www.trockeneis.shop\/wp-content\/uploads\/2025\/08\/visa-416x135.png 416w, https:\/\/www.trockeneis.shop\/wp-content\/uploads\/2025\/08\/visa-300x97.png 300w, https:\/\/www.trockeneis.shop\/wp-content\/uploads\/2025\/08\/visa-768x249.png 768w, https:\/\/www.trockeneis.shop\/wp-content\/uploads\/2025\/08\/visa-1536x498.png 1536w, https:\/\/www.trockeneis.shop\/wp-content\/uploads\/2025\/08\/visa.png 1920w\" sizes=\"auto, (max-width: 1024px) 100vw, 1024px\" \/><\/figure>\n<\/div><\/div>\n\n\n\n<div class=\"wp-block-column is-vertically-aligned-center is-layout-flow wp-block-column-is-layout-flow\"><div class=\"wp-block-image\">\n<figure class=\"aligncenter size-full is-resized\"><img loading=\"lazy\" decoding=\"async\" width=\"960\" height=\"746\" src=\"https:\/\/www.trockeneis.shop\/wp-content\/uploads\/2025\/08\/Mastercard-logo.svg_.png\" alt=\"Mastercard\" class=\"wp-image-2991\" style=\"aspect-ratio:1.425;object-fit:contain;width:63px;height:auto\" srcset=\"https:\/\/www.trockeneis.shop\/wp-content\/uploads\/2025\/08\/Mastercard-logo.svg_.png 960w, https:\/\/www.trockeneis.shop\/wp-content\/uploads\/2025\/08\/Mastercard-logo.svg_-324x252.png 324w, https:\/\/www.trockeneis.shop\/wp-content\/uploads\/2025\/08\/Mastercard-logo.svg_-416x323.png 416w, https:\/\/www.trockeneis.shop\/wp-content\/uploads\/2025\/08\/Mastercard-logo.svg_-300x233.png 300w, https:\/\/www.trockeneis.shop\/wp-content\/uploads\/2025\/08\/Mastercard-logo.svg_-768x597.png 768w\" sizes=\"auto, (max-width: 960px) 100vw, 960px\" \/><\/figure>\n<\/div><\/div>\n\n\n\n<div class=\"wp-block-column is-vertically-aligned-center is-layout-flow wp-block-column-is-layout-flow\"><div class=\"wp-block-image\">\n<figure class=\"aligncenter size-full is-resized\"><img loading=\"lazy\" decoding=\"async\" width=\"250\" height=\"250\" src=\"https:\/\/www.trockeneis.shop\/wp-content\/uploads\/2025\/08\/American_Express.png\" alt=\"American Express\" class=\"wp-image-3012\" style=\"aspect-ratio:1.4;object-fit:contain;width:64px;height:auto\" srcset=\"https:\/\/www.trockeneis.shop\/wp-content\/uploads\/2025\/08\/American_Express.png 250w, https:\/\/www.trockeneis.shop\/wp-content\/uploads\/2025\/08\/American_Express-100x100.png 100w, https:\/\/www.trockeneis.shop\/wp-content\/uploads\/2025\/08\/American_Express-150x150.png 150w\" sizes=\"auto, (max-width: 250px) 100vw, 250px\" \/><\/figure>\n<\/div><\/div>\n<\/div>\n\n\n\n<div class=\"wp-block-columns are-vertically-aligned-center is-layout-flex wp-container-core-columns-is-layout-28f84493 wp-block-columns-is-layout-flex\">\n<div class=\"wp-block-column is-vertically-aligned-center is-layout-flow wp-block-column-is-layout-flow\"><div class=\"wp-block-image\">\n<figure class=\"aligncenter size-full\"><img loading=\"lazy\" decoding=\"async\" width=\"1920\" height=\"728\" src=\"https:\/\/www.trockeneis.shop\/wp-content\/uploads\/2026\/01\/iDEAL_Wero.webp\" alt=\"iDEAL_Wero\" class=\"wp-image-5261\" srcset=\"https:\/\/www.trockeneis.shop\/wp-content\/uploads\/2026\/01\/iDEAL_Wero.webp 1920w, https:\/\/www.trockeneis.shop\/wp-content\/uploads\/2026\/01\/iDEAL_Wero-300x114.webp 300w, https:\/\/www.trockeneis.shop\/wp-content\/uploads\/2026\/01\/iDEAL_Wero-1024x388.webp 1024w, https:\/\/www.trockeneis.shop\/wp-content\/uploads\/2026\/01\/iDEAL_Wero-768x291.webp 768w, https:\/\/www.trockeneis.shop\/wp-content\/uploads\/2026\/01\/iDEAL_Wero-1536x582.webp 1536w, https:\/\/www.trockeneis.shop\/wp-content\/uploads\/2026\/01\/iDEAL_Wero-18x7.webp 18w, https:\/\/www.trockeneis.shop\/wp-content\/uploads\/2026\/01\/iDEAL_Wero-324x123.webp 324w, https:\/\/www.trockeneis.shop\/wp-content\/uploads\/2026\/01\/iDEAL_Wero-416x158.webp 416w\" sizes=\"auto, (max-width: 1920px) 100vw, 1920px\" \/><\/figure>\n<\/div><\/div>\n\n\n\n<div class=\"wp-block-column is-vertically-aligned-center is-layout-flow wp-block-column-is-layout-flow\"><div class=\"wp-block-image\">\n<figure class=\"aligncenter size-full is-resized\"><img loading=\"lazy\" decoding=\"async\" width=\"250\" height=\"163\" src=\"https:\/\/www.trockeneis.shop\/wp-content\/uploads\/2025\/08\/Eps-Ueberweisung.png\" alt=\"Eps-overdracht\" class=\"wp-image-2985\" style=\"aspect-ratio:1.5339009776095869;width:92px;height:auto\"\/><\/figure>\n<\/div><\/div>\n\n\n\n<div class=\"wp-block-column is-vertically-aligned-center is-layout-flow wp-block-column-is-layout-flow\"><div class=\"wp-block-image\">\n<figure class=\"aligncenter size-full is-resized\"><img loading=\"lazy\" decoding=\"async\" width=\"1517\" height=\"1136\" src=\"https:\/\/www.trockeneis.shop\/wp-content\/uploads\/2025\/08\/Bancontact.png\" alt=\"Bancontact\" class=\"wp-image-2987\" style=\"aspect-ratio:1.425;object-fit:contain;width:91px;height:auto\" srcset=\"https:\/\/www.trockeneis.shop\/wp-content\/uploads\/2025\/08\/Bancontact.png 1517w, https:\/\/www.trockeneis.shop\/wp-content\/uploads\/2025\/08\/Bancontact-324x243.png 324w, https:\/\/www.trockeneis.shop\/wp-content\/uploads\/2025\/08\/Bancontact-416x312.png 416w, https:\/\/www.trockeneis.shop\/wp-content\/uploads\/2025\/08\/Bancontact-300x225.png 300w, https:\/\/www.trockeneis.shop\/wp-content\/uploads\/2025\/08\/Bancontact-1024x767.png 1024w, https:\/\/www.trockeneis.shop\/wp-content\/uploads\/2025\/08\/Bancontact-768x575.png 768w\" sizes=\"auto, (max-width: 1517px) 100vw, 1517px\" \/><\/figure>\n<\/div><\/div>\n\n\n\n<div class=\"wp-block-column is-vertically-aligned-center is-layout-flow wp-block-column-is-layout-flow\"><div class=\"wp-block-image\">\n<figure class=\"aligncenter size-full is-resized\"><img loading=\"lazy\" decoding=\"async\" width=\"984\" height=\"679\" src=\"https:\/\/www.trockeneis.shop\/wp-content\/uploads\/2025\/02\/Rechnung_Geschaeftskunden.webp\" alt=\"Kauf auf Rechnung\" class=\"wp-image-4654\" style=\"aspect-ratio:1.4494099134539733;width:82px;height:auto\" srcset=\"https:\/\/www.trockeneis.shop\/wp-content\/uploads\/2025\/02\/Rechnung_Geschaeftskunden.webp 984w, https:\/\/www.trockeneis.shop\/wp-content\/uploads\/2025\/02\/Rechnung_Geschaeftskunden-300x207.webp 300w, https:\/\/www.trockeneis.shop\/wp-content\/uploads\/2025\/02\/Rechnung_Geschaeftskunden-768x530.webp 768w, https:\/\/www.trockeneis.shop\/wp-content\/uploads\/2025\/02\/Rechnung_Geschaeftskunden-18x12.webp 18w, https:\/\/www.trockeneis.shop\/wp-content\/uploads\/2025\/02\/Rechnung_Geschaeftskunden-324x224.webp 324w, https:\/\/www.trockeneis.shop\/wp-content\/uploads\/2025\/02\/Rechnung_Geschaeftskunden-416x287.webp 416w\" sizes=\"auto, (max-width: 984px) 100vw, 984px\" \/><\/figure>\n<\/div><\/div>\n<\/div>\n\n\n\n<p><\/p>\n\n\n\n<p><\/p>","protected":false},"excerpt":{"rendered":"<p>Deutschland: DPD Express Preise (inkl. MwSt.): DPD Express garantiert bis 18 Uhr: 7,90 \u20ac pro Paket DPD Express garantiert bis 12 Uhr: 19,50 \u20ac pro Paket DPD Express garantiert bis 8.30 Uhr: 47,00 \u20ac pro Paket Bei Bestell- und Zahlungseingang&nbsp;montags-donnerstags bis 10:00 Uhr, erh\u00e4ltst&nbsp;Du&nbsp;das Trockeneis-Paket&nbsp;am n\u00e4chsten Werktag bis sp\u00e4testens 18 Uhr. Nutze&nbsp;die DPD Paketverfolgung, damit [&hellip;]<\/p>\n","protected":false},"author":1,"featured_media":0,"parent":0,"menu_order":0,"comment_status":"closed","ping_status":"closed","template":"","meta":{"iawp_total_views":729,"footnotes":""},"class_list":["post-141","page","type-page","status-publish","hentry"],"_links":{"self":[{"href":"https:\/\/www.trockeneis.shop\/nl\/wp-json\/wp\/v2\/pages\/141","targetHints":{"allow":["GET"]}}],"collection":[{"href":"https:\/\/www.trockeneis.shop\/nl\/wp-json\/wp\/v2\/pages"}],"about":[{"href":"https:\/\/www.trockeneis.shop\/nl\/wp-json\/wp\/v2\/types\/page"}],"author":[{"embeddable":true,"href":"https:\/\/www.trockeneis.shop\/nl\/wp-json\/wp\/v2\/users\/1"}],"replies":[{"embeddable":true,"href":"https:\/\/www.trockeneis.shop\/nl\/wp-json\/wp\/v2\/comments?post=141"}],"version-history":[{"count":23,"href":"https:\/\/www.trockeneis.shop\/nl\/wp-json\/wp\/v2\/pages\/141\/revisions"}],"predecessor-version":[{"id":5264,"href":"https:\/\/www.trockeneis.shop\/nl\/wp-json\/wp\/v2\/pages\/141\/revisions\/5264"}],"wp:attachment":[{"href":"https:\/\/www.trockeneis.shop\/nl\/wp-json\/wp\/v2\/media?parent=141"}],"curies":[{"name":"wp","href":"https:\/\/api.w.org\/{rel}","templated":true}]}}