{"id":983,"date":"2026-04-22T17:07:34","date_gmt":"2026-04-22T15:07:34","guid":{"rendered":"http:\/\/trockeneis.shop.w021229e.kasserver.com\/?post_type=product&#038;p=983"},"modified":"2026-05-03T22:22:49","modified_gmt":"2026-05-03T20:22:49","slug":"15-trockeneis-kuehlakkus","status":"publish","type":"product","link":"https:\/\/www.trockeneis.shop\/fr\/product\/15-accumulateurs-de-glace-seche\/","title":{"rendered":"Poches de glace carbonique de 15 kg"},"content":{"rendered":"<h2>15 blocs r\u00e9frig\u00e9rants de glace carbonique fra\u00eechement produits dans une bo\u00eete isotherme en polystyr\u00e8ne de haute qualit\u00e9 \u2013 Parfait pour le transport r\u00e9frig\u00e9r\u00e9<\/h2>\n<ul>\n<li class=\" translation-block\">Une <strong>pile de refroidissement<\/strong> se compose d\u2019une pastille de <strong>1 kg<\/strong> de glace carbonique, emball\u00e9e dans un film perfor\u00e9.<\/li>\n<li>Dimensions d'un accumulateur de froid de 1 kg : 210 x 125 x 25 mm<\/li>\n<li class=\" translation-block\">15 accumulateurs de glace carbonique dans la bo\u00eete = <strong>15 kg de glace carbonique (-78 \u00b0C)<\/strong><\/li>\n<li>Inclus avec une bo\u00eete isotherme (dimensions : 45 x 36 x 34 cm)<\/li>\n<li>id\u00e9al pour l'exp\u00e9dition r\u00e9frig\u00e9r\u00e9e ou la r\u00e9frig\u00e9ration de boissons<\/li>\n<li>Les accumulateurs de froid \u00e0 glace carbonique durent plus longtemps que les nuggets ou les pellets de glace carbonique (sublimation plus lente en raison d'une surface plus compacte)<\/li>\n<li>Commande <strong>du lundi au jeudi jusqu'\u00e0 10h00<\/strong> und Du erh\u00e4ltst Dein Trockeneispaket am Folgetag<\/li>\n<li class=\" translation-block\">Vous pouvez \u00e9galement choisir votre <strong>date de livraison souhait\u00e9e<\/strong> lors du paiement<\/li>\n<li>\ud83c\udde9\ud83c\uddea Allemagne : Livraison le jour ouvrable suivant (Overnight-Express avec DPD)<\/li>\n<li>\ud83c\udde7\ud83c\uddea \ud83c\uddf3\ud83c\uddf1 \ud83c\uddf1\ud83c\uddfa \ud83c\udde9\ud83c\uddf0 Benelux et Danemark : livraison g\u00e9n\u00e9ralement le jour ouvrable suivant<\/li>\n<li>\ud83c\udde6\ud83c\uddf9 Autriche : livraison sous 2 jours ouvrables<\/li>\n<\/ul>\n<p>&nbsp;<\/p>\n<h2>Nos accumulateurs de refroidissement \u00e0 la glace carbonique sont la solution de refroidissement id\u00e9ale :<\/h2>\n<ul>\n<li>Gastronomie\/traiteur : r\u00e9frig\u00e9ration de boissons lors de festivals, de buffets et de viandes grill\u00e9es, pour le transport frigorifique ou pour la cuisine mol\u00e9culaire et le bar \u00e0 cocktails.<\/li>\n<li>Exp\u00e9dition de denr\u00e9es alimentaires : pour le maintien de la cha\u00eene du froid sur les longs trajets de transport, en particulier pour les denr\u00e9es p\u00e9rissables<\/li>\n<li>M\u00e9decine\/laboratoire : pour le refroidissement de produits pharmaceutiques pendant l'exp\u00e9dition ou pour le refroidissement rapide en laboratoire<\/li>\n<li>Technique d'organisation\/\u00e9v\u00e9nements : effets de brouillard au sol avec de la glace carbonique, Halloween<\/li>\n<\/ul>\n<p>&nbsp;<\/p>\n<h2>Quelle est la dur\u00e9e de conservation de la glace carbonique ?<\/h2>\n<p data-start=\"114\" data-end=\"346\">Nos nuggets de glace carbonique restent utilisables dans la bo\u00eete isotherme pendant plusieurs jours et pr\u00e9sentent une perte de poids relativement faible d\u2019environ 10\u201315 % par jour (selon la temp\u00e9rature ext\u00e9rieure).<\/p>\n<p data-start=\"348\" data-end=\"542\">Nos bo\u00eetes isothermes avec une \u00e9paisseur de paroi de 30\u201340 mm offrent une tr\u00e8s bonne isolation. Cependant, la glace carbonique se sublime lentement m\u00eame dans une bo\u00eete ferm\u00e9e \u2013 c\u2019est physiquement in\u00e9vitable.<\/p>\n<p class=\" translation-block\"><strong>Notre conseil :<\/strong> Ouvrez la bo\u00eete le moins souvent possible et utilisez la glace carbonique rapidement.<\/p>\n<p>&nbsp;<\/p>\n<h2>Exp\u00e9dition &amp; Livraison<\/h2>\n<h3>Allemagne : DPD Express<\/h3>\n<p>Pour toute commande et paiement du lundi au jeudi avant 10h00, vous recevrez votre colis de glace s\u00e8che le jour ouvrable suivant.<\/p>\n<p class=\" translation-block\"><strong>Conseil pour le week-end\u00a0:<\/strong> Commandez au plus tard jeudi \u00e0 10h00 si vous avez besoin de glace s\u00e8che le week-end.<br>\nPas de livraison le samedi.<\/p>\n<p>&nbsp;<\/p>\n<h3>\ud83c\uddf3\ud83c\uddf1 \ud83c\udde7\ud83c\uddea \ud83c\uddf1\ud83c\uddfa \ud83c\udde9\ud83c\uddf0 (UPS Standard)<\/h3>\n<p>Pour les commandes et paiements effectu\u00e9s du lundi au jeudi avant 10h00, vous recevrez votre colis de glace s\u00e8che g\u00e9n\u00e9ralement le jour ouvrable suivant.<\/p>\n<p class=\" translation-block\"><strong>Conseil pour le week-end\u00a0:<\/strong> Commandez au plus tard mercredi \u00e0 10h00 si vous avez besoin de glace s\u00e8che le week-end.<br>\nPas de livraison le samedi.<\/p>","protected":false},"excerpt":{"rendered":"<p><strong>15 blocs r\u00e9frig\u00e9rants de glace carbonique fra\u00eechement produits, dans une bo\u00eete isotherme en polystyr\u00e8ne de haute qualit\u00e9.<\/strong><\/p>\n<ul>\n<li style=\"list-style-type: none;\">\n<ul>\n<li class=\" translation-block\">Une <strong>pile de refroidissement<\/strong> se compose d\u2019une pastille de <strong>1 kg<\/strong> de glace carbonique, emball\u00e9e dans un film perfor\u00e9.<\/li>\n<li>Dimensions d'un accumulateur de froid de 1 kg : 210 x 125 x 25 mm<\/li>\n<li class=\" translation-block\">15 accumulateurs de glace carbonique dans la bo\u00eete = <strong>15 kg de glace carbonique (-78 \u00b0C)<\/strong><\/li>\n<li>Inclus avec une bo\u00eete isotherme (dimensions : 45 x 36 x 34 cm)<\/li>\n<li>id\u00e9al pour l'exp\u00e9dition r\u00e9frig\u00e9r\u00e9e ou la r\u00e9frig\u00e9ration de boissons<\/li>\n<li>Les accumulateurs de froid \u00e0 glace carbonique durent plus longtemps que les nuggets ou les pellets de glace carbonique (sublimation plus lente en raison d'une surface plus compacte)<\/li>\n<li>Commande <strong>du lundi au jeudi jusqu'\u00e0 10h00<\/strong> und Du erh\u00e4ltst Dein Trockeneispaket am Folgetag<\/li>\n<li class=\" translation-block\">Vous pouvez \u00e9galement choisir votre <strong>date de livraison souhait\u00e9e<\/strong> lors du paiement<\/li>\n<li>\ud83c\udde9\ud83c\uddea Allemagne : Livraison le jour ouvrable suivant (Overnight-Express avec DPD)<\/li>\n<li>\ud83c\udde7\ud83c\uddea \ud83c\uddf3\ud83c\uddf1 \ud83c\uddf1\ud83c\uddfa \ud83c\udde9\ud83c\uddf0 Benelux et Danemark : livraison g\u00e9n\u00e9ralement le jour ouvrable suivant<\/li>\n<li>\ud83c\udde6\ud83c\uddf9 Autriche : livraison sous 2 jours ouvrables<\/li>\n<\/ul>\n<\/li>\n<\/ul>\n<p><a href=\"https:\/\/www.trockeneis.shop\/zahlung-versand\/\">Prix TVA incluse, plus frais de port<\/a><\/p>","protected":false},"featured_media":4653,"comment_status":"open","ping_status":"closed","template":"","meta":{"iawp_total_views":256},"product_brand":[],"product_cat":[108,49],"product_tag":[19,142,143,144,147,109,148,110,151,111,171,172,139,140,141],"class_list":{"0":"post-983","1":"product","2":"type-product","3":"status-publish","4":"has-post-thumbnail","6":"product_cat-trockeneis-kuehlakkus","7":"product_cat-events-festivals-halloween","8":"product_tag-trockeneis","9":"product_tag-glace-seche","10":"product_tag-drechen-aeis","11":"product_tag-toris","12":"product_tag-kob-toris-levering-natten-over-til-danmark","13":"product_tag-kuehlakku","14":"product_tag-droogijs-kopen-nachtelijke-verzending-naar-nederland-en-belgie","15":"product_tag-kuehlversand","16":"product_tag-glace-carbonique-livraison-en-belgique","17":"product_tag-getraenkekuehlung","18":"product_tag-droogijs-amsterdam","19":"product_tag-droogijs-antwerpen","20":"product_tag-tiefkuehlversand","21":"product_tag-tk-versand","22":"product_tag-droogijs","23":"product_shipping_class-trockeneis","25":"first","26":"instock","27":"taxable","28":"shipping-taxable","29":"purchasable","30":"product-type-simple"},"_links":{"self":[{"href":"https:\/\/www.trockeneis.shop\/fr\/wp-json\/wp\/v2\/product\/983","targetHints":{"allow":["GET"]}}],"collection":[{"href":"https:\/\/www.trockeneis.shop\/fr\/wp-json\/wp\/v2\/product"}],"about":[{"href":"https:\/\/www.trockeneis.shop\/fr\/wp-json\/wp\/v2\/types\/product"}],"replies":[{"embeddable":true,"href":"https:\/\/www.trockeneis.shop\/fr\/wp-json\/wp\/v2\/comments?post=983"}],"wp:featuredmedia":[{"embeddable":true,"href":"https:\/\/www.trockeneis.shop\/fr\/wp-json\/wp\/v2\/media\/4653"}],"wp:attachment":[{"href":"https:\/\/www.trockeneis.shop\/fr\/wp-json\/wp\/v2\/media?parent=983"}],"wp:term":[{"taxonomy":"product_brand","embeddable":true,"href":"https:\/\/www.trockeneis.shop\/fr\/wp-json\/wp\/v2\/product_brand?post=983"},{"taxonomy":"product_cat","embeddable":true,"href":"https:\/\/www.trockeneis.shop\/fr\/wp-json\/wp\/v2\/product_cat?post=983"},{"taxonomy":"product_tag","embeddable":true,"href":"https:\/\/www.trockeneis.shop\/fr\/wp-json\/wp\/v2\/product_tag?post=983"}],"curies":[{"name":"wp","href":"https:\/\/api.w.org\/{rel}","templated":true}]}}