{"id":125,"date":"2026-04-22T16:42:06","date_gmt":"2026-04-22T14:42:06","guid":{"rendered":"http:\/\/wordpress-shop.trockeneis.shop\/?post_type=product&#038;p=125"},"modified":"2026-04-23T10:42:02","modified_gmt":"2026-04-23T08:42:02","slug":"30kg-trockeneis-pellets","status":"publish","type":"product","link":"https:\/\/www.trockeneis.shop\/fr\/product\/30kg-pellets-de-glace-seche\/","title":{"rendered":"30kg de pellets de glace carbonique"},"content":{"rendered":"<h2>30\u202fkg de pellets de glace carbonique \u2013 fra\u00eechement produits &amp; id\u00e9al pour le refroidissement et les effets<\/h2>\n<ul>\n<li>Fra\u00eechement produit \u2013 haute qualit\u00e9<\/li>\n<li>Inclus bo\u00eete isotherme (dimensions : 60 x 38 x 36 cm)<\/li>\n<li>3mm Diam\u00e8tre des pellets<\/li>\n<li>id\u00e9al pour le refroidissement ou les effets de brouillard<\/li>\n<li class=\" translation-block\">Commandez du lundi au jeudi avant 10h00 et vous recevez votre colis le lendemain<\/li>\n<li>Date de livraison souhait\u00e9e s\u00e9lectionnable lors du passage en caisse<\/li>\n<\/ul>\n<p>&nbsp;<\/p>\n<h2>Domaines d\u2019utilisation<\/h2>\n<ul>\n<li class=\" translation-block\"><strong>Restauration \/ catering :<\/strong> Refroidissement des boissons, buffets, viandes grill\u00e9es &amp; transport<\/li>\n<li class=\" translation-block\"><strong>Exp\u00e9dition alimentaire :<\/strong> Cha\u00eene du froid s\u00e9curis\u00e9e pour les produits p\u00e9rissables<\/li>\n<li class=\" translation-block\"><strong>M\u00e9decine \/ laboratoire :<\/strong> Refroidissement de produits sensibles &amp; applications de laboratoire<\/li>\n<li class=\" translation-block\"><strong>\u00c9v\u00e9nements :<\/strong> Effets de fum\u00e9e, spectacles &amp; Halloween<\/li>\n<li><strong>jet de glace carbonique<\/strong><\/li>\n<\/ul>\n<p>&nbsp;<\/p>\n<h2>Quelle est la dur\u00e9e de conservation de la glace carbonique ?<\/h2>\n<p>Nos nuggets de glace carbonique restent utilisables dans la bo\u00eete isotherme pendant plusieurs jours et pr\u00e9sentent une perte de poids relativement faible d\u2019environ 15-17 % par jour (selon la temp\u00e9rature ext\u00e9rieure).<\/p>\n<p>Nos bo\u00eetes isothermes avec une \u00e9paisseur de paroi de 30\u201340 mm offrent une tr\u00e8s bonne isolation. Cependant, la glace carbonique se sublime lentement m\u00eame dans une bo\u00eete ferm\u00e9e \u2013 c\u2019est physiquement in\u00e9vitable.<\/p>\n<p class=\" translation-block\"><strong>Remarque :<\/strong> Choisissez nos nuggets ou accumulateurs de froid si vous avez besoin d\u2019une dur\u00e9e de conservation plus longue et d\u2019une s\u00e9curit\u00e9 maximale pour des temps de transport prolong\u00e9s.<\/p>\n<p class=\" translation-block\"><strong>Notre conseil :<\/strong> Ouvrez la bo\u00eete le moins souvent possible et utilisez la glace carbonique rapidement.<\/p>\n<p>&nbsp;<\/p>\n<h2>Exp\u00e9dition &amp; Livraison<\/h2>\n<h3>Allemagne : DPD Express<\/h3>\n<p>Pour toute commande et paiement du lundi au jeudi avant 10h00, vous recevrez votre colis de glace s\u00e8che le jour ouvrable suivant.<\/p>\n<p class=\" translation-block\"><strong>Conseil pour le week-end\u00a0:<\/strong> Commandez au plus tard jeudi \u00e0 10h00 si vous avez besoin de glace s\u00e8che le week-end.<br>\nPas de livraison le samedi.<\/p>\n<p>&nbsp;<\/p>\n<h3>\ud83c\uddf3\ud83c\uddf1 \ud83c\udde7\ud83c\uddea \ud83c\uddf1\ud83c\uddfa \ud83c\udde9\ud83c\uddf0 (UPS Standard)<\/h3>\n<p>Pour les commandes et paiements effectu\u00e9s du lundi au jeudi avant 10h00, vous recevrez votre colis de glace s\u00e8che g\u00e9n\u00e9ralement le jour ouvrable suivant.<\/p>\n<p class=\" translation-block\"><strong>Conseil pour le week-end\u00a0:<\/strong> Commandez au plus tard mercredi \u00e0 10h00 si vous avez besoin de glace s\u00e8che le week-end.<br>\nPas de livraison le samedi.<\/p>","protected":false},"excerpt":{"rendered":"<p><strong>Pellets de glace carbonique fra\u00eechement produits dans une bo\u00eete thermique en polystyr\u00e8ne de haute qualit\u00e9<\/strong><\/p>\n<ul>\n<li style=\"list-style-type: none;\">\n<ul>\n<li style=\"list-style-type: none;\">\n<ul>\n<li>Bonne qualit\u00e9 \u2013 fra\u00eechement produit<\/li>\n<li>Inclus bo\u00eete isotherme (dimensions : 60 x 38 x 36 cm)<\/li>\n<li>3mm Diam\u00e8tre des pellets<\/li>\n<li>Id\u00e9al pour le refroidissement ou les effets de fum\u00e9e<\/li>\n<li class=\" translation-block\"><strong class=\"Yjhzub\">\u2744\ufe0f Service Plus :<\/strong> Nous ajoutons toujours un peu plus de glace carbonique dans la bo\u00eete isotherme pour compenser la perte naturelle pendant le transport.<\/li>\n<li>Commande <strong>du lundi au jeudi jusqu'\u00e0 10h00<\/strong> und Du erh\u00e4ltst Dein Trockeneispaket am Folgetag<\/li>\n<li class=\" translation-block\">Vous pouvez \u00e9galement choisir votre <strong>date de livraison souhait\u00e9e<\/strong> lors du paiement<\/li>\n<li>\ud83c\udde9\ud83c\uddea Allemagne : Livraison le jour ouvrable suivant (Overnight-Express avec DPD)<\/li>\n<\/ul>\n<\/li>\n<\/ul>\n<\/li>\n<\/ul>\n<p><a href=\"https:\/\/www.trockeneis.shop\/zahlung-versand\/\">Prix TVA incluse, plus frais de port<\/a><\/p>","protected":false},"featured_media":5519,"comment_status":"open","ping_status":"closed","template":"","meta":{"iawp_total_views":637},"product_brand":[],"product_cat":[49,50],"product_tag":[18,19,118,129],"class_list":{"0":"post-125","1":"product","2":"type-product","3":"status-publish","4":"has-post-thumbnail","6":"product_cat-events-festivals-halloween","7":"product_cat-pellets-3mm-trockeneisstrahlen","8":"product_tag-pellets","9":"product_tag-trockeneis","10":"product_tag-trockeneisstrahlen","11":"product_tag-trockeneis-kaufen","13":"first","14":"instock","15":"taxable","16":"shipping-taxable","17":"purchasable","18":"product-type-simple"},"_links":{"self":[{"href":"https:\/\/www.trockeneis.shop\/fr\/wp-json\/wp\/v2\/product\/125","targetHints":{"allow":["GET"]}}],"collection":[{"href":"https:\/\/www.trockeneis.shop\/fr\/wp-json\/wp\/v2\/product"}],"about":[{"href":"https:\/\/www.trockeneis.shop\/fr\/wp-json\/wp\/v2\/types\/product"}],"replies":[{"embeddable":true,"href":"https:\/\/www.trockeneis.shop\/fr\/wp-json\/wp\/v2\/comments?post=125"}],"wp:featuredmedia":[{"embeddable":true,"href":"https:\/\/www.trockeneis.shop\/fr\/wp-json\/wp\/v2\/media\/5519"}],"wp:attachment":[{"href":"https:\/\/www.trockeneis.shop\/fr\/wp-json\/wp\/v2\/media?parent=125"}],"wp:term":[{"taxonomy":"product_brand","embeddable":true,"href":"https:\/\/www.trockeneis.shop\/fr\/wp-json\/wp\/v2\/product_brand?post=125"},{"taxonomy":"product_cat","embeddable":true,"href":"https:\/\/www.trockeneis.shop\/fr\/wp-json\/wp\/v2\/product_cat?post=125"},{"taxonomy":"product_tag","embeddable":true,"href":"https:\/\/www.trockeneis.shop\/fr\/wp-json\/wp\/v2\/product_tag?post=125"}],"curies":[{"name":"wp","href":"https:\/\/api.w.org\/{rel}","templated":true}]}}