{"id":7,"date":"2024-01-04T14:54:49","date_gmt":"2024-01-04T14:54:49","guid":{"rendered":"http:\/\/wordpress-shop.trockeneis.shop\/cart\/"},"modified":"2026-03-31T17:56:58","modified_gmt":"2026-03-31T16:56:58","slug":"cart","status":"publish","type":"page","link":"https:\/\/www.trockeneis.shop\/fr\/cart\/","title":{"rendered":"Panier d'achat"},"content":{"rendered":"<p class=\"has-text-align-center has-white-color has-vivid-cyan-blue-background-color has-text-color has-background has-link-color wp-elements-d9fc462c056de00e7fdfd003946287ca\" style=\"font-size:20px\">Commande <mark style=\"background-color:rgba(0, 0, 0, 0)\" class=\"has-inline-color has-luminous-vivid-amber-color\"><strong>Lu-Je au plus tard \u00e0 10h<\/strong><\/mark>, La livraison le jour ouvrable suivant n'est possible que dans ce cas ! Choisis une date souhait\u00e9e \u00e0 la caisse<\/p>\n\n\n\n<p class=\"has-text-align-center has-white-color has-vivid-cyan-blue-background-color has-text-color has-background has-link-color wp-elements-e840ed4c6d635944fc8c68e997174a98\" style=\"font-size:20px\">Paye tout simplement par carte de cr\u00e9dit et profite de&nbsp;<strong>1 % Remise imm\u00e9diate<\/strong>!<\/p>\n\n\n\n<p><\/p>\n\n\n\n<div data-block-name=\"woocommerce\/cart\" class=\"wp-block-woocommerce-cart alignwide is-loading\">\n<div data-block-name=\"woocommerce\/filled-cart-block\" class=\"wp-block-woocommerce-filled-cart-block\">\n<div data-block-name=\"woocommerce\/cart-items-block\" class=\"wp-block-woocommerce-cart-items-block\">\n<div data-block-name=\"woocommerce\/cart-line-items-block\" class=\"wp-block-woocommerce-cart-line-items-block\"><\/div>\n\n\n\n<div data-block-name=\"woocommerce\/cart-cross-sells-block\" class=\"wp-block-woocommerce-cart-cross-sells-block\">\n<h2 class=\"wp-block-heading has-large-font-size\">Cela pourrait aussi t'int\u00e9resser...<\/h2>\n\n\n\n<div data-block-name=\"woocommerce\/cart-cross-sells-products-block\" class=\"wp-block-woocommerce-cart-cross-sells-products-block\"><\/div>\n<\/div>\n<\/div>\n\n\n\n<div data-block-name=\"woocommerce\/cart-totals-block\" class=\"wp-block-woocommerce-cart-totals-block\"><div data-block-name=\"woocommerce-germanized\/cart-summary-item\" class=\"wp-block-woocommerce-germanized-cart-summary-item\"><\/div>\n<div data-block-name=\"woocommerce\/cart-order-summary-block\" class=\"wp-block-woocommerce-cart-order-summary-block\">\n<div data-block-name=\"woocommerce\/cart-order-summary-heading-block\" data-content=\"Warenkorb-Summe\" class=\"wp-block-woocommerce-cart-order-summary-heading-block\"><\/div>\n\n\n\n<div data-block-name=\"woocommerce\/cart-order-summary-coupon-form-block\" class=\"wp-block-woocommerce-cart-order-summary-coupon-form-block\"><\/div>\n\n\n\n<div data-block-name=\"woocommerce\/cart-order-summary-totals-block\" class=\"wp-block-woocommerce-cart-order-summary-totals-block\">\n<div data-block-name=\"woocommerce\/cart-order-summary-subtotal-block\" class=\"wp-block-woocommerce-cart-order-summary-subtotal-block\"><\/div>\n\n\n\n<div data-block-name=\"woocommerce\/cart-order-summary-fee-block\" class=\"wp-block-woocommerce-cart-order-summary-fee-block\"><\/div>\n\n\n\n<div data-block-name=\"woocommerce\/cart-order-summary-discount-block\" class=\"wp-block-woocommerce-cart-order-summary-discount-block\"><\/div>\n\n\n\n<div data-block-name=\"woocommerce\/cart-order-summary-shipping-block\" class=\"wp-block-woocommerce-cart-order-summary-shipping-block\"><\/div>\n\n\n\n<div data-block-name=\"woocommerce\/cart-order-summary-taxes-block\" class=\"wp-block-woocommerce-cart-order-summary-taxes-block\"><\/div>\n<\/div>\n<\/div>\n\n\n<div data-lock=\"{&quot;remove&quot;:true}\" data-ppcp-id=\"ppcp-90d89871-d477-448c-a333-2a70e7a6c7cb\" data-block-name=\"woocommerce-paypal-payments\/cart-paylater-messages\" data-pp-placement=\"cart\" data-pp-style-layout=\"text\" data-pp-style-logo-position=\"left\" data-pp-style-logo-type=\"inline\" data-pp-style-text-color=\"black\" data-pp-style-text-size=\"12\" id=\"ppcp-90d89871-d477-448c-a333-2a70e7a6c7cb\" class=\"ppcp-messages\" data-partner-attribution-id=\"Woo_PPCP\"><\/div>\n\n\n<div data-block-name=\"woocommerce\/cart-express-payment-block\" data-button-border-radius=\"4\" data-button-height=\"48\" data-show-button-styles=\"false\" data-trp-content-restriction=\"{&quot;restriction_type&quot;:&quot;include&quot;,&quot;selected_languages&quot;:[],&quot;panel_open&quot;:true}\" class=\"wp-block-woocommerce-cart-express-payment-block\"><\/div>\n\n\n\n<div data-block-name=\"woocommerce\/proceed-to-checkout-block\" data-button-label=\"Zur Kasse und Wunschtermin w\u00e4hlen\" class=\"wp-block-woocommerce-proceed-to-checkout-block\"><\/div>\n\n\n\n<div data-block-name=\"woocommerce\/cart-accepted-payment-methods-block\" class=\"wp-block-woocommerce-cart-accepted-payment-methods-block\"><\/div>\n<\/div>\n<\/div>\n\n\n\n<div data-block-name=\"woocommerce\/empty-cart-block\" class=\"wp-block-woocommerce-empty-cart-block\">\n<h2 class=\"wp-block-heading has-text-align-center with-empty-cart-icon wc-block-cart__empty-cart__title\">Votre panier est actuellement vide !<\/h2>\n\n\n\n<hr class=\"wp-block-separator has-alpha-channel-opacity is-style-dots\"\/>\n\n\n\n<h2 class=\"wp-block-heading has-text-align-center\">Nouveau en magasin<\/h2>\n\n\n<div data-block-name=\"woocommerce\/product-new\" data-columns=\"4\" data-rows=\"1\" class=\"wc-block-grid wp-block-product-new wp-block-woocommerce-product-new wc-block-product-new has-4-columns\"><ul class=\"wc-block-grid__products\"><li class=\"wc-block-grid__product\">\n\t\t\t\t<a href=\"https:\/\/www.trockeneis.shop\/fr\/product\/machine-a-jet-de-glace-seche-pelletblaster-compact\/\" class=\"wc-block-grid__product-link\">\n\t\t\t\t\t\n\t\t\t\t\t<div class=\"wc-block-grid__product-image\"><img loading=\"lazy\" decoding=\"async\" width=\"324\" height=\"229\" src=\"https:\/\/www.trockeneis.shop\/wp-content\/uploads\/2026\/02\/trockeneisstrahlgeraet-pelletblaster-terlatec-1-324x229.webp\" class=\"attachment-woocommerce_thumbnail size-woocommerce_thumbnail\" alt=\"Mobiles Trockeneisstrahlger&auml;t &ndash; Dry Ice Blasting Machine \/ Appareil &agrave; jet de glace carbonique \/ Sabbiatrici a ghiaccio secco \/ M&aacute;quina de Proyecci&oacute;n de Hielo Seco &ndash; Effektive und umweltfreundliche Oberfl&auml;chenreinigung f&uuml;r Pharma-, Medizintechnik- und Kunststoffindustrie - TERLATEC PelletBlaster\" srcset=\"https:\/\/www.trockeneis.shop\/wp-content\/uploads\/2026\/02\/trockeneisstrahlgeraet-pelletblaster-terlatec-1-324x229.webp 324w, https:\/\/www.trockeneis.shop\/wp-content\/uploads\/2026\/02\/trockeneisstrahlgeraet-pelletblaster-terlatec-1-300x212.webp 300w, https:\/\/www.trockeneis.shop\/wp-content\/uploads\/2026\/02\/trockeneisstrahlgeraet-pelletblaster-terlatec-1-1024x724.webp 1024w, https:\/\/www.trockeneis.shop\/wp-content\/uploads\/2026\/02\/trockeneisstrahlgeraet-pelletblaster-terlatec-1-768x543.webp 768w, https:\/\/www.trockeneis.shop\/wp-content\/uploads\/2026\/02\/trockeneisstrahlgeraet-pelletblaster-terlatec-1-18x12.webp 18w, https:\/\/www.trockeneis.shop\/wp-content\/uploads\/2026\/02\/trockeneisstrahlgeraet-pelletblaster-terlatec-1-416x294.webp 416w, https:\/\/www.trockeneis.shop\/wp-content\/uploads\/2026\/02\/trockeneisstrahlgeraet-pelletblaster-terlatec-1.webp 1528w\" sizes=\"auto, (max-width: 324px) 100vw, 324px\"><\/div>\n\t\t\t\t\t<div class=\"wc-block-grid__product-title\">Appareil \u00e0 jet de glace carbonique TERLATEC PelletBlaster compact<\/div>\n\t\t\t\t<\/a>\n\t\t\t\t<div class=\"wc-block-grid__product-price price\"><span class=\"woocommerce-Price-amount amount\">1,00&nbsp;<span class=\"woocommerce-Price-currencySymbol\">\u20ac<\/span><\/span><\/div><p class=\"wc-gzd-additional-info wc-gzd-additional-info-loop tax-info\">incl. VAT<\/p><p class=\"wc-gzd-additional-info delivery-time-info wc-gzd-additional-info-loop\"><span class=\"delivery-time-inner delivery-time-4-6-wochen\">D\u00e9lai de livraison : <span class=\"delivery-time-data\">4-6 semaines<\/span><\/span><\/p>\n\t\t\t\t<div class=\"wc-block-grid__product-rating\"><div class=\"star-rating\" role=\"img\" aria-label=\"Rated 5.00 out of 5\" data-no-translation-aria-label=\"\"><span style=\"width:100%\" data-no-translation=\"\" data-trp-gettext=\"\">Not&eacute; <strong class=\"rating\">5.00<\/strong> sur 5 en fonction de l&#8217;&eacute;valuation des clients <span class=\"rating\">1<\/span><\/span><\/div><\/div>\n\t\t\t\t<div class=\"wp-block-button wc-block-grid__product-add-to-cart\"><a href=\"\/fr\/wp-json\/wp\/v2\/pages\/7?add-to-cart=1598\" aria-label=\"Ajouter au panier : \u201cTrockeneisstrahlger\u00e4t TERLATEC PelletBlaster compact\u201d\" data-quantity=\"1\" data-product_id=\"1598\" data-product_sku=\"\" data-price=\"1\" rel=\"nofollow\" class=\"wp-block-button__link  add_to_cart_button ajax_add_to_cart\" data-no-translation=\"\" data-trp-gettext=\"\" data-no-translation-aria-label=\"\">Ajouter au panier<\/a><\/div>\n\t\t\t<\/li>\n<li class=\"wc-block-grid__product\">\n\t\t\t\t<a href=\"https:\/\/www.trockeneis.shop\/fr\/product\/30-accumulateurs-de-glace-seche\/\" class=\"wc-block-grid__product-link\">\n\t\t\t\t\t\n\t\t\t\t\t<div class=\"wc-block-grid__product-image\"><img loading=\"lazy\" decoding=\"async\" width=\"324\" height=\"216\" src=\"https:\/\/www.trockeneis.shop\/wp-content\/uploads\/2025\/02\/Trockeneis-Kuehlakkus_2-324x216.webp\" class=\"attachment-woocommerce_thumbnail size-woocommerce_thumbnail\" alt=\"Glace carbonique - Droogijs koelelementen - Dryice - Glace carbonique - T\u00f8ris\" srcset=\"https:\/\/www.trockeneis.shop\/wp-content\/uploads\/2025\/02\/Trockeneis-Kuehlakkus_2-324x216.webp 324w, https:\/\/www.trockeneis.shop\/wp-content\/uploads\/2025\/02\/Trockeneis-Kuehlakkus_2-300x200.webp 300w, https:\/\/www.trockeneis.shop\/wp-content\/uploads\/2025\/02\/Trockeneis-Kuehlakkus_2-768x511.webp 768w, https:\/\/www.trockeneis.shop\/wp-content\/uploads\/2025\/02\/Trockeneis-Kuehlakkus_2-18x12.webp 18w, https:\/\/www.trockeneis.shop\/wp-content\/uploads\/2025\/02\/Trockeneis-Kuehlakkus_2-416x277.webp 416w, https:\/\/www.trockeneis.shop\/wp-content\/uploads\/2025\/02\/Trockeneis-Kuehlakkus_2.webp 1000w\" sizes=\"auto, (max-width: 324px) 100vw, 324px\"><\/div>\n\t\t\t\t\t<div class=\"wc-block-grid__product-title\">30 kg de packs de glace carbonique<\/div>\n\t\t\t\t<\/a>\n\t\t\t\t<div class=\"wc-block-grid__product-price price\"><span class=\"woocommerce-Price-amount amount\">59,90&nbsp;<span class=\"woocommerce-Price-currencySymbol\">\u20ac<\/span><\/span><\/div><p class=\"price price-unit smaller wc-gzd-additional-info wc-gzd-additional-info-loop\"><span class=\"woocommerce-Price-amount amount\">2,00&nbsp;<span class=\"woocommerce-Price-currencySymbol\">\u20ac<\/span><\/span> \/  <span class=\"unit\">kg<\/span><\/p><p class=\"wc-gzd-additional-info wc-gzd-additional-info-loop tax-info\">incl. VAT<\/p>\n\t\t\t\t<div class=\"wc-block-grid__product-rating\"><div class=\"star-rating\" role=\"img\" aria-label=\"Rated 5.00 out of 5\" data-no-translation-aria-label=\"\"><span style=\"width:100%\" data-no-translation=\"\" data-trp-gettext=\"\">Not&eacute; <strong class=\"rating\">5.00<\/strong> sur 5 sur la base de <span class=\"rating\">5<\/span> &eacute;valuations des clients<\/span><\/div><\/div>\n\t\t\t\t<div class=\"wp-block-button wc-block-grid__product-add-to-cart\"><a href=\"\/fr\/wp-json\/wp\/v2\/pages\/7?add-to-cart=1000\" aria-label=\"Ajouter au panier : \u201c30kg Trockeneis K\u00fchlakkus\u201d\" data-quantity=\"1\" data-product_id=\"1000\" data-product_sku=\"\" data-price=\"59.9\" rel=\"nofollow\" class=\"wp-block-button__link  add_to_cart_button ajax_add_to_cart\" data-no-translation=\"\" data-trp-gettext=\"\" data-no-translation-aria-label=\"\">Ajouter au panier<\/a><\/div>\n\t\t\t<\/li>\n<li class=\"wc-block-grid__product\">\n\t\t\t\t<a href=\"https:\/\/www.trockeneis.shop\/fr\/product\/15-accumulateurs-de-glace-seche\/\" class=\"wc-block-grid__product-link\">\n\t\t\t\t\t\n\t\t\t\t\t<div class=\"wc-block-grid__product-image\"><img loading=\"lazy\" decoding=\"async\" width=\"324\" height=\"216\" src=\"https:\/\/www.trockeneis.shop\/wp-content\/uploads\/2025\/02\/Trockeneis-Kuehlakkus_2-324x216.webp\" class=\"attachment-woocommerce_thumbnail size-woocommerce_thumbnail\" alt=\"Glace carbonique - Droogijs koelelementen - Dryice - Glace carbonique - T\u00f8ris\" srcset=\"https:\/\/www.trockeneis.shop\/wp-content\/uploads\/2025\/02\/Trockeneis-Kuehlakkus_2-324x216.webp 324w, https:\/\/www.trockeneis.shop\/wp-content\/uploads\/2025\/02\/Trockeneis-Kuehlakkus_2-300x200.webp 300w, https:\/\/www.trockeneis.shop\/wp-content\/uploads\/2025\/02\/Trockeneis-Kuehlakkus_2-768x511.webp 768w, https:\/\/www.trockeneis.shop\/wp-content\/uploads\/2025\/02\/Trockeneis-Kuehlakkus_2-18x12.webp 18w, https:\/\/www.trockeneis.shop\/wp-content\/uploads\/2025\/02\/Trockeneis-Kuehlakkus_2-416x277.webp 416w, https:\/\/www.trockeneis.shop\/wp-content\/uploads\/2025\/02\/Trockeneis-Kuehlakkus_2.webp 1000w\" sizes=\"auto, (max-width: 324px) 100vw, 324px\"><\/div>\n\t\t\t\t\t<div class=\"wc-block-grid__product-title\">Poches de glace carbonique de 15 kg<\/div>\n\t\t\t\t<\/a>\n\t\t\t\t<div class=\"wc-block-grid__product-price price\"><span class=\"woocommerce-Price-amount amount\">44,90&nbsp;<span class=\"woocommerce-Price-currencySymbol\">\u20ac<\/span><\/span><\/div><p class=\"price price-unit smaller wc-gzd-additional-info wc-gzd-additional-info-loop\"><span class=\"woocommerce-Price-amount amount\">2,99&nbsp;<span class=\"woocommerce-Price-currencySymbol\">\u20ac<\/span><\/span> \/  <span class=\"unit\">kg<\/span><\/p><p class=\"wc-gzd-additional-info wc-gzd-additional-info-loop tax-info\">incl. VAT<\/p>\n\t\t\t\t<div class=\"wc-block-grid__product-rating\"><div class=\"star-rating\" role=\"img\" aria-label=\"Rated 5.00 out of 5\" data-no-translation-aria-label=\"\"><span style=\"width:100%\" data-no-translation=\"\" data-trp-gettext=\"\">Not&eacute; <strong class=\"rating\">5.00<\/strong> sur 5 sur la base de <span class=\"rating\">3<\/span> &eacute;valuations des clients<\/span><\/div><\/div>\n\t\t\t\t<div class=\"wp-block-button wc-block-grid__product-add-to-cart\"><a href=\"\/fr\/wp-json\/wp\/v2\/pages\/7?add-to-cart=983\" aria-label=\"Ajouter au panier : \u201c15kg Trockeneis K\u00fchlakkus\u201d\" data-quantity=\"1\" data-product_id=\"983\" data-product_sku=\"\" data-price=\"44.9\" rel=\"nofollow\" class=\"wp-block-button__link  add_to_cart_button ajax_add_to_cart\" data-no-translation=\"\" data-trp-gettext=\"\" data-no-translation-aria-label=\"\">Ajouter au panier<\/a><\/div>\n\t\t\t<\/li>\n<li class=\"wc-block-grid__product\">\n\t\t\t\t<a href=\"https:\/\/www.trockeneis.shop\/fr\/product\/5-accumulateurs-de-glace-seche\/\" class=\"wc-block-grid__product-link\">\n\t\t\t\t\t\n\t\t\t\t\t<div class=\"wc-block-grid__product-image\"><img loading=\"lazy\" decoding=\"async\" width=\"324\" height=\"216\" src=\"https:\/\/www.trockeneis.shop\/wp-content\/uploads\/2025\/02\/Trockeneis-Kuehlakkus_2-324x216.webp\" class=\"attachment-woocommerce_thumbnail size-woocommerce_thumbnail\" alt=\"Glace carbonique - Droogijs koelelementen - Dryice - Glace carbonique - T\u00f8ris\" srcset=\"https:\/\/www.trockeneis.shop\/wp-content\/uploads\/2025\/02\/Trockeneis-Kuehlakkus_2-324x216.webp 324w, https:\/\/www.trockeneis.shop\/wp-content\/uploads\/2025\/02\/Trockeneis-Kuehlakkus_2-300x200.webp 300w, https:\/\/www.trockeneis.shop\/wp-content\/uploads\/2025\/02\/Trockeneis-Kuehlakkus_2-768x511.webp 768w, https:\/\/www.trockeneis.shop\/wp-content\/uploads\/2025\/02\/Trockeneis-Kuehlakkus_2-18x12.webp 18w, https:\/\/www.trockeneis.shop\/wp-content\/uploads\/2025\/02\/Trockeneis-Kuehlakkus_2-416x277.webp 416w, https:\/\/www.trockeneis.shop\/wp-content\/uploads\/2025\/02\/Trockeneis-Kuehlakkus_2.webp 1000w\" sizes=\"auto, (max-width: 324px) 100vw, 324px\"><\/div>\n\t\t\t\t\t<div class=\"wc-block-grid__product-title\">Poches de glace carbonique de 5 kg<\/div>\n\t\t\t\t<\/a>\n\t\t\t\t<div class=\"wc-block-grid__product-price price\"><span class=\"woocommerce-Price-amount amount\">26,90&nbsp;<span class=\"woocommerce-Price-currencySymbol\">\u20ac<\/span><\/span><\/div><p class=\"price price-unit smaller wc-gzd-additional-info wc-gzd-additional-info-loop\"><span class=\"woocommerce-Price-amount amount\">5,38&nbsp;<span class=\"woocommerce-Price-currencySymbol\">\u20ac<\/span><\/span> \/  <span class=\"unit\">kg<\/span><\/p><p class=\"wc-gzd-additional-info wc-gzd-additional-info-loop tax-info\">incl. VAT<\/p>\n\t\t\t\t<div class=\"wc-block-grid__product-rating\"><div class=\"star-rating\" role=\"img\" aria-label=\"Rated 5.00 out of 5\" data-no-translation-aria-label=\"\"><span style=\"width:100%\" data-no-translation=\"\" data-trp-gettext=\"\">Not&eacute; <strong class=\"rating\">5.00<\/strong> sur 5 sur la base de <span class=\"rating\">2<\/span> &eacute;valuations des clients<\/span><\/div><\/div>\n\t\t\t\t<div class=\"wp-block-button wc-block-grid__product-add-to-cart\"><a href=\"\/fr\/wp-json\/wp\/v2\/pages\/7?add-to-cart=1196\" aria-label=\"Ajouter au panier : \u201c5kg Trockeneis K\u00fchlakkus\u201d\" data-quantity=\"1\" data-product_id=\"1196\" data-product_sku=\"\" data-price=\"26.9\" rel=\"nofollow\" class=\"wp-block-button__link  add_to_cart_button ajax_add_to_cart\" data-no-translation=\"\" data-trp-gettext=\"\" data-no-translation-aria-label=\"\">Ajouter au panier<\/a><\/div>\n\t\t\t<\/li>\n<\/ul><\/div><\/div>\n<\/div>","protected":false},"excerpt":{"rendered":"<p>Bestelle Mo-Do bis sp\u00e4testens 10 Uhr, nur dann ist eine Lieferung zum n\u00e4chsten Werktag m\u00f6glich! W\u00e4hle einen Wunschtermin an der Kasse Zahl ganz einfach mit Kreditkarte und freu dich \u00fcber&nbsp;1 % Sofortrabatt!<\/p>","protected":false},"author":1,"featured_media":0,"parent":0,"menu_order":0,"comment_status":"closed","ping_status":"closed","template":"","meta":{"iawp_total_views":9035,"footnotes":""},"class_list":["post-7","page","type-page","status-publish","hentry"],"_links":{"self":[{"href":"https:\/\/www.trockeneis.shop\/fr\/wp-json\/wp\/v2\/pages\/7","targetHints":{"allow":["GET"]}}],"collection":[{"href":"https:\/\/www.trockeneis.shop\/fr\/wp-json\/wp\/v2\/pages"}],"about":[{"href":"https:\/\/www.trockeneis.shop\/fr\/wp-json\/wp\/v2\/types\/page"}],"author":[{"embeddable":true,"href":"https:\/\/www.trockeneis.shop\/fr\/wp-json\/wp\/v2\/users\/1"}],"replies":[{"embeddable":true,"href":"https:\/\/www.trockeneis.shop\/fr\/wp-json\/wp\/v2\/comments?post=7"}],"version-history":[{"count":31,"href":"https:\/\/www.trockeneis.shop\/fr\/wp-json\/wp\/v2\/pages\/7\/revisions"}],"predecessor-version":[{"id":4978,"href":"https:\/\/www.trockeneis.shop\/fr\/wp-json\/wp\/v2\/pages\/7\/revisions\/4978"}],"wp:attachment":[{"href":"https:\/\/www.trockeneis.shop\/fr\/wp-json\/wp\/v2\/media?parent=7"}],"curies":[{"name":"wp","href":"https:\/\/api.w.org\/{rel}","templated":true}]}}