{"id":27,"date":"2024-01-08T16:01:47","date_gmt":"2024-01-08T15:01:47","guid":{"rendered":"http:\/\/wordpress-shop.trockeneis.shop\/?page_id=27"},"modified":"2025-09-14T14:27:23","modified_gmt":"2025-09-14T12:27:23","slug":"agb","status":"publish","type":"page","link":"https:\/\/www.trockeneis.shop\/fr\/agb\/","title":{"rendered":"CONDITIONS G\u00c9N\u00c9RALES DE VENTE"},"content":{"rendered":"<p><strong>Conditions g\u00e9n\u00e9rales de vente<\/strong><br><strong>\u00a7 1 Angebot und Vertragsabschluss<\/strong><\/p>\n\n\n\n<p>Die vom Besteller verschickte Bestellung ist ein bindendes Angebot. Wir k\u00f6nnen dieses Angebot innerhalb von zwei Wochen durch Zusendung einer Auftragsbest\u00e4tigung annehmen oder innerhalb dieser Frist die bestellte Ware zusenden.<\/p>\n\n\n\n<p>Angegebene Mengenangaben verstehen sich stets zum Zeitpunkt des Versands. Trockeneis ist ein fl\u00fcchtiges Medium, d.h. es sublimiert bei Umgebungsdruck. Die gelieferte Menge an Trockeneis kann daher je nach Transportdauer und Temperatur variieren. Beispiel: Eine 10 kg Trockeneis-Thermobox verliert in 24 h ca. 2-3 kg Gewicht. Wir bef\u00fcllen die Thermoboxen aus diesem Grunde bereits vom Werk aus mit einer gr\u00f6\u00dferen Menge Trockeneis und garantieren, dass beim Verlassen des Werkes die F\u00fcllmengen gem. unserer geeichten Waage wenigstens der Artikelbeschriebung entsprechen.<\/p>\n\n\n\n<p><strong>\u00a7 2 \u00dcberlassene Unterlagen<\/strong><\/p>\n\n\n\n<p>An allen im Zusammenhang mit der Auftragserteilung dem Besteller \u00fcberlassenen Unterla\u00adgen, wie z.B. Kalkulationen, Zeichnungen etc., behalten wir uns das Eigentums- und Urhe\u00adberrecht vor. Diese Unterlagen d\u00fcrfen Dritten nicht zug\u00e4nglich gemacht werden, es sei denn, wir erteilen dem Besteller unsere ausdr\u00fcckliche schriftliche Zustimmung. Soweit wir das An\u00adgebot des Bestellers nicht innerhalb der Frist von \u00a7 1 annehmen, sind diese Unterlagen uns unverz\u00fcglich zur\u00fcckzusenden.<\/p>\n\n\n\n<p><strong>\u00a7 3 Preise und Zahlung<\/strong><\/p>\n\n\n\n<p>(1) Die Zahlung des Kaufpreises hat ausschlie\u00dflich auf unser Konto oder unser PayPal-Konto zu er\u00adfolgen. Der Abzug von Skonto ist nur bei schriftlicher besonderer Vereinbarung zul\u00e4ssig. Lieferungen an Privatpersonen erfolgen grunds\u00e4tzlich gegen Vorkasse oder Barzahlung.<\/p>\n\n\n\n<p>(2) Sofern nichts anderes vereinbart wird, ist der Kaufpreis f\u00fcr gewerbliche Kunden innerhalb von 14 Tagen nach Lieferung zu zahlen. Ver\u00adzugszinsen werden in H\u00f6he von 5 % \u00fcber dem jeweiligen Basiszinssatz p. a. berechnet. Die Geltendmachung eines h\u00f6heren Verzugsschadens bleibt vorbehalten. F\u00fcr den Fall, dass wir einen h\u00f6heren Verzugsschaden geltend machen, hat der Besteller die M\u00f6glichkeit, uns nachzuweisen, dass der geltend gemachte Verzugsschaden \u00fcberhaupt nicht oder in zumindest wesentlich niedrigerer H\u00f6he angefallen ist.<\/p>\n\n\n\n<p>(3) Die TERLATEC engineering GmbH ist berechtigt ohne Angabe von Gr\u00fcnden das Zahlungsziel und die Zahlungsart zu \u00e4ndern.<\/p>\n\n\n\n<p><strong>\u00a7 4 Aufrechnung und Zur\u00fcckbehaltungsrechte<\/strong><\/p>\n\n\n\n<p>Dem Besteller steht das Recht zur Aufrechung nur zu, wenn seine Gegenanspr\u00fcche rechts\u00adkr\u00e4ftig festgestellt oder unbestritten sind. Zur Aus\u00fcbung eines Zur\u00fcckbehaltungsrechts ist der Besteller nur insoweit befugt, als sein Gegenanspruch auf dem gleichen Vertragsverh\u00e4ltnis beruht.<\/p>\n\n\n\n<p><strong>\u00a7 5 Lieferzeit<\/strong><\/p>\n\n\n\n<p>(1) Der Beginn der von uns angegebenen Lieferzeit setzt die rechtzeitige und ordnungsgem\u00e4\u00dfe Erf\u00fcllung der Verpflichtungen des Be\u00adstellers voraus. Die Einrede des nicht erf\u00fcllten Vertrages bleibt vorbehalten.<\/p>\n\n\n\n<p>(2) Kommt der Besteller in Annahmeverzug oder verletzt er schuldhaft sonstige Mitwirkungs\u00adpflichten, so sind wir berechtigt, den uns hierdurch entstehenden Schaden, einschlie\u00dflich et\u00adwaiger Mehraufwendungen ersetzt zu verlangen. Weitergehende Anspr\u00fcche bleiben vorbe\u00adhalten. Dem Besteller bleibt seinerseits vorbehalten nachzuweisen, dass ein Schaden in der verlangten H\u00f6he \u00fcberhaupt nicht oder zumindest wesentlich niedriger entstanden ist. Die Gefahr eines zuf\u00e4lligen Untergangs oder einer zuf\u00e4lligen Verschlechterung der Kaufsache geht in dem Zeitpunkt auf den Besteller \u00fcber, in dem dieser in Annahme- oder Schuldnerverzug ger\u00e4t.<\/p>\n\n\n\n<p>(3) Wir haften im Fall des von uns nicht vors\u00e4tzlich oder grob fahrl\u00e4ssig herbeigef\u00fchrten Lieferverzugs f\u00fcr jede vollendete Woche Verzug im Rahmen einer pauschalierten Verzugsentsch\u00e4digung in H\u00f6he von 3 % des Lieferwertes, maximal jedoch nicht mehr als 15 % des Lieferwertes.<\/p>\n\n\n\n<p>(4) Weitere gesetzliche Anspr\u00fcche und Rechte des Bestellers wegen eines Lieferverzuges bleiben unber\u00fchrt.<\/p>\n\n\n\n<p><strong>(1) Le r\u00e8glement du prix d'achat doit \u00eatre effectu\u00e9 exclusivement sur notre compte bancaire ou notre compte PayPal. Les remises ne sont accord\u00e9es que sur accord \u00e9crit sp\u00e9cifique. Les livraisons aux particuliers sont g\u00e9n\u00e9ralement effectu\u00e9es contre paiement anticip\u00e9 ou en esp\u00e8ces.<\/strong><\/p>\n\n\n\n<p>(1) Wir behalten uns das Eigentum an der gelieferten Sache bis zur vollst\u00e4ndigen Zahlung s\u00e4mtlicher Forderungen aus dem Liefervertrag vor.<\/p>\n\n\n\n<p>(2) Der Besteller ist verpflichtet, solange das Eigentum noch nicht auf ihn \u00fcbergegangen ist, die Kaufsache pfleglich zu behandeln. Insbesondere ist er verpflichtet, diese auf eigene Kosten gegen Diebstahl-, Feuer- und Wassersch\u00e4den ausreichend zum Neuwert zu versi\u00adchern. M\u00fcssen Wartungs- und In\u00adspektionsarbeiten durchgef\u00fchrt werden, hat der Besteller diese auf eigene Kosten rechtzeitig auszuf\u00fchren. Solange das Eigentum noch nicht \u00fcbergegangen ist, hat uns der Besteller un\u00adverz\u00fcglich schriftlich zu benachrichtigen, wenn der gelieferte Gegenstand gepf\u00e4ndet oder sonstigen Eingriffen Dritter ausgesetzt ist. Soweit der Dritte nicht in der Lage ist, uns die ge\u00adrichtlichen und au\u00dfergerichtlichen Kosten einer Klage gem\u00e4\u00df \u00a7 771 ZPO zu erstatten, haftet der Besteller f\u00fcr den uns entstandenen Ausfall.<\/p>\n\n\n\n<p>(3) Die Be- und Verarbeitung oder Umbildung der Kaufsache durch den Besteller erfolgt stets Namens und im Auftrag f\u00fcr uns. In diesem Fall setzt sich das Anwartschaftsrecht des Be\u00adstellers an der Kaufsache an der umgebildeten Sache fort. Sofern die Kaufsache mit ande\u00adren, uns nicht geh\u00f6renden Gegenst\u00e4nden verarbeitet wird, erwerben wir das Miteigentum an der neuen Sache im Verh\u00e4ltnis des objektiven Wertes unserer Kaufsache zu den anderen bearbeiteten Gegenst\u00e4nden zur Zeit der Verarbeitung. Dasselbe gilt f\u00fcr den Fall der Vermi\u00adschung. Sofern die Vermischung in der Weise erfolgt, dass die Sache des Bestellers als Hauptsache anzusehen ist, gilt als vereinbart, dass der Besteller uns anteilm\u00e4\u00dfig Miteigen\u00adtum \u00fcbertr\u00e4gt und das so entstandene Alleineigentum oder Miteigentum f\u00fcr uns verwahrt. Zur Sicherung unserer Forderungen gegen den Besteller tritt der Besteller auch solche For\u00adderungen an uns ab, die ihm durch die Verbindung der Vorbehaltsware mit einem Grund\u00adst\u00fcck gegen einen Dritten erwachsen; wir nehmen diese Abtretung schon jetzt an.<\/p>\n\n\n\n<p>(4) Wir verpflichten uns, die uns zustehenden Sicherheiten auf Verlangen des Bestellers frei\u00adzugeben, soweit ihr Wert die zu sichernden Forderungen um mehr als 20 % \u00fcbersteigt.<\/p>\n\n\n\n<p><strong>\u00a7 7 Gew\u00e4hrleistung und M\u00e4ngelr\u00fcge<\/strong><\/p>\n\n\n\n<p>(1) Offensichtliche M\u00e4ngel sind vom K\u00e4ufer innerhalb von 4 Wochen ab Lieferung des Vertragsgegenstandes schriftlich uns gegen\u00fcber zu r\u00fcgen.<\/p>\n\n\n\n<p>(2) Der Besteller hat zun\u00e4chst die Wahl, ob die Nacherf\u00fcllung durch Nachbesserung oder Ersatzlieferung erfolgen soll. Wir sind jedoch berechtigt, die vom Besteller gew\u00e4hlte Art der Nacherf\u00fcllung zu verweigern, wenn sie nur mit unverh\u00e4ltnism\u00e4\u00dfigen Kosten m\u00f6glich ist und die andere Art der Nacherf\u00fcllung ohne erhebliche Nachteile f\u00fcr den Besteller bleibt. W\u00e4hrend der Nacherf\u00fcllung sind die Herabsetzung des Kaufpreises oder der R\u00fccktritt vom Vertrag durch den Besteller ausgeschlossen. Eine Nachbesserung gilt mit dem erfolglosen zweiten Versuch als fehlgeschlagen, wenn sich nicht insbesondere aus der Art der Sache oder des Mangels oder den sonstigen Umst\u00e4nden etwas anderes ergibt. Ist die Nacherf\u00fcllung fehlgeschlagen oder haben wir die Nacherf\u00fcllung insgesamt verweigert, kann der Besteller nach seiner Wahl Herabsetzung des Kaufpreises (Minderung) verlangen oder den R\u00fccktritt vom Vertrag erkl\u00e4ren.<\/p>\n\n\n\n<p>(3) Schadensersatzanspr\u00fcche zu den nachfolgenden Bedingungen wegen des Mangels kann der Besteller erst geltend machen, wenn die Nacherf\u00fcllung fehlgeschlagen ist oder wir die Nacherf\u00fcllung verweigert haben. Das Recht des Bestellers zur Geltendmachung von weitergehenden Schadensersatzanspr\u00fcchen zu den nachfolgenden Bedingungen bleibt davon unber\u00fchrt.<\/p>\n\n\n\n<p>(4) Wir haften unbeschadet vorstehender Regelungen und der nachfolgenden Haftungsbeschr\u00e4nkungen uneingeschr\u00e4nkt f\u00fcr Sch\u00e4den an Leben, K\u00f6rper und Gesundheit, die auf einer fahrl\u00e4ssigen oder vors\u00e4tzlichen Pflichtverletzung unserer gesetzlichen Vertretern oder unserer Erf\u00fcllungsgehilfen beruhen, sowie f\u00fcr Sch\u00e4den, die von der Haftung nach dem Produkthaftungsgesetz umfasst werden, sowie f\u00fcr alle Sch\u00e4den, die auf vors\u00e4tzlichen oder grob fahrl\u00e4ssigen Vertragsverletzungen sowie Arglist, unserer gesetzlichen Vertreter oder unserer Erf\u00fcllungsgehilfen beruhen. Soweit wir bez\u00fcglich der Ware oder Teile derselben eine Beschaffenheits- und\/oder Haltbarkeitsgarantie abgegeben hat, haften wir auch im Rahmen dieser Garantie. F\u00fcr Sch\u00e4den, die auf dem Fehlen der garantierten Beschaffenheit oder Haltbarkeit beruhen, aber nicht unmittelbar an der Ware eintreten, haften wir allerdings nur dann, wenn das Risiko eines solchen Schadens ersichtlich von der Beschaffenheits- und Haltbarkeitsgarantie erfasst ist.<\/p>\n\n\n\n<p>(5) Wir haften auch f\u00fcr Sch\u00e4den, die durch einfache Fahrl\u00e4ssigkeit verursacht werden, soweit diese Fahrl\u00e4ssigkeit die Verletzung solcher Vertragspflichten betrifft, deren Einhaltung f\u00fcr die Erreichung des Vertragszwecks von besonderer Bedeutung ist (Kardinalpflichten). Wir haften jedoch nur, soweit die Sch\u00e4den in typischer Weise mit dem Vertrag verbunden und vorhersehbar sind. Bei einfachen fahrl\u00e4ssigen Verletzungen nicht vertragswesentlicher Nebenpflichten haften wir im \u00dcbrigen nicht. Die in den S\u00e4tzen 1 \u2013 3 enthaltenen Haftungsbeschr\u00e4nkungen gelten auch, soweit die Haftung f\u00fcr die gesetzlichen Vertreter, leitenden Angestellten und sonstigen Erf\u00fcllungsgehilfen betroffen ist.<\/p>\n\n\n\n<p>(6) Eine weitergehende Haftung ist ohne R\u00fccksicht auf die Rechtsnatur des geltend ge\u00admachten Anspruchs ausgeschlossen. Soweit unsere Haftung ausgeschlossen oder be\u00adschr\u00e4nkt ist, gilt dies auch f\u00fcr die pers\u00f6nliche Haftung unserer Angestellten, Arbeitnehmer, Mitarbeiter, Vertreter und Erf\u00fcllungsgehilfen.<\/p>\n\n\n\n<p>(7) Die Gew\u00e4hrleistungsfrist betr\u00e4gt 2 Jahre, gerechnet ab Gefahr\u00fcbergang. Diese Frist gilt auch f\u00fcr An\u00adspr\u00fcche auf Ersatz von Mangelfolgesch\u00e4den, soweit keine Anspr\u00fcche aus unerlaubter Handlung geltend gemacht werden. Rechte des Auftraggebers wegen eines Mangels verj\u00e4hren innerhalb von sechs Monaten ab Abnahme des Werkes, sofern der Auftraggeber ein gewerblicher Kunde der TERLATEC engineering GmbH ist.<\/p>\n\n\n\n<p><strong>\u00a7 8 Sonstiges<\/strong><\/p>\n\n\n\n<p>(1) Dieser Vertrag und die gesamten Rechtsbeziehungen der Parteien unterliegen dem Recht der Bundesrepublik Deutschland unter Ausschluss des UN-Kaufrechts (CISG).<\/p>\n\n\n\n<p>(2) Sollten einzelne Bestimmungen dieses Vertrages unwirksam sein oder werden oder eine L\u00fccke enthalten, so bleiben die \u00fcbrigen Bestimmungen hiervon unber\u00fchrt.<\/p>\n\n\n\n<p>(3) Gerichtsstand ist J\u00fcchen.<\/p>\n\n\n\n<p>Zu einer Teilnahme an einem Streitbeilegungsverfahren vor einer Verbraucherstreitschlichtungsstelle sind wir nicht verpflichtet und auch nicht bereit hieran teilzunehmen.<\/p>\n\n\n\n<p><a href=\"https:\/\/ec.europa.eu\/consumers\/odr\/main\/index.cfm?event=main.home2.show&amp;lng=DE\" target=\"_blank\" rel=\"noopener\">https:\/\/ec.europa.eu\/consumers\/odr\/main\/index.cfm?event=main.home2.show&amp;lng=DE<\/a><\/p>\n\n\n\n<p>Bewertungen<\/p>\n\n\n\n<p>Um sicherzustellen, dass die dargestellten Bewertungen tats\u00e4chlich von Verbrauchern stammen,&nbsp;f\u00fchren wir keine \u00dcberpr\u00fcfungen von Bewertungen durch.&nbsp;<br>Alle Website-Besucher k\u00f6nnen Bewertungen f\u00fcr unsere Produkte abgeben. Die Abgabe von Bewertungen ist nicht an Nutzerkonten gebunden.<\/p>\n\n\n\n<p><\/p>\n\n\n\n<p>Stand: 01.10.2023<\/p>\n\n\n\n<p>TERLATEC engineering GmbH 41363 J\u00fcchen (Deutschland)<\/p>\n\n\n\n<p><\/p>\n\n\n\n<p><\/p>\n\n\n\n<p><strong>ENGLISH<\/strong><\/p>\n\n\n\n<p><strong>General Terms and Conditions<\/strong><br>\u00a7 1 Offer and Conclusion of Contract<\/p>\n\n\n\n<p>The order submitted by the customer is a binding offer. We can accept this offer within two weeks by sending an order confirmation or by dispatching the ordered goods within this period.<\/p>\n\n\n\n<p>Quantities stated are always valid at the time of shipment. Dry ice is a volatile medium, meaning it sublimates at ambient pressure. The quantity of dry ice delivered can therefore vary depending on transport time and temperature. Example: A 10 kg dry ice thermal box loses approximately 2-3 kg in weight in 24 hours. For this reason, we fill the thermal boxes with a larger quantity of dry ice at the factory and guarantee that the filling quantities, according to our calibrated scales, at least correspond to the item description when leaving the factory.<\/p>\n\n\n\n<p>\u00a7 2 Documents Provided<\/p>\n\n\n\n<p>We reserve ownership and copyright to all documents provided to the customer in connection with the order, such as calculations, drawings, etc. These documents may not be made accessible to third parties unless we grant the customer our express written consent. If we do not accept the customer&#8217;s offer within the period specified in Section 1, these documents must be returned to us immediately.<\/p>\n\n\n\n<p>Section 3 Prices and Payment<\/p>\n\n\n\n<p>(1) Payment of the purchase price must be made exclusively to our account or our PayPal account. Discounts are only permitted by special written agreement. Deliveries to private individuals are generally made against advance payment or cash payment.<\/p>\n\n\n\n<p>(2) Unless otherwise agreed, the purchase price for commercial customers is due within 14 days of delivery. Interest on arrears will be charged at a rate of 5% above the applicable base interest rate per annum. We reserve the right to claim higher damages for delay. In the event that we claim higher damages for delay, the customer has the opportunity to prove to us that the claimed damages for delay did not occur at all or were at least significantly lower.<\/p>\n\n\n\n<p>(3) TERLATEC engineering GmbH is entitled to change the payment deadline and method of payment without stating reasons.<\/p>\n\n\n\n<p>\u00a7 4 Offsetting and Rights of Retention<\/p>\n\n\n\n<p>The customer is only entitled to offset if its counterclaims have been legally established or are undisputed. The customer is only entitled to exercise a right of retention to the extent that its counterclaim is based on the same contractual relationship.<\/p>\n\n\n\n<p>\u00a7 5 Delivery Time<\/p>\n\n\n\n<p>(1) The commencement of the delivery time specified by us requires the timely and proper fulfillment of the customer&#8217;s obligations. The defense of non-performance of the contract remains reserved.<\/p>\n\n\n\n<p>(2) If the customer defaults on acceptance or culpably violates other obligations to cooperate, we are entitled to demand compensation for the resulting damage, including any additional expenses. Further claims remain reserved. The customer, for its part, reserves the right to prove that no damage of the claimed amount has been incurred or that the damage is at least significantly lower. The risk of accidental loss or accidental deterioration of the purchased item shall pass to the purchaser at the time the purchaser defaults in acceptance or payment.<\/p>\n\n\n\n<p>(3) In the event of a delay in delivery not caused by us intentionally or through gross negligence, we shall be liable for each completed week of delay within the scope of a lump-sum compensation for delay amounting to 3% of the delivery value, but not exceeding 15% of the delivery value.<\/p>\n\n\n\n<p>(4) Other statutory claims and rights of the purchaser due to a delay in delivery remain unaffected.<\/p>\n\n\n\n<p>\u00a7 6 Retention of Title<\/p>\n\n\n\n<p>(1) We retain title to the delivered item until all claims arising from the delivery contract have been paid in full.<\/p>\n\n\n\n<p>(2) The purchaser is obligated to treat the purchased item with care until title has been transferred to the purchaser. In particular, the purchaser is obligated to adequately insure the item at its replacement value against theft, fire, and water damage at its own expense. If maintenance and inspection work must be performed, the customer must complete it in a timely manner at his own expense. As long as ownership has not yet been transferred, the customer must notify us immediately in writing if the delivered item is seized or subject to other interventions by third parties. If the third party is unable to reimburse us for the legal and extrajudicial costs of a lawsuit in accordance with Section 771 of the German Code of Civil Procedure (ZPO), the customer shall be liable for any loss incurred by us.<\/p>\n\n\n\n<p>(3) The processing, treatment, or transformation of the purchased item by the customer is always carried out on our behalf and on our behalf. In this case, the customer&#8217;s expectant right to the purchased item continues to apply to the transformed item. If the purchased item is processed with other items not belonging to us, we acquire co-ownership of the new item in proportion to the objective value of our purchased item to the other processed items at the time of processing. The same applies in the case of mixing. If the mixing occurs in such a way that the customer&#8217;s item is to be regarded as the main item, it is agreed that the customer transfers proportionate co-ownership to us and safeguards the resulting sole ownership or co-ownership for us. To secure our claims against the customer, the customer also assigns to us any claims that accrue to him against a third party through the combination of the reserved goods with real estate; we hereby accept this assignment.<\/p>\n\n\n\n<p>(4) We undertake to release the securities to which we are entitled at the customer&#8217;s request, provided their value exceeds the secured claims by more than 20%.<\/p>\n\n\n\n<p>\u00a7 7 Warranty and Notice of Defects<\/p>\n\n\n\n<p>(1) Obvious defects must be reported to us in writing by the customer within four weeks of delivery of the contractual item.<\/p>\n\n\n\n<p>(2) The customer shall initially have the choice of whether subsequent performance shall be carried out by repair or replacement. However, we are entitled to refuse the type of subsequent performance chosen by the customer if it is only possible at disproportionate costs and the other type of subsequent performance remains without significant disadvantages for the customer. During the subsequent performance, the customer is not entitled to a reduction of the purchase price or to withdraw from the contract. A subsequent performance shall be deemed to have failed upon the second unsuccessful attempt, unless otherwise stated, in particular due to the nature of the item or the defect or other circumstances. If subsequent performance fails or we refuse to provide subsequent performance altogether, the customer may, at his or her discretion, demand a reduction of the purchase price (reduction) or declare withdrawal from the contract.<\/p>\n\n\n\n<p>(3) The customer may only assert claims for damages under the following conditions due to the defect if subsequent performance fails or we refuse to provide subsequent performance. The customer&#8217;s right to assert further claims for damages under the following conditions remains unaffected.<\/p>\n\n\n\n<p>(4) Notwithstanding the above provisions and the following limitations of liability, we shall be liable without limitation for damages to life, limb, and health resulting from a negligent or intentional breach of duty by our legal representatives or vicarious agents, as well as for damages covered by liability under the Product Liability Act, as well as for all damages resulting from intentional or grossly negligent breaches of contract and fraudulent intent by our legal representatives or vicarious agents. To the extent that we have provided a guarantee of quality and\/or durability with respect to the goods or parts thereof, we are also liable within the scope of this guarantee. However, we are only liable for damages resulting from the lack of the guaranteed quality or durability, but not directly occurring in the goods, if the risk of such damage is clearly covered by the guarantee of quality and durability.<\/p>\n\n\n\n<p>(5) We are also liable for damages caused by simple negligence, insofar as this negligence concerns the breach of contractual obligations whose compliance is of particular importance for achieving the purpose of the contract (cardinal obligations). However, we are only liable to the extent that the damages are typically associated with the contract and foreseeable. Otherwise, we are not liable for simple negligent breaches of ancillary obligations that are not essential to the contract. The limitations of liability contained in sentences 1\u20133 also apply to the extent that the liability of legal representatives, senior employees, and other vicarious agents is affected.<\/p>\n\n\n\n<p>(6) Any further liability is excluded regardless of the legal nature of the asserted claim. To the extent that our liability is excluded or limited, this also applies to the personal liability of our employees, workers, staff, representatives, and vicarious agents.<\/p>\n\n\n\n<p>(7) The warranty period is two years, calculated from the transfer of risk. This period also applies to claims for compensation for consequential damages caused by defects, unless claims based on tort are asserted. The client&#8217;s rights due to a defect shall expire within six months of acceptance of the work, provided the client is a commercial customer of TERLATEC engineering GmbH.<\/p>\n\n\n\n<p>\u00a7 8 Miscellaneous<\/p>\n\n\n\n<p>(1) This contract and the entire legal relationship between the parties shall be governed by the laws of the Federal Republic of Germany, excluding the UN Convention on Contracts for the International Sale of Goods (CISG).<\/p>\n\n\n\n<p>(2) Should individual provisions of this contract be or become invalid or contain a loophole, the remaining provisions shall remain unaffected.<\/p>\n\n\n\n<p>(3) The place of jurisdiction is J\u00fcchen (Germany).<\/p>\n\n\n\n<p>We are neither obligated nor willing to participate in dispute resolution proceedings before a consumer arbitration board.<\/p>\n\n\n\n<p><a href=\"https:\/\/ec.europa.eu\/consumers\/odr\/main\/index.cfm?event=main.home2.show&amp;lng=DE\" target=\"_blank\" rel=\"noopener\">https:\/\/ec.europa.eu\/consumers\/odr\/main\/index.cfm?event=main.home2.show&amp;lng=DE<\/a><\/p>\n\n\n\n<p>Reviews<\/p>\n\n\n\n<p>To ensure that the reviews displayed actually originate from consumers, we do not conduct review verifications.<\/p>\n\n\n\n<p>All website visitors can submit reviews for our products. Submitting reviews is not tied to user accounts.<\/p>\n\n\n\n<p>As of: October 1, 2023<\/p>\n\n\n\n<p>TERLATEC engineering GmbH, 41363 J\u00fcchen (Germany)<\/p>\n\n\n<div class=\"woocommerce woocommerce-gzd woocommerce-gzd-complaints-shortcode\">\n\t\t\t<h3>Alternative Dispute Resolution in accordance with Art. 14 (1) ODR-VO and \u00a7 36 VSBG:<\/h3>\n\t\nZur Teilnahme an einem Streitbeilegungsverfahren vor einer Verbraucherschlichtungsstelle sind wir nicht verpflichtet und nicht bereit.<\/div>","protected":false},"excerpt":{"rendered":"<p>Allgemeine Gesch\u00e4ftsbedingungen\u00a7 1 Angebot und Vertragsabschluss Die vom Besteller verschickte Bestellung ist ein bindendes Angebot. Wir k\u00f6nnen dieses Angebot innerhalb von zwei Wochen durch Zusendung einer Auftragsbest\u00e4tigung annehmen oder innerhalb dieser Frist die bestellte Ware zusenden. Angegebene Mengenangaben verstehen sich stets zum Zeitpunkt des Versands. Trockeneis ist ein fl\u00fcchtiges Medium, d.h. es sublimiert bei Umgebungsdruck. [&hellip;]<\/p>\n","protected":false},"author":1,"featured_media":0,"parent":0,"menu_order":0,"comment_status":"closed","ping_status":"closed","template":"","meta":{"iawp_total_views":91,"footnotes":""},"class_list":["post-27","page","type-page","status-publish","hentry"],"_links":{"self":[{"href":"https:\/\/www.trockeneis.shop\/fr\/wp-json\/wp\/v2\/pages\/27","targetHints":{"allow":["GET"]}}],"collection":[{"href":"https:\/\/www.trockeneis.shop\/fr\/wp-json\/wp\/v2\/pages"}],"about":[{"href":"https:\/\/www.trockeneis.shop\/fr\/wp-json\/wp\/v2\/types\/page"}],"author":[{"embeddable":true,"href":"https:\/\/www.trockeneis.shop\/fr\/wp-json\/wp\/v2\/users\/1"}],"replies":[{"embeddable":true,"href":"https:\/\/www.trockeneis.shop\/fr\/wp-json\/wp\/v2\/comments?post=27"}],"version-history":[{"count":6,"href":"https:\/\/www.trockeneis.shop\/fr\/wp-json\/wp\/v2\/pages\/27\/revisions"}],"predecessor-version":[{"id":3246,"href":"https:\/\/www.trockeneis.shop\/fr\/wp-json\/wp\/v2\/pages\/27\/revisions\/3246"}],"wp:attachment":[{"href":"https:\/\/www.trockeneis.shop\/fr\/wp-json\/wp\/v2\/media?parent=27"}],"curies":[{"name":"wp","href":"https:\/\/api.w.org\/{rel}","templated":true}]}}