{"id":439,"date":"2024-06-07T16:31:08","date_gmt":"2024-06-07T15:31:08","guid":{"rendered":"http:\/\/trockeneis.shop.w021229e.kasserver.com\/?post_type=product&#038;p=439"},"modified":"2026-03-27T10:59:57","modified_gmt":"2026-03-27T09:59:57","slug":"carbosoda-4er-set","status":"publish","type":"product","link":"https:\/\/www.trockeneis.shop\/en\/product\/carbosoda-4er-set\/","title":{"rendered":"CARBOSODA 4er Set Kaufzylinder"},"content":{"rendered":"<p><img loading=\"lazy\" decoding=\"async\" class=\"size-medium wp-image-440 alignleft\" src=\"https:\/\/www.trockeneis.shop\/wp-content\/uploads\/2024\/06\/CARBOSODA-LOGO-300x90.png\" alt=\"\" width=\"300\" height=\"90\" srcset=\"https:\/\/www.trockeneis.shop\/wp-content\/uploads\/2024\/06\/CARBOSODA-LOGO-300x90.png 300w, https:\/\/www.trockeneis.shop\/wp-content\/uploads\/2024\/06\/CARBOSODA-LOGO-324x97.png 324w, https:\/\/www.trockeneis.shop\/wp-content\/uploads\/2024\/06\/CARBOSODA-LOGO-416x125.png 416w, https:\/\/www.trockeneis.shop\/wp-content\/uploads\/2024\/06\/CARBOSODA-LOGO-1024x307.png 1024w, https:\/\/www.trockeneis.shop\/wp-content\/uploads\/2024\/06\/CARBOSODA-LOGO-768x230.png 768w, https:\/\/www.trockeneis.shop\/wp-content\/uploads\/2024\/06\/CARBOSODA-LOGO-1536x461.png 1536w, https:\/\/www.trockeneis.shop\/wp-content\/uploads\/2024\/06\/CARBOSODA-LOGO.png 2000w\" sizes=\"auto, (max-width: 300px) 100vw, 300px\" \/><\/p>\n<p>&nbsp;<\/p>\n<p>&nbsp;<\/p>\n<p><strong>4er Set CARBOSODA Zylinder f\u00fcr Deinen Trinkwassersprudler<\/strong><\/p>\n<ul>\n<li>4 x Kaufzylinder<strong> (oneway, kein Zylinder-Tausch)<\/strong><\/li>\n<li>Nat\u00fcrliche Quellkohlens\u00e4ure aus der Vulkaneifel<\/li>\n<li>Bis zu 60 Liter Sprudelwasser pro Zylinder<\/li>\n<li>Inhalt pro Zylinder: 425g Nat\u00fcrliche Quellkohlens\u00e4ure<\/li>\n<li>Schraubzylinder passend f\u00fcr Deinen Wassersprudler zu Hause. <strong>Passt NICHT f\u00fcr Sodastream Duo<\/strong><\/li>\n<\/ul>\n<p>&nbsp;<\/p>\n<p><img loading=\"lazy\" decoding=\"async\" class=\"alignleft wp-image-445 size-large\" src=\"https:\/\/www.trockeneis.shop\/wp-content\/uploads\/2024\/06\/carbosoda_versand_sprudlerzylinder-1024x685.jpeg\" alt=\"\" width=\"980\" height=\"656\" srcset=\"https:\/\/www.trockeneis.shop\/wp-content\/uploads\/2024\/06\/carbosoda_versand_sprudlerzylinder-1024x685.jpeg 1024w, https:\/\/www.trockeneis.shop\/wp-content\/uploads\/2024\/06\/carbosoda_versand_sprudlerzylinder-324x217.jpeg 324w, https:\/\/www.trockeneis.shop\/wp-content\/uploads\/2024\/06\/carbosoda_versand_sprudlerzylinder-416x278.jpeg 416w, https:\/\/www.trockeneis.shop\/wp-content\/uploads\/2024\/06\/carbosoda_versand_sprudlerzylinder-300x201.jpeg 300w, https:\/\/www.trockeneis.shop\/wp-content\/uploads\/2024\/06\/carbosoda_versand_sprudlerzylinder-768x514.jpeg 768w, https:\/\/www.trockeneis.shop\/wp-content\/uploads\/2024\/06\/carbosoda_versand_sprudlerzylinder-1536x1027.jpeg 1536w, https:\/\/www.trockeneis.shop\/wp-content\/uploads\/2024\/06\/carbosoda_versand_sprudlerzylinder.jpeg 1615w\" sizes=\"auto, (max-width: 980px) 100vw, 980px\" \/><\/p>\n<p>&nbsp;<\/p>\n<p>&nbsp;<\/p>\n<p><img loading=\"lazy\" decoding=\"async\" class=\"alignnone size-medium wp-image-356\" src=\"https:\/\/www.trockeneis.shop\/wp-content\/uploads\/2024\/01\/Siegel-Klein-1-300x99.png\" alt=\"\" width=\"300\" height=\"99\" srcset=\"https:\/\/www.trockeneis.shop\/wp-content\/uploads\/2024\/01\/Siegel-Klein-1-300x99.png 300w, https:\/\/www.trockeneis.shop\/wp-content\/uploads\/2024\/01\/Siegel-Klein-1.png 304w\" sizes=\"auto, (max-width: 300px) 100vw, 300px\" \/><\/p>","protected":false},"excerpt":{"rendered":"<p>&nbsp; &nbsp; 4er Set CARBOSODA Zylinder f\u00fcr Deinen Trinkwassersprudler 4 x Kaufzylinder (oneway, kein Zylinder-Tausch) Nat\u00fcrliche Quellkohlens\u00e4ure aus der Vulkaneifel Bis zu 60 Liter Sprudelwasser pro Zylinder Inhalt pro Zylinder: 425g Nat\u00fcrliche Quellkohlens\u00e4ure Schraubzylinder passend f\u00fcr Deinen Wassersprudler zu Hause. Passt NICHT f\u00fcr Sodastream Duo &nbsp; &nbsp; &nbsp;<\/p>","protected":false},"featured_media":447,"comment_status":"open","ping_status":"closed","template":"","meta":{"iawp_total_views":58},"product_brand":[],"product_cat":[58],"product_tag":[60,59],"class_list":{"0":"post-439","1":"product","2":"type-product","3":"status-publish","4":"has-post-thumbnail","6":"product_cat-carbosoda","7":"product_tag-sprudlerzylinder","8":"product_tag-carbosoda","10":"first","11":"instock","12":"taxable","13":"shipping-taxable","14":"purchasable","15":"product-type-simple"},"_links":{"self":[{"href":"https:\/\/www.trockeneis.shop\/en\/wp-json\/wp\/v2\/product\/439","targetHints":{"allow":["GET"]}}],"collection":[{"href":"https:\/\/www.trockeneis.shop\/en\/wp-json\/wp\/v2\/product"}],"about":[{"href":"https:\/\/www.trockeneis.shop\/en\/wp-json\/wp\/v2\/types\/product"}],"replies":[{"embeddable":true,"href":"https:\/\/www.trockeneis.shop\/en\/wp-json\/wp\/v2\/comments?post=439"}],"wp:featuredmedia":[{"embeddable":true,"href":"https:\/\/www.trockeneis.shop\/en\/wp-json\/wp\/v2\/media\/447"}],"wp:attachment":[{"href":"https:\/\/www.trockeneis.shop\/en\/wp-json\/wp\/v2\/media?parent=439"}],"wp:term":[{"taxonomy":"product_brand","embeddable":true,"href":"https:\/\/www.trockeneis.shop\/en\/wp-json\/wp\/v2\/product_brand?post=439"},{"taxonomy":"product_cat","embeddable":true,"href":"https:\/\/www.trockeneis.shop\/en\/wp-json\/wp\/v2\/product_cat?post=439"},{"taxonomy":"product_tag","embeddable":true,"href":"https:\/\/www.trockeneis.shop\/en\/wp-json\/wp\/v2\/product_tag?post=439"}],"curies":[{"name":"wp","href":"https:\/\/api.w.org\/{rel}","templated":true}]}}