{"id":1598,"date":"2026-04-23T13:22:28","date_gmt":"2026-04-23T11:22:28","guid":{"rendered":"http:\/\/trockeneis.shop.w021229e.kasserver.com\/?post_type=product&#038;p=1598"},"modified":"2026-04-23T22:25:18","modified_gmt":"2026-04-23T20:25:18","slug":"trockeneisstrahlgeraet-pelletblaster-compact","status":"publish","type":"product","link":"https:\/\/www.trockeneis.shop\/en\/product\/dry-ice-blasting-machine-pelletblaster-compact-terlatec\/","title":{"rendered":"Dry ice blasting machine TERLATEC PelletBlaster compact"},"content":{"rendered":"<h2>Technische Daten: Mobiles Trockeneisstrahlger\u00e4t f\u00fcr Profis<\/h2>\n<ul>\n<li>modernes Einschlauch-Strahlger\u00e4t<\/li>\n<li>Trockeneisverbrauch: 0-60 kg\/h (stufenlos regulierbar)<\/li>\n<li>Ergonomische Strahlpistole mit Scrambler und LED D\u00fcsenbeleuchtung<span class=\"Apple-converted-space\">\u00a0<\/span><\/li>\n<li>Isolierter Trockeneisbeh\u00e4lter: ca 12 kg F\u00fcllkapazit\u00e4t<\/li>\n<li>Integrierter Betriebsstundenz\u00e4hler<\/li>\n<li>3\/4\u201c Strahlschlauch Standard-L\u00e4nge: 5m (bis 10m erweiterbar)<\/li>\n<li>Abmessungen (L x B x H): 50 cm x 50 cm x 65 cm<\/li>\n<li>Stromanschluss: 230 V 50 Hz<\/li>\n<li>Elektrische Leistungsaufnahme: max. 300 W<\/li>\n<li>Gewicht: 59 kg<\/li>\n<li>CE zertifiziert<\/li>\n<li>Hergestellt in Deutschland<\/li>\n<\/ul>\n<p>&nbsp;<\/p>\n<h2>Druckluftanschluss: Minimaler Verbrauch bei voller Leistung<\/h2>\n<ul>\n<li>Druckluftverbrauch: 0,15 \u2013 5 m<sup>3<\/sup>\/min (je nach D\u00fcse)<\/li>\n<li>4 Druckluftanschl\u00fcsse: Anschlussm\u00f6glichkeit f\u00fcr max. 3x NW 7,2 Schnellverschlusskupplung sowie wahlweise 1x Kompressorkupplung 42 mm Klaue f\u00fcr 3\/4&#8243; oder 1&#8243; Druckluftschlauch f\u00fcr volle Leistung<\/li>\n<li>Anwendungsdruck: 1 \u2013 8 bar<\/li>\n<li>Zul. Betriebsdruck: max. 10 bar<\/li>\n<li>Ben\u00f6tigte Druckluftqualit\u00e4t nach\u00a0ISO-Norm 8573-1:2010 Wasser: min. Klasse 7, technisch \u00f6lfrei<\/li>\n<\/ul>\n<p>&nbsp;<\/p>\n<h2>Vielseitige Einsatzgebiete: Von KFZ-Aufbereitung bis Industrie<\/h2>\n<ul>\n<li>Kunststofftechnik &amp; Werkzeugbau<\/li>\n<li>Automobilindustrie<\/li>\n<li>Medizintechnik<\/li>\n<li>Geb\u00e4udedienstleister (Fassadenreinigung, Entfernung von Haftwurzeln, Wilder Wein, Efeu)<\/li>\n<li>Reinigung empfindlicher Oberfl\u00e4chen<\/li>\n<li>Lackiervorbehandlung<\/li>\n<li>KFZ-Aufbereitung (Polster, Motorraum, Innenraum, Cockpit)<\/li>\n<li>und viele weitere Industriebereiche<\/li>\n<\/ul>\n<p>&nbsp;<\/p>\n<h2>Lieferumfang &amp; Service<\/h2>\n<ul>\n<li>TERLATEC PelletBlaster compact mobiles Trockeneisstrahlger\u00e4t \u2013 rollbar mit Feststellbremse<\/li>\n<li>3\/4&#8243; Strahlschlauch 5 m<\/li>\n<li>ergonomische Strahlpistole mit integriertem Scrambler und LED Leuchte<\/li>\n<li>Druckluftschlauch 10 m NW 7,2 Schnellkupplung<\/li>\n<li>Punktd\u00fcse 6 mm<\/li>\n<li>Netzkabel 230 V<\/li>\n<li>Betriebsanleitung<\/li>\n<li>Versicherter Speditionsversand innerhalb Deutschlands (Auslandsversand auf Anfrage)<\/li>\n<li>andere Schlauchl\u00e4ngen oder D\u00fcsen auf Anfrage<br \/>\n<h3><\/h3>\n<\/li>\n<\/ul>\n<p>&nbsp;<\/p>\n<h3>Haben Sie Fragen zum PelletBlaster compact oder ben\u00f6tigen Sie ein individuelles Angebot mit Kauf auf Rechnung oder eine Netto Reverse Charge Rechnung f\u00fcr das EU-Ausland?<\/h3>\n<h3>Wir beraten Sie gerne telefonisch unter:<\/h3>\n<h3>Tel. +49 2165 \u2013 170717<\/h3>\n<h3>Oder schreiben Sie uns eine E-Mail: <a href=\"mailto:info@terlatec.de\">info@terlatec.de<\/a><\/h3>\n<p>&nbsp;<\/p>\n<p>&nbsp;<\/p>\n<p><a href=\"https:\/\/www.terlatec.de\" target=\"_blank\" rel=\"noopener\"><img loading=\"lazy\" decoding=\"async\" class=\"size-medium wp-image-1584 alignleft\" src=\"https:\/\/www.trockeneis.shop\/wp-content\/uploads\/2025\/05\/TERLATEC_RGB_transparent-300x54.png\" alt=\"terlatec\" width=\"300\" height=\"54\" srcset=\"https:\/\/www.trockeneis.shop\/wp-content\/uploads\/2025\/05\/TERLATEC_RGB_transparent-300x54.png 300w, https:\/\/www.trockeneis.shop\/wp-content\/uploads\/2025\/05\/TERLATEC_RGB_transparent-scaled-324x58.png 324w, https:\/\/www.trockeneis.shop\/wp-content\/uploads\/2025\/05\/TERLATEC_RGB_transparent-scaled-416x74.png 416w, https:\/\/www.trockeneis.shop\/wp-content\/uploads\/2025\/05\/TERLATEC_RGB_transparent-1024x183.png 1024w, https:\/\/www.trockeneis.shop\/wp-content\/uploads\/2025\/05\/TERLATEC_RGB_transparent-768x137.png 768w, https:\/\/www.trockeneis.shop\/wp-content\/uploads\/2025\/05\/TERLATEC_RGB_transparent-1536x275.png 1536w, https:\/\/www.trockeneis.shop\/wp-content\/uploads\/2025\/05\/TERLATEC_RGB_transparent-2048x366.png 2048w, https:\/\/www.trockeneis.shop\/wp-content\/uploads\/2025\/05\/TERLATEC_RGB_transparent-scaled.png 1920w\" sizes=\"auto, (max-width: 300px) 100vw, 300px\" \/><\/a><\/p>\n<p>&nbsp;<\/p>\n<p>&nbsp;<\/p>\n<div class=\"wp-block-spacer\" aria-hidden=\"true\"><\/div>\n<div class=\"wp-block-columns is-layout-flex wp-container-core-columns-is-layout-9d6595d7 wp-block-columns-is-layout-flex\">\n<div class=\"wp-block-column is-layout-flow wp-block-column-is-layout-flow\">\n<div class=\"wp-block-image icon-style is-style-default\">\n<figure class=\"aligncenter size-thumbnail is-resized\"><img loading=\"lazy\" decoding=\"async\" class=\"wp-image-114\" src=\"https:\/\/www.terlatec.de\/wp-content\/uploads\/2023\/06\/icon2-1-150x150.png\" sizes=\"auto, (max-width: 150px) 100vw, 150px\" srcset=\"https:\/\/www.terlatec.de\/wp-content\/uploads\/2023\/06\/icon2-1-150x150.png 150w, https:\/\/www.terlatec.de\/wp-content\/uploads\/2023\/06\/icon2-1-300x300.png 300w, https:\/\/www.terlatec.de\/wp-content\/uploads\/2023\/06\/icon2-1.png 350w\" alt=\"\" width=\"90\" height=\"90\" \/><\/figure>\n<\/div>\n<div class=\"wp-block-spacer\" aria-hidden=\"true\"><\/div>\n<h2 class=\"wp-block-heading has-text-align-center has-neve-text-color-color has-text-color\">compact<\/h2>\n<p class=\"has-text-align-center has-neve-text-color-color has-text-color\">Der PelletBlaster compact ist ein echter Allrounder. Er ist das ideale Trockeneisstrahlger\u00e4t f\u00fcr feine Anwendungen bis hin zu harten Industriejobs. Durch seine NW7,2 Anschl\u00fcsse kommt er auch mit wenig Druckluft aus.<\/p>\n<p>&nbsp;<\/p>\n<\/div>\n<\/div>\n<div class=\"wp-block-spacer\" aria-hidden=\"true\"><\/div>\n<div aria-hidden=\"true\"><\/div>\n<div aria-hidden=\"true\"><\/div>\n<div aria-hidden=\"true\"><\/div>\n<div class=\"wp-block-columns is-layout-flex wp-container-core-columns-is-layout-9d6595d7 wp-block-columns-is-layout-flex\">\n<div class=\"wp-block-column is-layout-flow wp-block-column-is-layout-flow\">\n<div class=\"wp-block-image icon-style is-style-default\">\n<figure class=\"aligncenter size-thumbnail is-resized\"><img loading=\"lazy\" decoding=\"async\" class=\"wp-image-116\" src=\"https:\/\/www.terlatec.de\/wp-content\/uploads\/2023\/06\/icon4-1-150x150.png\" sizes=\"auto, (max-width: 150px) 100vw, 150px\" srcset=\"https:\/\/www.terlatec.de\/wp-content\/uploads\/2023\/06\/icon4-1-150x150.png 150w, https:\/\/www.terlatec.de\/wp-content\/uploads\/2023\/06\/icon4-1-300x300.png 300w, https:\/\/www.terlatec.de\/wp-content\/uploads\/2023\/06\/icon4-1.png 350w\" alt=\"\" width=\"90\" height=\"90\" \/><\/figure>\n<\/div>\n<div class=\"wp-block-spacer\" aria-hidden=\"true\"><\/div>\n<h2 class=\"wp-block-heading has-text-align-center has-neve-text-color-color has-text-color\">Ergonomische Strahlpistole<\/h2>\n<p class=\"has-text-align-center has-neve-text-color-color has-text-color\">Durch ihr geringes Gewicht liegt die Strahlpistole auch bei l\u00e4ngeren Strahleins\u00e4tzen bequem in der Hand.<\/p>\n<p>&nbsp;<\/p>\n<\/div>\n<\/div>\n<div class=\"wp-block-spacer\" aria-hidden=\"true\"><\/div>\n<div aria-hidden=\"true\"><\/div>\n<div aria-hidden=\"true\"><\/div>\n<div aria-hidden=\"true\"><\/div>\n<div class=\"wp-block-columns is-layout-flex wp-container-core-columns-is-layout-9d6595d7 wp-block-columns-is-layout-flex\">\n<div class=\"wp-block-column is-layout-flow wp-block-column-is-layout-flow\">\n<div class=\"wp-block-image icon-style is-style-rounded\">\n<figure class=\"aligncenter size-thumbnail is-resized\"><img loading=\"lazy\" decoding=\"async\" class=\"wp-image-113\" src=\"https:\/\/www.terlatec.de\/wp-content\/uploads\/2023\/06\/icon1-1-150x150.png\" sizes=\"auto, (max-width: 150px) 100vw, 150px\" srcset=\"https:\/\/www.terlatec.de\/wp-content\/uploads\/2023\/06\/icon1-1-150x150.png 150w, https:\/\/www.terlatec.de\/wp-content\/uploads\/2023\/06\/icon1-1-300x300.png 300w, https:\/\/www.terlatec.de\/wp-content\/uploads\/2023\/06\/icon1-1.png 350w\" alt=\"\" width=\"90\" height=\"90\" \/><\/figure>\n<\/div>\n<div class=\"wp-block-spacer\" aria-hidden=\"true\"><\/div>\n<h2 class=\"wp-block-heading has-text-align-center has-neve-text-color-color has-text-color\">Made in Germany<\/h2>\n<p class=\"has-text-align-center has-neve-text-color-color has-text-color\">Unsere Trockeneisstrahlanlagen werden ausschlie\u00dflich in Deutschland (NRW) konstruiert, gebaut und gepr\u00fcft. Verlassen Sie sich auf unsere jahrelange Erfahrung.<\/p>\n<\/div>\n<\/div>\n<p>&nbsp;<\/p>\n<h3><\/h3>\n<h3><\/h3>\n<h3><\/h3>\n<h3><\/h3>\n<h2>H\u00e4ufig gestellte Fragen zum Trockeneisstrahlen mit dem TERLATEC PelletBlaster:<\/h2>\n<div class=\"faq\">\n<h2><\/h2>\n<h2><\/h2>\n<h2><\/h2>\n<h3>Was ist ein Trockeneisstrahlger\u00e4t und wie funktioniert es?<\/h3>\n<div class=\"answer\">Ein <strong>Trockeneisstrahlger\u00e4t<\/strong>, wie der <strong>TERLATEC PelletBlaster<\/strong>, nutzt gefrorenes CO\u2082 (Trockeneis), das mit hoher Geschwindigkeit auf Oberfl\u00e4chen geschossen wird, um Schmutz, Farbe oder andere Ablagerungen zu entfernen. Beim Auftreffen sublimiert das Trockeneis sofort zu Gas und hinterl\u00e4sst keine R\u00fcckst\u00e4nde. Diese umweltfreundliche Reinigungstechnik ist besonders schonend f\u00fcr die Oberfl\u00e4che.<\/div>\n<\/div>\n<div class=\"faq\">\n<h2><\/h2>\n<h2><\/h2>\n<h2><\/h2>\n<h3>Wie effizient ist das Trockeneisstrahlen mit dem TERLATEC PelletBlaster?<\/h3>\n<div class=\"answer\">Das <strong>Trockeneisstrahlen<\/strong> mit dem <strong>TERLATEC PelletBlaster<\/strong> ist sehr effizient, da es Schmutz und Ablagerungen schnell und gr\u00fcndlich entfernt. Die hohe Geschwindigkeit der Trockeneisstrahlen und die Sublimation zu Gas sorgen f\u00fcr eine effektive Reinigung, ohne dass die Oberfl\u00e4che besch\u00e4digt wird oder R\u00fcckst\u00e4nde hinterl\u00e4sst.<\/div>\n<\/div>\n<div class=\"faq\">\n<h2><\/h2>\n<h2><\/h2>\n<h2><\/h2>\n<h3>F\u00fcr welche Anwendungen eignet sich das Trockeneisstrahlger\u00e4t TERLATEC PelletBlaster?<\/h3>\n<div class=\"answer\">Das <strong>Trockeneisstrahlger\u00e4t<\/strong> <strong>TERLATEC PelletBlaster<\/strong> eignet sich f\u00fcr eine Vielzahl von Anwendungen, wie die Reinigung von Maschinen, die Entfernung von Farbe oder Schmutz in der Automobilindustrie, die Reinigung empfindlicher Oberfl\u00e4chen in der Medizintechnik oder die Pflege von Kunststoffoberfl\u00e4chen in verschiedenen Industrien.<\/div>\n<\/div>\n<div class=\"faq\">\n<h2><\/h2>\n<h2><\/h2>\n<h2><\/h2>\n<h3>Wie funktioniert das Trockeneisstrahlen mit dem TERLATEC PelletBlaster?<\/h3>\n<div class=\"answer\">Beim <strong>Trockeneisstrahlen<\/strong> mit dem <strong>TERLATEC PelletBlaster<\/strong> wird Trockeneis in Form von Pellets mit hoher Geschwindigkeit auf die zu reinigende Oberfl\u00e4che geschossen. Das Trockeneis sublimiert beim Kontakt mit der Oberfl\u00e4che sofort zu CO\u2082-Gas, wodurch Schmutz, \u00d6l, Farbe oder andere Ablagerungen entfernt werden. Das Verfahren ist schnell, gr\u00fcndlich und hinterl\u00e4sst keine R\u00fcckst\u00e4nde.<\/div>\n<\/div>\n<div class=\"faq\">\n<h2><\/h2>\n<h2><\/h2>\n<h2><\/h2>\n<h3>Warum ist das Trockeneisstrahlen mit dem TERLATEC PelletBlaster umweltfreundlich?<\/h3>\n<div class=\"answer\">Das <strong>Trockeneisstrahlen<\/strong> mit dem <strong>TERLATEC PelletBlaster<\/strong> ist umweltfreundlich, weil keine chemischen Reinigungsmittel oder abrasiven Strahlmittel verwendet werden. Das Trockeneis sublimiert direkt zu CO\u2082-Gas, das unbedenklich in die Atmosph\u00e4re entweicht. Es entstehen keine sch\u00e4dlichen R\u00fcckst\u00e4nde, was das Verfahren besonders nachhaltig macht.<\/div>\n<div><\/div>\n<\/div>\n<p>&nbsp;<\/p>\n<div class=\"author-box\" style=\"border: 1px solid #ddd; padding: 15px; max-width: 600px; font-family: Arial, sans-serif; background-color: #f9f9f9; border-radius: 8px; margin-bottom: 20px;\">\n<p><!-- Autoreninfo sichtbar f\u00fcr Nutzer --><\/p>\n<p style=\"margin: 0 0 5px 0; font-size: 12px; color: #888;\">Aktualisiert: 12.03.2026<\/p>\n<p style=\"margin: 0 0 0 0; font-size: 14px; color: #222;\">Autor: <a style=\"text-decoration: none; color: #0a66c2; font-weight: bold;\" href=\"https:\/\/de.linkedin.com\/in\/lars-kretschmer-57608596\" target=\"_blank\" rel=\"noopener\">Lars Kretschmer<\/a> Gesch\u00e4ftsf\u00fchrer (CEO)<\/p>\n<\/div>\n<p><!-- JSON-LD Schema f\u00fcr Google --><br \/>\n<script type=\"application\/ld+json\">\n{\n  \"@context\": \"https:\/\/schema.org\",\n  \"@type\": \"Person\",\n  \"@id\": \"https:\/\/www.trockeneis.shop\/#author\",\n  \"name\": \"Lars Kretschmer\",\n  \"url\": \"https:\/\/de.linkedin.com\/in\/lars-kretschmer-57608596\",\n  \"jobTitle\": \"Gesch\u00e4ftsf\u00fchrer (CEO)\",\n  \"worksFor\": {\n    \"@type\": \"Organization\",\n    \"name\": \"TERLATEC engineering GmbH\",\n    \"url\": \"https:\/\/www.trockeneis.shop\/\"\n  },\n  \"description\": \"Experte f\u00fcr Trockeneis, Trockeneisstrahlger\u00e4te, CO\u2082 Schneestrahlen und Trockeneisstrahlen. Gesch\u00e4ftsf\u00fchrer (CEO) der TERLATEC engineering GmbH.\",\n  \"knowsAbout\": [\n    \"Trockeneis\",\n    \"Trockeneisstrahlger\u00e4te\",\n    \"CO2 Schneestrahlen\",\n    \"Trockeneisstrahlen\"\n  ],\n  \"sameAs\": [\"https:\/\/de.linkedin.com\/in\/lars-kretschmer-57608596\"]\n}\n<\/script><\/p>\n","protected":false},"excerpt":{"rendered":"<ul>\n<li>Low air and dry ice consumption thanks to a clever dosing unit and flow-optimised blasting nozzles.<\/li>\n<li>Versatile: from fine applications in medical technology to tough industrial jobs for service providers<span class=\"Apple-converted-space\">\u00a0<\/span><\/li>\n<li>Ergonomic blasting gun - light as a feather and cleverly thought-out design<\/li>\n<li>4 compressed air connections: Simply connect flexibly - whether to a small compressor in the workshop or a large compressor system in industry - no problem with the PelletBlaster<\/li>\n<li>Made in Germany - Rely on our comprehensive service for repairs, spare parts supply and replacement devices<\/li>\n<li>We deliver to the following countries: All countries of the European Union (delivery to Switzerland, overseas and to Great Britain plus shipping and customs fees)<\/li>\n<\/ul>\n<p><em><strong>Preis auf Anfrage<\/strong><\/em><\/p>\n<p><em>Do you have any questions about the PelletBlaster compact or do you need a customised offer with purchase on account?<\/em><\/p>\n<p><em>We will be happy to advise you by phone:<\/em><\/p>\n<p><em>Phone +49 2165 - 170717<\/em><\/p>\n<p><em>Or send us an e-mail: <a href=\"mailto:info@terlatec.de\">info@terlatec.de<\/a><\/em><\/p>","protected":false},"featured_media":5520,"comment_status":"open","ping_status":"closed","template":"","meta":{"iawp_total_views":595},"product_brand":[],"product_cat":[119],"product_tag":[124,193,125,126,115,127,116,128,117,176,118,177,178,179,122,180,123,181],"class_list":{"0":"post-1598","1":"product","2":"type-product","3":"status-publish","4":"has-post-thumbnail","6":"product_cat-trockeneisstrahlgeraet-pelletblaster","7":"product_tag-nettoyeur-cryogenique","8":"product_tag-toerisblaesningsanlaeg","9":"product_tag-macchina-per-sabbiatura-con-ghiaccio-secco","10":"product_tag-maquina-de-limpieza-criogenica","11":"product_tag-trockeneisstrahlgeraet","12":"product_tag-maquina-de-neteja-amb-gel-sec","13":"product_tag-trockeneisstrahlgeraet-kaufen","14":"product_tag-droogijsstraalmachine","15":"product_tag-pelletblaster-compact","16":"product_tag-dry-ice-blaster","17":"product_tag-trockeneisstrahlen","18":"product_tag-dry-ice-cleaning-machine","19":"product_tag-eco-friendly-industrial-cleaning","20":"product_tag-non-abrasive-cleaning-machine","21":"product_tag-dry-ice-blasting-machine","22":"product_tag-portable-dry-ice-blaster","23":"product_tag-machine-de-projection-de-glace-carbonique","24":"product_tag-industrial-dry-ice-blaster","26":"first","27":"instock","28":"featured","29":"taxable","30":"shipping-taxable","31":"purchasable","32":"product-type-simple"},"_links":{"self":[{"href":"https:\/\/www.trockeneis.shop\/en\/wp-json\/wp\/v2\/product\/1598","targetHints":{"allow":["GET"]}}],"collection":[{"href":"https:\/\/www.trockeneis.shop\/en\/wp-json\/wp\/v2\/product"}],"about":[{"href":"https:\/\/www.trockeneis.shop\/en\/wp-json\/wp\/v2\/types\/product"}],"replies":[{"embeddable":true,"href":"https:\/\/www.trockeneis.shop\/en\/wp-json\/wp\/v2\/comments?post=1598"}],"wp:featuredmedia":[{"embeddable":true,"href":"https:\/\/www.trockeneis.shop\/en\/wp-json\/wp\/v2\/media\/5520"}],"wp:attachment":[{"href":"https:\/\/www.trockeneis.shop\/en\/wp-json\/wp\/v2\/media?parent=1598"}],"wp:term":[{"taxonomy":"product_brand","embeddable":true,"href":"https:\/\/www.trockeneis.shop\/en\/wp-json\/wp\/v2\/product_brand?post=1598"},{"taxonomy":"product_cat","embeddable":true,"href":"https:\/\/www.trockeneis.shop\/en\/wp-json\/wp\/v2\/product_cat?post=1598"},{"taxonomy":"product_tag","embeddable":true,"href":"https:\/\/www.trockeneis.shop\/en\/wp-json\/wp\/v2\/product_tag?post=1598"}],"curies":[{"name":"wp","href":"https:\/\/api.w.org\/{rel}","templated":true}]}}