{"id":983,"date":"2026-04-22T17:07:34","date_gmt":"2026-04-22T15:07:34","guid":{"rendered":"http:\/\/trockeneis.shop.w021229e.kasserver.com\/?post_type=product&#038;p=983"},"modified":"2026-05-03T22:22:49","modified_gmt":"2026-05-03T20:22:49","slug":"15-trockeneis-kuehlakkus","status":"publish","type":"product","link":"https:\/\/www.trockeneis.shop\/da\/product\/15-toeris-koelakkumulatorer\/","title":{"rendered":"15kg T\u00f8ris-k\u00f8lakkumulatorer"},"content":{"rendered":"<h2>15 friskproducerede t\u00f8ris-k\u00f8lpakker i en h\u00f8jkvalitets styrofoam termoboks \u2013 Perfekt til k\u00f8letransport<\/h2>\n<ul>\n<li class=\" translation-block\">En <strong>k\u00f8leelement<\/strong> best\u00e5r af en ca. <strong>1 kg<\/strong> tung t\u00f8ris-skive, indpakket i en perforeret folie.<\/li>\n<li>M\u00e5l p\u00e5 en ispose p\u00e5 1 kg: 210 x 125 x 25 mm<\/li>\n<li class=\" translation-block\">15 t\u00f8ris-k\u00f8leelementer i kassen = <strong>15 kg t\u00f8ris (-78 \u00b0C)<\/strong><\/li>\n<li>Inkl. termoboks (m\u00e5l: 45 x 36 x 34 cm)<\/li>\n<li>Ideel til k\u00f8letransport eller til afk\u00f8ling af drikkevarer<\/li>\n<li>T\u00f8ris-k\u00f8leelementer holder l\u00e6ngere end t\u00f8ris-nuggets eller pellets (langsommere sublimering p\u00e5 grund af en mere kompakt overflade)<\/li>\n<li>Bestil <strong>Mandag til torsdag indtil kl. 10.00.<\/strong> und Du erh\u00e4ltst Dein Trockeneispaket am Folgetag<\/li>\n<li class=\" translation-block\">Du kan ogs\u00e5 v\u00e6lge din <strong>\u00f8nskede leveringsdato<\/strong> ved kassen<\/li>\n<li>\ud83c\udde9\ud83c\uddea Tyskland: Levering n\u00e6ste hverdag (Overnight-Express med DPD)<\/li>\n<li>\ud83c\udde7\ud83c\uddea \ud83c\uddf3\ud83c\uddf1 \ud83c\uddf1\ud83c\uddfa \ud83c\udde9\ud83c\uddf0 Benelux og Danmark: levering normalt den n\u00e6ste hverdag<\/li>\n<li>\ud83c\udde6\ud83c\uddf9  \u00d8strig: levering inden for 2 arbejdsdage<\/li>\n<\/ul>\n<p>&nbsp;<\/p>\n<h2>Vores k\u00f8lepakker med t\u00f8ris er den ideelle k\u00f8lel\u00f8sning:<\/h2>\n<ul>\n<li>Gastronomi\/catering: k\u00f8ling af drikkevarer ved festivaler, buffeter og grillfester, til transportk\u00f8ling eller til molekyl\u00e6rk\u00f8kkener og cocktailbarer<\/li>\n<li>Transport af f\u00f8devarer: For at opretholde k\u00f8lek\u00e6den p\u00e5 lange transportruter, is\u00e6r for letford\u00e6rvelige f\u00f8devarer.<\/li>\n<li>Medicinsk\/laboratorisk: Til nedk\u00f8ling af farmaceutiske produkter under forsendelse eller til hurtig nedk\u00f8ling i laboratoriet.<\/li>\n<li>Eventteknologi\/events: Gulvt\u00e5geeffekter med t\u00f8ris, Halloween<\/li>\n<\/ul>\n<p>&nbsp;<\/p>\n<h2>Hvad er holdbarheden af t\u00f8ris?<\/h2>\n<p data-start=\"114\" data-end=\"346\">Vores t\u00f8ris-nuggets forbliver anvendelige i termokassen i flere dage og har et relativt lavt v\u00e6gttab p\u00e5 ca. 10\u201315 % pr. dag (afh\u00e6ngigt af udetemperaturen).<\/p>\n<p data-start=\"348\" data-end=\"542\">Vores termokasser med en v\u00e6gtykkelse p\u00e5 30\u201340 mm giver en meget god isoleringseffekt. Alligevel sublimerer t\u00f8ris ogs\u00e5 langsomt i en lukket kasse \u2013 det er fysisk uundg\u00e5eligt.<\/p>\n<p class=\" translation-block\"><strong>Vores tip:<\/strong> \u00c5bn kassen s\u00e5 sj\u00e6ldent som muligt, og brug t\u00f8risen hurtigst muligt.<\/p>\n<p>&nbsp;<\/p>\n<h2>Forsendelse &amp; Levering<\/h2>\n<h3>Tyskland: DPD Express<\/h3>\n<p>Ved bestilling og betaling mandag til torsdag inden kl. 10:00 modtager Du Din t\u00f8ris-pakke n\u00e6ste hverdag.<\/p>\n<p class=\" translation-block\"><strong>Weekend-tips:<\/strong> Bestil senest torsdag kl. 10:00, hvis du har brug for t\u00f8ris i weekenden.<br>\nIngen levering om l\u00f8rdagen.<\/p>\n<p>&nbsp;<\/p>\n<h3>\ud83c\uddf3\ud83c\uddf1 \ud83c\udde7\ud83c\uddea \ud83c\uddf1\ud83c\uddfa \ud83c\udde9\ud83c\uddf0 (UPS Standard)<\/h3>\n<p>Ved bestilling og betaling mandag til torsdag inden kl. 10:00 modtager du normalt din t\u00f8rispakke n\u00e6ste hverdag.<\/p>\n<p class=\" translation-block\"><strong>Weekend-tips:<\/strong> Bestil senest onsdag kl. 10:00, hvis du har brug for t\u00f8ris i weekenden.<br>\nIngen levering om l\u00f8rdagen.<\/p>","protected":false},"excerpt":{"rendered":"<p><strong>15 friskproducerede t\u00f8ris-k\u00f8lakkumulatorer i en h\u00f8j-kvalitets styropor-termoboks<\/strong><\/p>\n<ul>\n<li style=\"list-style-type: none;\">\n<ul>\n<li class=\" translation-block\">En <strong>k\u00f8leelement<\/strong> best\u00e5r af en ca. <strong>1 kg<\/strong> tung t\u00f8ris-skive, indpakket i en perforeret folie.<\/li>\n<li>M\u00e5l p\u00e5 en ispose p\u00e5 1 kg: 210 x 125 x 25 mm<\/li>\n<li class=\" translation-block\">15 t\u00f8ris-k\u00f8leelementer i kassen = <strong>15 kg t\u00f8ris (-78 \u00b0C)<\/strong><\/li>\n<li>Inkl. termoboks (m\u00e5l: 45 x 36 x 34 cm)<\/li>\n<li>Ideel til k\u00f8letransport eller til afk\u00f8ling af drikkevarer<\/li>\n<li>T\u00f8ris-k\u00f8leelementer holder l\u00e6ngere end t\u00f8ris-nuggets eller pellets (langsommere sublimering p\u00e5 grund af en mere kompakt overflade)<\/li>\n<li>Bestil <strong>Mandag til torsdag indtil kl. 10.00.<\/strong> und Du erh\u00e4ltst Dein Trockeneispaket am Folgetag<\/li>\n<li class=\" translation-block\">Du kan ogs\u00e5 v\u00e6lge din <strong>\u00f8nskede leveringsdato<\/strong> ved kassen<\/li>\n<li>\ud83c\udde9\ud83c\uddea Tyskland: Levering n\u00e6ste hverdag (Overnight-Express med DPD)<\/li>\n<li>\ud83c\udde7\ud83c\uddea \ud83c\uddf3\ud83c\uddf1 \ud83c\uddf1\ud83c\uddfa \ud83c\udde9\ud83c\uddf0 Benelux og Danmark: levering normalt den n\u00e6ste hverdag<\/li>\n<li>\ud83c\udde6\ud83c\uddf9  \u00d8strig: levering inden for 2 arbejdsdage<\/li>\n<\/ul>\n<\/li>\n<\/ul>\n<p><a href=\"https:\/\/www.trockeneis.shop\/zahlung-versand\/\">Priser inkl. moms plus forsendelse<\/a><\/p>","protected":false},"featured_media":4653,"comment_status":"open","ping_status":"closed","template":"","meta":{"iawp_total_views":256},"product_brand":[],"product_cat":[108,49],"product_tag":[19,142,143,144,147,109,148,110,151,111,171,172,139,140,141],"class_list":{"0":"post-983","1":"product","2":"type-product","3":"status-publish","4":"has-post-thumbnail","6":"product_cat-trockeneis-kuehlakkus","7":"product_cat-events-festivals-halloween","8":"product_tag-trockeneis","9":"product_tag-glace-seche","10":"product_tag-drechen-aeis","11":"product_tag-toris","12":"product_tag-kob-toris-levering-natten-over-til-danmark","13":"product_tag-kuehlakku","14":"product_tag-droogijs-kopen-nachtelijke-verzending-naar-nederland-en-belgie","15":"product_tag-kuehlversand","16":"product_tag-glace-carbonique-livraison-en-belgique","17":"product_tag-getraenkekuehlung","18":"product_tag-droogijs-amsterdam","19":"product_tag-droogijs-antwerpen","20":"product_tag-tiefkuehlversand","21":"product_tag-tk-versand","22":"product_tag-droogijs","23":"product_shipping_class-trockeneis","25":"first","26":"instock","27":"taxable","28":"shipping-taxable","29":"purchasable","30":"product-type-simple"},"_links":{"self":[{"href":"https:\/\/www.trockeneis.shop\/da\/wp-json\/wp\/v2\/product\/983","targetHints":{"allow":["GET"]}}],"collection":[{"href":"https:\/\/www.trockeneis.shop\/da\/wp-json\/wp\/v2\/product"}],"about":[{"href":"https:\/\/www.trockeneis.shop\/da\/wp-json\/wp\/v2\/types\/product"}],"replies":[{"embeddable":true,"href":"https:\/\/www.trockeneis.shop\/da\/wp-json\/wp\/v2\/comments?post=983"}],"wp:featuredmedia":[{"embeddable":true,"href":"https:\/\/www.trockeneis.shop\/da\/wp-json\/wp\/v2\/media\/4653"}],"wp:attachment":[{"href":"https:\/\/www.trockeneis.shop\/da\/wp-json\/wp\/v2\/media?parent=983"}],"wp:term":[{"taxonomy":"product_brand","embeddable":true,"href":"https:\/\/www.trockeneis.shop\/da\/wp-json\/wp\/v2\/product_brand?post=983"},{"taxonomy":"product_cat","embeddable":true,"href":"https:\/\/www.trockeneis.shop\/da\/wp-json\/wp\/v2\/product_cat?post=983"},{"taxonomy":"product_tag","embeddable":true,"href":"https:\/\/www.trockeneis.shop\/da\/wp-json\/wp\/v2\/product_tag?post=983"}],"curies":[{"name":"wp","href":"https:\/\/api.w.org\/{rel}","templated":true}]}}