{"id":123,"date":"2026-04-22T11:34:09","date_gmt":"2026-04-22T09:34:09","guid":{"rendered":"http:\/\/wordpress-shop.trockeneis.shop\/?post_type=product&#038;p=123"},"modified":"2026-04-23T10:46:30","modified_gmt":"2026-04-23T08:46:30","slug":"10kg-trockeneis-pellets","status":"publish","type":"product","link":"https:\/\/www.trockeneis.shop\/da\/product\/10kg-toeris-pellets\/","title":{"rendered":"10kg T\u00f8ris Piller"},"content":{"rendered":"<h2>10 kg t\u00f8ris-pellets \u2013 frisk produceret &amp; ideel til k\u00f8ling og effekter<\/h2>\n<ul>\n<li>Frisk produceret \u2013 h\u00f8j kvalitet<\/li>\n<li>Inkl. termoboks (29 \u00d7 40 \u00d7 32 cm)<\/li>\n<li>3 mm pille-diameter<\/li>\n<li>Ideel til k\u00f8le- eller t\u00e5geeffekter<\/li>\n<li class=\" translation-block\">Bestil <strong>man\u2013tor inden kl. 10:00<\/strong>, og du modtager din pakke den f\u00f8lgende dag<\/li>\n<li>\u00d8nsket leveringsdato kan v\u00e6lges i checkout<\/li>\n<\/ul>\n<p>&nbsp;<\/p>\n<h2>Anvendelsesomr\u00e5der<\/h2>\n<ul>\n<li class=\" translation-block\"><strong>Gastronomi \/ catering:<\/strong> K\u00f8ling af drikkevarer, buffeter, grillk\u00f8d &amp; transport<\/li>\n<li class=\" translation-block\"><strong>F\u00f8devareforsendelse:<\/strong> Sikker k\u00f8lek\u00e6de til letford\u00e6rvelige varer<\/li>\n<li class=\" translation-block\"><strong>Medicin \/ laboratorium:<\/strong> K\u00f8ling af f\u00f8lsomme produkter &amp; laboratorieanvendelser<\/li>\n<li class=\" translation-block\"><strong>Events:<\/strong> R\u00f8g-effekter, shows &amp; Halloween<\/li>\n<li><strong>t\u00f8risbl\u00e6sning<\/strong><\/li>\n<\/ul>\n<p>&nbsp;<\/p>\n<h2>Hvad er holdbarheden af t\u00f8ris?<\/h2>\n<p>Vores t\u00f8ris-nuggets forbliver anvendelige i termokassen i flere dage og har et relativt lavt v\u00e6gttab p\u00e5 ca. 15-17 % pr. dag (afh\u00e6ngigt af udetemperaturen).<\/p>\n<p>Vores termokasser med en v\u00e6gtykkelse p\u00e5 30\u201340 mm giver en meget god isoleringseffekt. Alligevel sublimerer t\u00f8ris ogs\u00e5 langsomt i en lukket kasse \u2013 det er fysisk uundg\u00e5eligt.<\/p>\n<p class=\" translation-block\"><strong>Bem\u00e6rk:<\/strong> V\u00e6lg vores nuggets eller k\u00f8leelementer, hvis du har brug for l\u00e6ngere holdbarhed og maksimal sikkerhed ved l\u00e6ngere transporttider.<\/p>\n<p class=\" translation-block\"><strong>Vores tip:<\/strong> \u00c5bn kassen s\u00e5 sj\u00e6ldent som muligt, og brug t\u00f8risen hurtigst muligt.<\/p>\n<p>&nbsp;<\/p>\n<h2>Forsendelse &amp; Levering<\/h2>\n<h3>Tyskland: DPD Express<\/h3>\n<p>Ved bestilling og betaling mandag til torsdag inden kl. 10:00 modtager Du Din t\u00f8ris-pakke n\u00e6ste hverdag.<\/p>\n<p class=\" translation-block\"><strong>Weekend-tips:<\/strong> Bestil senest torsdag kl. 10:00, hvis du har brug for t\u00f8ris i weekenden.<br>\nIngen levering om l\u00f8rdagen.<\/p>\n<p>&nbsp;<\/p>\n<h3>\ud83c\uddf3\ud83c\uddf1 \ud83c\udde7\ud83c\uddea \ud83c\uddf1\ud83c\uddfa \ud83c\udde9\ud83c\uddf0 (UPS Standard)<\/h3>\n<p>Ved bestilling og betaling mandag til torsdag inden kl. 10:00 modtager du normalt din t\u00f8rispakke n\u00e6ste hverdag.<\/p>\n<p class=\" translation-block\"><strong>Weekend-tips:<\/strong> Bestil senest onsdag kl. 10:00, hvis du har brug for t\u00f8ris i weekenden.<br>\nIngen levering om l\u00f8rdagen.<\/p>","protected":false},"excerpt":{"rendered":"<p><strong>Frisk producerede t\u00f8ris-pellets i en kvalitets Thermo-\u00e6ske af styropor \u2013 h\u00f8j kvalitet<\/strong><\/p>\n<ul>\n<li style=\"list-style-type: none;\">\n<ul>\n<li>God kvalitet \u2013 frisk produceret<\/li>\n<li>Inkl. termoboks (29 \u00d7 40 \u00d7 32 cm)<\/li>\n<li>3 mm pille-diameter<\/li>\n<li>Ideel til k\u00f8ling eller r\u00f8g-effekter<\/li>\n<li class=\" translation-block\"><strong class=\"Yjhzub\">\u2744\ufe0f Service-plus:<\/strong> Vi fylder altid lidt ekstra t\u00f8ris i termoboksen for at udligne det naturlige tab under transporten.<\/li>\n<li>Bestil <strong>Mandag til torsdag indtil kl. 10.00.<\/strong> und Du erh\u00e4ltst Dein Trockeneispaket am Folgetag<\/li>\n<li class=\" translation-block\">Du kan ogs\u00e5 v\u00e6lge din <strong>\u00f8nskede leveringsdato<\/strong> ved kassen<\/li>\n<li>\ud83c\udde9\ud83c\uddea Tyskland: Levering n\u00e6ste hverdag (Overnight-Express med DPD)<\/li>\n<li>\ud83c\udde7\ud83c\uddea \ud83c\uddf3\ud83c\uddf1 \ud83c\uddf1\ud83c\uddfa \ud83c\udde9\ud83c\uddf0 Benelux og Danmark: levering normalt den n\u00e6ste hverdag<\/li>\n<li>\ud83c\udde6\ud83c\uddf9  \u00d8strig: levering inden for 2 arbejdsdage<\/li>\n<\/ul>\n<\/li>\n<\/ul>\n<p><a href=\"https:\/\/www.trockeneis.shop\/zahlung-versand\/\">Priser inkl. moms plus forsendelse<\/a><\/p>","protected":false},"featured_media":5519,"comment_status":"open","ping_status":"closed","template":"","meta":{"iawp_total_views":454},"product_brand":[],"product_cat":[49,50],"product_tag":[52,141,143,144,147,148,18,151,19],"class_list":{"0":"post-123","1":"product","2":"type-product","3":"status-publish","4":"has-post-thumbnail","6":"product_cat-events-festivals-halloween","7":"product_cat-pellets-3mm-trockeneisstrahlen","8":"product_tag-10kg","9":"product_tag-droogijs","10":"product_tag-drechen-aeis","11":"product_tag-toris","12":"product_tag-kob-toris-levering-natten-over-til-danmark","13":"product_tag-droogijs-kopen-nachtelijke-verzending-naar-nederland-en-belgie","14":"product_tag-pellets","15":"product_tag-glace-carbonique-livraison-en-belgique","16":"product_tag-trockeneis","18":"first","19":"instock","20":"taxable","21":"shipping-taxable","22":"purchasable","23":"product-type-simple"},"_links":{"self":[{"href":"https:\/\/www.trockeneis.shop\/da\/wp-json\/wp\/v2\/product\/123","targetHints":{"allow":["GET"]}}],"collection":[{"href":"https:\/\/www.trockeneis.shop\/da\/wp-json\/wp\/v2\/product"}],"about":[{"href":"https:\/\/www.trockeneis.shop\/da\/wp-json\/wp\/v2\/types\/product"}],"replies":[{"embeddable":true,"href":"https:\/\/www.trockeneis.shop\/da\/wp-json\/wp\/v2\/comments?post=123"}],"wp:featuredmedia":[{"embeddable":true,"href":"https:\/\/www.trockeneis.shop\/da\/wp-json\/wp\/v2\/media\/5519"}],"wp:attachment":[{"href":"https:\/\/www.trockeneis.shop\/da\/wp-json\/wp\/v2\/media?parent=123"}],"wp:term":[{"taxonomy":"product_brand","embeddable":true,"href":"https:\/\/www.trockeneis.shop\/da\/wp-json\/wp\/v2\/product_brand?post=123"},{"taxonomy":"product_cat","embeddable":true,"href":"https:\/\/www.trockeneis.shop\/da\/wp-json\/wp\/v2\/product_cat?post=123"},{"taxonomy":"product_tag","embeddable":true,"href":"https:\/\/www.trockeneis.shop\/da\/wp-json\/wp\/v2\/product_tag?post=123"}],"curies":[{"name":"wp","href":"https:\/\/api.w.org\/{rel}","templated":true}]}}