{"id":25,"date":"2024-01-08T16:01:08","date_gmt":"2024-01-08T15:01:08","guid":{"rendered":"http:\/\/wordpress-shop.trockeneis.shop\/?page_id=25"},"modified":"2025-09-14T14:14:28","modified_gmt":"2025-09-14T12:14:28","slug":"widerrufsbelehrung","status":"publish","type":"page","link":"https:\/\/www.trockeneis.shop\/da\/widerrufsbelehrung\/","title":{"rendered":"Politik for afbestilling"},"content":{"rendered":"<p><strong>Widerruf<br>Widerrufsrecht<\/strong><\/p>\n\n\n\n<p>Sie haben das Recht, binnen vierzehn Tagen ohne Angabe von Gr\u00fcnden diesen Vertrag zu widerrufen. Die Widerrufsfrist betr\u00e4gt vierzehn Tage ab dem Tag an dem Sie oder ein von Ihnen benannter Dritter, der nicht der Bef\u00f6rderer ist, die Waren in Besitz genommen haben bzw. hat. Um Ihr Widerrufsrecht auszu\u00fcben, m\u00fcssen Sie uns, der TERLATEC engineering GmbH, mittels einer eindeutigen Erkl\u00e4rung (z.B. ein mit der Post versandter Brief, Telefax oder E-Mail) \u00fcber Ihren Entschluss, diesen Vertrag zu widerrufen, informieren. Sie k\u00f6nnen daf\u00fcr das beigef\u00fcgte Muster-Widerrufsformular verwenden, das jedoch nicht vorgeschrieben ist. Sie k\u00f6nnen das Muster-Widerrufsformular oder eine andere eindeutige Erkl\u00e4rung elektronisch erstellen und \u00fcbermitteln. Machen Sie von dieser M\u00f6glichkeit Gebrauch, so werden wir Ihnen unverz\u00fcglich (z. B. per E-Mail) eine Best\u00e4tigung \u00fcber den Eingang eines solchen Widerrufs \u00fcbermitteln. Zur Wahrung der Widerrufsfrist reicht es aus, dass Sie die Mitteilung \u00fcber die Aus\u00fcbung des Widerrufsrechts vor Ablauf der Widerrufsfrist absenden.<\/p>\n\n\n\n<p>Da es sich bei Trockeneis um ein fl\u00fcchtiges Medium handelt, schlie\u00dfen wir den Widerruf f\u00fcr alle Trockeneisprodukte aus. Ebenso k\u00f6nnen wir bei Fehlkauf keine CO2-Sprudlerzylinder zur\u00fccknehmen.<\/p>\n\n\n\n<p>Folgen des Widerrufs<\/p>\n\n\n\n<p>Wenn Sie diesen Vertrag widerrufen, haben wir Ihnen alle Zahlungen, die wir von Ihnen erhalten haben, einschlie\u00dflich der Lieferkosten (mit Ausnahme der zus\u00e4tzlichen Kosten, die sich daraus ergeben, dass Sie eine andere Art der Lieferung als die von uns angebotene, g\u00fcnstigste Standardlieferung gew\u00e4hlt haben), unverz\u00fcglich und sp\u00e4testens binnen vierzehn Tagen ab dem Tag zur\u00fcckzuzahlen, an dem die Mitteilung \u00fcber Ihren Widerruf dieses Vertrags bei uns eingegangen ist. F\u00fcr diese R\u00fcckzahlung verwenden wir dasselbe Zahlungsmittel, das Sie bei der urspr\u00fcnglichen Transaktion eingesetzt haben, es sei denn, mit Ihnen wurde ausdr\u00fccklich etwas anderes vereinbart; in keinem Fall werden Ihnen wegen dieser R\u00fcckzahlung Entgelte berechnet. Wir k\u00f6nnen die R\u00fcckzahlung verweigern, bis wir die Waren wieder zur\u00fcckerhalten haben oder bis Sie den Nachweis erbracht haben, dass Sie die Waren zur\u00fcckgesandt haben, je nachdem, welches der fr\u00fchere Zeitpunkt ist.<\/p>\n\n\n\n<p>Muster-Widerrufsformular<\/p>\n\n\n\n<p>(Wenn Sie den Vertrag widerrufen wollen, dann f\u00fcllen Sie bitte dieses Formular aus und senden Sie es zur\u00fcck.)<\/p>\n\n\n\n<p>An&nbsp;<\/p>\n\n\n\n<p>TERLATEC engineering GmbH<\/p>\n\n\n\n<p>Robert-Bosch-Stra\u00dfe 11<\/p>\n\n\n\n<p>41363 J\u00fcchen<\/p>\n\n\n\n<p>Deutschland<\/p>\n\n\n\n<p>E-Mail: info@terlatec.de<\/p>\n\n\n\n<p>Hiermit widerrufe(n) ich\/wir (*) den von mir\/uns (*) abgeschlossenen Vertrag \u00fcber den Kauf der folgenden Waren (*)\/die Erbringung der folgenden Dienstleistung (*)<\/p>\n\n\n\n<p>Bestellt am (*)\/erhalten am (*) _____________________________<\/p>\n\n\n\n<p>Name des\/der Verbraucher(s) _______________________________<\/p>\n\n\n\n<p>Anschrift des\/der Verbraucher(s) _____________________________<\/p>\n\n\n\n<p>Unterschrift des\/der Verbraucher(s) ___________________________<\/p>\n\n\n\n<p>(nur bei Mitteilung auf Papier)<\/p>\n\n\n\n<p>Datum __________________________<\/p>\n\n\n\n<p>(*) Unzutreffendes streichen.<\/p>\n\n\n\n<p>Ende der Widerrufsbelehrung<\/p>\n\n\n\n<p><\/p>\n\n\n\n<p><\/p>\n\n\n\n<p><strong>ENGLISH:<\/strong><\/p>\n\n\n\n<p><strong>Withdrawal form<\/strong><\/p>\n\n\n\n<p>You have the right to withdraw from this contract within fourteen days without giving any reason. The withdrawal period shall be fourteen days from the day on which you or a third party other than the carrier designated by you takes possession of the goods. To exercise your right of withdrawal, you must notify us, TERLATEC engineering GmbH, of your decision to withdraw from this contract by means of an unambiguous declaration (e.g., a letter sent by post, fax, or email). You may use the attached model withdrawal form for this purpose, but this is not mandatory. You may create and submit the model withdrawal form or another unambiguous declaration electronically. If you make use of this option, we will immediately send you (e.g., by email) a confirmation of receipt of such a withdrawal. To comply with the withdrawal period, it is sufficient that you send the notification of the exercise of the right of withdrawal before the expiry of the withdrawal period.<\/p>\n\n\n\n<p>Since dry ice is a volatile medium, we exclude the right of withdrawal for all dry ice products. Likewise, we cannot accept returns for CO2 carbonator cylinders in the event of a faulty purchase.<\/p>\n\n\n\n<p>Consequences of Withdrawal<\/p>\n\n\n\n<p>If you withdraw from this contract, we will refund all payments we have received from you, including delivery costs (except for additional costs resulting from your choice of a delivery method other than the cheapest standard delivery offered by us), promptly and at the latest within fourteen days from the date on which we received notification of your withdrawal from this contract. For this refund, we will use the same means of payment that you used for the original transaction, unless expressly agreed otherwise with you; under no circumstances will you be charged any fees for this refund. We may refuse to refund until we have received the goods back or until you have provided proof that you have returned the goods, whichever is earlier.<\/p>\n\n\n\n<p>Sample Cancellation Form<\/p>\n\n\n\n<p>(If you wish to cancel the contract, please complete this form and return it.)<\/p>\n\n\n\n<p>To<\/p>\n\n\n\n<p>TERLATEC engineering GmbH<\/p>\n\n\n\n<p>Robert-Bosch-Stra\u00dfe 11<\/p>\n\n\n\n<p>41363 J\u00fcchen<\/p>\n\n\n\n<p>Tyskland<\/p>\n\n\n\n<p>Email: info@terlatec.de<\/p>\n\n\n\n<p>I\/we (<em>) hereby cancel the contract concluded by me\/us (<\/em>) for the purchase of the following goods (<em>)\/the provision of the following service (<\/em>)<\/p>\n\n\n\n<p>Ordered on (<em>)\/received on (<\/em>) <strong><em><strong><em>_________________<\/em><\/strong><\/em><\/strong><\/p>\n\n\n\n<p>Name of consumer(s) <strong><em><strong><em>___________________<\/em><\/strong><\/em><\/strong><\/p>\n\n\n\n<p>Address of consumer(s) <strong><em><strong><em>_________________<\/em><\/strong><\/em><\/strong><\/p>\n\n\n\n<p>Signature of consumer(s) <strong><em><strong><em>_______________<\/em><\/strong><\/em><\/strong><\/p>\n\n\n\n<p>(only for notification on paper)<\/p>\n\n\n\n<p>Date <strong><em><strong><em>______________<\/em><\/strong><\/em><\/strong><\/p>\n\n\n\n<p>(*) Delete as appropriate.<\/p>\n\n\n\n<p>End of Cancellation Policy<\/p>","protected":false},"excerpt":{"rendered":"<p>WiderrufWiderrufsrecht Sie haben das Recht, binnen vierzehn Tagen ohne Angabe von Gr\u00fcnden diesen Vertrag zu widerrufen. Die Widerrufsfrist betr\u00e4gt vierzehn Tage ab dem Tag an dem Sie oder ein von Ihnen benannter Dritter, der nicht der Bef\u00f6rderer ist, die Waren in Besitz genommen haben bzw. hat. Um Ihr Widerrufsrecht auszu\u00fcben, m\u00fcssen Sie uns, der TERLATEC [&hellip;]<\/p>\n","protected":false},"author":1,"featured_media":0,"parent":0,"menu_order":0,"comment_status":"closed","ping_status":"closed","template":"","meta":{"iawp_total_views":47,"footnotes":""},"class_list":["post-25","page","type-page","status-publish","hentry"],"_links":{"self":[{"href":"https:\/\/www.trockeneis.shop\/da\/wp-json\/wp\/v2\/pages\/25","targetHints":{"allow":["GET"]}}],"collection":[{"href":"https:\/\/www.trockeneis.shop\/da\/wp-json\/wp\/v2\/pages"}],"about":[{"href":"https:\/\/www.trockeneis.shop\/da\/wp-json\/wp\/v2\/types\/page"}],"author":[{"embeddable":true,"href":"https:\/\/www.trockeneis.shop\/da\/wp-json\/wp\/v2\/users\/1"}],"replies":[{"embeddable":true,"href":"https:\/\/www.trockeneis.shop\/da\/wp-json\/wp\/v2\/comments?post=25"}],"version-history":[{"count":4,"href":"https:\/\/www.trockeneis.shop\/da\/wp-json\/wp\/v2\/pages\/25\/revisions"}],"predecessor-version":[{"id":3244,"href":"https:\/\/www.trockeneis.shop\/da\/wp-json\/wp\/v2\/pages\/25\/revisions\/3244"}],"wp:attachment":[{"href":"https:\/\/www.trockeneis.shop\/da\/wp-json\/wp\/v2\/media?parent=25"}],"curies":[{"name":"wp","href":"https:\/\/api.w.org\/{rel}","templated":true}]}}