{"id":141,"date":"2024-01-11T14:07:32","date_gmt":"2024-01-11T13:07:32","guid":{"rendered":"http:\/\/wordpress-shop.trockeneis.shop\/?page_id=141"},"modified":"2026-01-31T16:23:06","modified_gmt":"2026-01-31T15:23:06","slug":"zahlung-versand","status":"publish","type":"page","link":"https:\/\/www.trockeneis.shop\/da\/zahlung-versand\/","title":{"rendered":"Betaling og forsendelse"},"content":{"rendered":"<p><strong>Tyskland: DPD Express<\/strong><\/p>\n\n\n<div class=\"wp-block-image\">\n<figure class=\"alignleft size-full is-resized\"><img decoding=\"async\" src=\"https:\/\/www.trockeneis.shop\/wp-content\/uploads\/2024\/01\/DPD_logo_redgrad_rgb.png\" alt=\"dpd\" class=\"wp-image-142\" style=\"width:150px\"\/><\/figure>\n<\/div>\n\n\n<p><\/p>\n\n\n\n<p><\/p>\n\n\n\n<p><strong>Preise (inkl. MwSt.):<\/strong><\/p>\n\n\n\n<p>DPD Express garantiert bis 18 Uhr: 7,90 \u20ac pro Paket<\/p>\n\n\n\n<p>DPD Express garantiert bis 12 Uhr: 19,50 \u20ac pro Paket<\/p>\n\n\n\n<p>DPD Express garantiert bis 8.30 Uhr: 47,00 \u20ac pro Paket<\/p>\n\n\n\n<p>Ved modtagelse af ordre og betaling&nbsp;<strong>Mandag-torsdag indtil kl. 10.00.<\/strong>, erh\u00e4ltst&nbsp;Du&nbsp;das Trockeneis-Paket&nbsp;<strong>am n\u00e4chsten Werktag bis sp\u00e4testens 18 Uhr<\/strong>. Nutze&nbsp;die DPD Paketverfolgung, damit der Versand gut klappt!<br><strong>Tip:<\/strong>&nbsp;Hvis du har brug for t\u00f8ris i weekenden, anbefaler vi&nbsp;<strong>torsdag morgen indtil kl. 10.<\/strong>&nbsp;for at bestille. T\u00f8risen vil s\u00e5 blive leveret om fredagen. Levering om l\u00f8rdagen er desv\u00e6rre ikke mulig.<\/p>\n\n\n\n<p><strong>DPD Express leverer kun p\u00e5 f\u00f8lgende hverdage: tirsdag, onsdag, torsdag, fredag. Der leveres ikke p\u00e5 l\u00f8rdag, s\u00f8ndag eller helligdage.<\/strong><\/p>\n\n\n\n<p><strong>En forsendelse til pakkestationer eller en afsendelsestilladelse er ikke muligt med DPD Expressforsendelse!<\/strong><\/p>\n\n\n\n<p>Du kan ogs\u00e5 bruge din <strong>\u00d8nsket leveringsdato<\/strong> an der Kasse w\u00e4hlen, bestellst du werktags bis 10 Uhr ist die Lieferung sogar zum n\u00e4chsten Werktag m\u00f6glich.<\/p>\n\n\n\n<p class=\" translation-block\"><strong>Vi tilbyder DPD Classic-forsendelse med \u00f8kotill\u00e6g til de tyske \u00f8er: 22,90 \u20ac pr. pakke<\/strong> <strong>(2 hverdage, ingen levering l\u00f8rdag)<\/strong><\/p>\n\n\n\n<div style=\"height:30px\" aria-hidden=\"true\" class=\"wp-block-spacer\"><\/div>\n\n\n\n<p>Hier findest Du die DPD Ausschlussgebiete vom Express-Versand:<\/p>\n\n\n\n<div data-wp-interactive=\"core\/file\" class=\"wp-block-file\"><object data-wp-bind--hidden=\"!state.hasPdfPreview\" hidden class=\"wp-block-file__embed\" data=\"https:\/\/www.trockeneis.shop\/wp-content\/uploads\/2025\/03\/20190114_Express-Service_Ausschlussgebiete.pdf\" type=\"application\/pdf\" style=\"width:100%;height:600px\" aria-label=\"Embed 20190114_Express-Service_Ausschlussgebiete.\"><\/object><a id=\"wp-block-file--media-0e7f11a3-39a1-4e67-8c3c-351bb47198a0\" href=\"https:\/\/www.trockeneis.shop\/wp-content\/uploads\/2025\/03\/20190114_Express-Service_Ausschlussgebiete.pdf\">20190114_Express-Service_Ausschlussgebiete<\/a><a href=\"https:\/\/www.trockeneis.shop\/wp-content\/uploads\/2025\/03\/20190114_Express-Service_Ausschlussgebiete.pdf\" class=\"wp-block-file__button wp-element-button\" download aria-describedby=\"wp-block-file--media-0e7f11a3-39a1-4e67-8c3c-351bb47198a0\">Herunterladen<\/a><\/div>\n\n\n\n<div style=\"height:100px\" aria-hidden=\"true\" class=\"wp-block-spacer\"><\/div>\n\n\n\n<p class=\"has-medium-font-size\"><strong><strong>Holland, Belgien, Luxembourg, Danmark: UPS Standard Overnight<\/strong><\/strong><\/p>\n\n\n<div class=\"wp-block-image\">\n<figure class=\"alignleft size-full is-resized\"><img loading=\"lazy\" decoding=\"async\" width=\"640\" height=\"760\" src=\"https:\/\/www.trockeneis.shop\/wp-content\/uploads\/2025\/08\/ups.png\" alt=\"UPS\" class=\"wp-image-2955\" style=\"width:150px\" srcset=\"https:\/\/www.trockeneis.shop\/wp-content\/uploads\/2025\/08\/ups.png 640w, https:\/\/www.trockeneis.shop\/wp-content\/uploads\/2025\/08\/ups-324x385.png 324w, https:\/\/www.trockeneis.shop\/wp-content\/uploads\/2025\/08\/ups-416x494.png 416w, https:\/\/www.trockeneis.shop\/wp-content\/uploads\/2025\/08\/ups-253x300.png 253w\" sizes=\"auto, (max-width: 640px) 100vw, 640px\" \/><\/figure>\n<\/div>\n\n\n<p><\/p>\n\n\n\n<p><strong>UPS Standard : 19,50 \u20ac<\/strong><\/p>\n\n\n\n<p><strong>Preis (inkl. MwSt.):<\/strong><\/p>\n\n\n\n<p><\/p>\n\n\n\n<p>Ved modtagelse af ordre og betaling&nbsp;<strong>Mandag-torsdag indtil kl. 10.00.<\/strong>, erh\u00e4ltst&nbsp;Du&nbsp;das Trockeneis-Paket&nbsp;<strong>den n\u00e6ste arbejdsdag<\/strong>. Nutze die UPS Paketverfolgung, damit der Versandgut klappt! <strong><strong>Der leveres ikke p\u00e5 l\u00f8rdag, s\u00f8ndag eller helligdage.<\/strong><\/strong><\/p>\n\n\n\n<div style=\"height:100px\" aria-hidden=\"true\" class=\"wp-block-spacer\"><\/div>\n\n\n\n<p class=\"has-medium-font-size\"><strong><strong>\u00d8strig: UPS Standard, 2 hverdage.<\/strong><\/strong><\/p>\n\n\n<div class=\"wp-block-image\">\n<figure class=\"alignleft size-full is-resized\"><img loading=\"lazy\" decoding=\"async\" width=\"640\" height=\"760\" src=\"https:\/\/www.trockeneis.shop\/wp-content\/uploads\/2025\/08\/ups.png\" alt=\"UPS\" class=\"wp-image-2955\" style=\"width:150px\" srcset=\"https:\/\/www.trockeneis.shop\/wp-content\/uploads\/2025\/08\/ups.png 640w, https:\/\/www.trockeneis.shop\/wp-content\/uploads\/2025\/08\/ups-324x385.png 324w, https:\/\/www.trockeneis.shop\/wp-content\/uploads\/2025\/08\/ups-416x494.png 416w, https:\/\/www.trockeneis.shop\/wp-content\/uploads\/2025\/08\/ups-253x300.png 253w\" sizes=\"auto, (max-width: 640px) 100vw, 640px\" \/><\/figure>\n<\/div>\n\n\n<p><\/p>\n\n\n\n<p><strong>UPS Standard: 19,50 \u20ac<\/strong><\/p>\n\n\n\n<p><strong>Preise (inkl. MwSt.):<\/strong><\/p>\n\n\n\n<p><\/p>\n\n\n\n<p class=\" translation-block\">Bei Bestellung&nbsp;<strong>montags-mittwochs bis 10 Uhr&nbsp;<\/strong>erh\u00e4ltst Du das Trockeneis&nbsp;<strong>innerhalb von 2 Werktagen<\/strong>.<\/p>\n\n\n\n<p><strong><strong>Der leveres ikke p\u00e5 l\u00f8rdag, s\u00f8ndag eller helligdage.<\/strong><\/strong><\/p>\n\n\n\n<p><\/p>\n\n\n\n<p><strong>Vores servicel\u00f8fte:<\/strong><br>For at kompensere for tabet af t\u00f8ris p\u00e5 grund af den l\u00e6ngere forsendelsestid, fylder vi kassen med lidt mere t\u00f8ris.<br>Nutze&nbsp;die Paketverfolgung, damit der Versand gut klappt!<\/p>\n\n\n\n<p><br><strong>Vi leverer ikke til pakkestationer.<\/strong><\/p>\n\n\n\n<p class=\"has-normal-font-size\"><strong>Der er ingen levering om mandagen, da sublimationen over weekenden er for store.&nbsp;<\/strong><\/p>\n\n\n\n<div style=\"height:100px\" aria-hidden=\"true\" class=\"wp-block-spacer\"><\/div>\n\n\n\n<p><strong>Betaling<\/strong><\/p>\n\n\n\n<div class=\"wp-block-columns are-vertically-aligned-center is-layout-flex wp-container-core-columns-is-layout-28f84493 wp-block-columns-is-layout-flex\">\n<div class=\"wp-block-column is-vertically-aligned-center is-layout-flow wp-block-column-is-layout-flow\"><div class=\"wp-block-image\">\n<figure class=\"aligncenter size-full\"><img loading=\"lazy\" decoding=\"async\" width=\"320\" height=\"86\" src=\"https:\/\/www.trockeneis.shop\/wp-content\/uploads\/2025\/08\/PayPal.png\" alt=\"PayPal\" class=\"wp-image-3013\" srcset=\"https:\/\/www.trockeneis.shop\/wp-content\/uploads\/2025\/08\/PayPal.png 320w, https:\/\/www.trockeneis.shop\/wp-content\/uploads\/2025\/08\/PayPal-300x81.png 300w\" sizes=\"auto, (max-width: 320px) 100vw, 320px\" \/><\/figure>\n<\/div><\/div>\n\n\n\n<div class=\"wp-block-column is-vertically-aligned-center is-layout-flow wp-block-column-is-layout-flow\"><div class=\"wp-block-image\">\n<figure class=\"aligncenter size-large is-resized\"><img loading=\"lazy\" decoding=\"async\" width=\"1024\" height=\"332\" src=\"https:\/\/www.trockeneis.shop\/wp-content\/uploads\/2025\/08\/visa-1024x332.png\" alt=\"visum\" class=\"wp-image-2990\" style=\"width:86px;height:auto\" srcset=\"https:\/\/www.trockeneis.shop\/wp-content\/uploads\/2025\/08\/visa-1024x332.png 1024w, https:\/\/www.trockeneis.shop\/wp-content\/uploads\/2025\/08\/visa-324x105.png 324w, https:\/\/www.trockeneis.shop\/wp-content\/uploads\/2025\/08\/visa-416x135.png 416w, https:\/\/www.trockeneis.shop\/wp-content\/uploads\/2025\/08\/visa-300x97.png 300w, https:\/\/www.trockeneis.shop\/wp-content\/uploads\/2025\/08\/visa-768x249.png 768w, https:\/\/www.trockeneis.shop\/wp-content\/uploads\/2025\/08\/visa-1536x498.png 1536w, https:\/\/www.trockeneis.shop\/wp-content\/uploads\/2025\/08\/visa.png 1920w\" sizes=\"auto, (max-width: 1024px) 100vw, 1024px\" \/><\/figure>\n<\/div><\/div>\n\n\n\n<div class=\"wp-block-column is-vertically-aligned-center is-layout-flow wp-block-column-is-layout-flow\"><div class=\"wp-block-image\">\n<figure class=\"aligncenter size-full is-resized\"><img loading=\"lazy\" decoding=\"async\" width=\"960\" height=\"746\" src=\"https:\/\/www.trockeneis.shop\/wp-content\/uploads\/2025\/08\/Mastercard-logo.svg_.png\" alt=\"Mastercard\" class=\"wp-image-2991\" style=\"aspect-ratio:1.425;object-fit:contain;width:63px;height:auto\" srcset=\"https:\/\/www.trockeneis.shop\/wp-content\/uploads\/2025\/08\/Mastercard-logo.svg_.png 960w, https:\/\/www.trockeneis.shop\/wp-content\/uploads\/2025\/08\/Mastercard-logo.svg_-324x252.png 324w, https:\/\/www.trockeneis.shop\/wp-content\/uploads\/2025\/08\/Mastercard-logo.svg_-416x323.png 416w, https:\/\/www.trockeneis.shop\/wp-content\/uploads\/2025\/08\/Mastercard-logo.svg_-300x233.png 300w, https:\/\/www.trockeneis.shop\/wp-content\/uploads\/2025\/08\/Mastercard-logo.svg_-768x597.png 768w\" sizes=\"auto, (max-width: 960px) 100vw, 960px\" \/><\/figure>\n<\/div><\/div>\n\n\n\n<div class=\"wp-block-column is-vertically-aligned-center is-layout-flow wp-block-column-is-layout-flow\"><div class=\"wp-block-image\">\n<figure class=\"aligncenter size-full is-resized\"><img loading=\"lazy\" decoding=\"async\" width=\"250\" height=\"250\" src=\"https:\/\/www.trockeneis.shop\/wp-content\/uploads\/2025\/08\/American_Express.png\" alt=\"American Express\" class=\"wp-image-3012\" style=\"aspect-ratio:1.4;object-fit:contain;width:64px;height:auto\" srcset=\"https:\/\/www.trockeneis.shop\/wp-content\/uploads\/2025\/08\/American_Express.png 250w, https:\/\/www.trockeneis.shop\/wp-content\/uploads\/2025\/08\/American_Express-100x100.png 100w, https:\/\/www.trockeneis.shop\/wp-content\/uploads\/2025\/08\/American_Express-150x150.png 150w\" sizes=\"auto, (max-width: 250px) 100vw, 250px\" \/><\/figure>\n<\/div><\/div>\n<\/div>\n\n\n\n<div class=\"wp-block-columns are-vertically-aligned-center is-layout-flex wp-container-core-columns-is-layout-28f84493 wp-block-columns-is-layout-flex\">\n<div class=\"wp-block-column is-vertically-aligned-center is-layout-flow wp-block-column-is-layout-flow\"><div class=\"wp-block-image\">\n<figure class=\"aligncenter size-full\"><img loading=\"lazy\" decoding=\"async\" width=\"1920\" height=\"728\" src=\"https:\/\/www.trockeneis.shop\/wp-content\/uploads\/2026\/01\/iDEAL_Wero.webp\" alt=\"iDEAL_Wero\" class=\"wp-image-5261\" srcset=\"https:\/\/www.trockeneis.shop\/wp-content\/uploads\/2026\/01\/iDEAL_Wero.webp 1920w, https:\/\/www.trockeneis.shop\/wp-content\/uploads\/2026\/01\/iDEAL_Wero-300x114.webp 300w, https:\/\/www.trockeneis.shop\/wp-content\/uploads\/2026\/01\/iDEAL_Wero-1024x388.webp 1024w, https:\/\/www.trockeneis.shop\/wp-content\/uploads\/2026\/01\/iDEAL_Wero-768x291.webp 768w, https:\/\/www.trockeneis.shop\/wp-content\/uploads\/2026\/01\/iDEAL_Wero-1536x582.webp 1536w, https:\/\/www.trockeneis.shop\/wp-content\/uploads\/2026\/01\/iDEAL_Wero-18x7.webp 18w, https:\/\/www.trockeneis.shop\/wp-content\/uploads\/2026\/01\/iDEAL_Wero-324x123.webp 324w, https:\/\/www.trockeneis.shop\/wp-content\/uploads\/2026\/01\/iDEAL_Wero-416x158.webp 416w\" sizes=\"auto, (max-width: 1920px) 100vw, 1920px\" \/><\/figure>\n<\/div><\/div>\n\n\n\n<div class=\"wp-block-column is-vertically-aligned-center is-layout-flow wp-block-column-is-layout-flow\"><div class=\"wp-block-image\">\n<figure class=\"aligncenter size-full is-resized\"><img loading=\"lazy\" decoding=\"async\" width=\"250\" height=\"163\" src=\"https:\/\/www.trockeneis.shop\/wp-content\/uploads\/2025\/08\/Eps-Ueberweisung.png\" alt=\"Eps-overf\u00f8rsel\" class=\"wp-image-2985\" style=\"aspect-ratio:1.5339009776095869;width:92px;height:auto\"\/><\/figure>\n<\/div><\/div>\n\n\n\n<div class=\"wp-block-column is-vertically-aligned-center is-layout-flow wp-block-column-is-layout-flow\"><div class=\"wp-block-image\">\n<figure class=\"aligncenter size-full is-resized\"><img loading=\"lazy\" decoding=\"async\" width=\"1517\" height=\"1136\" src=\"https:\/\/www.trockeneis.shop\/wp-content\/uploads\/2025\/08\/Bancontact.png\" alt=\"Bancontact\" class=\"wp-image-2987\" style=\"aspect-ratio:1.425;object-fit:contain;width:91px;height:auto\" srcset=\"https:\/\/www.trockeneis.shop\/wp-content\/uploads\/2025\/08\/Bancontact.png 1517w, https:\/\/www.trockeneis.shop\/wp-content\/uploads\/2025\/08\/Bancontact-324x243.png 324w, https:\/\/www.trockeneis.shop\/wp-content\/uploads\/2025\/08\/Bancontact-416x312.png 416w, https:\/\/www.trockeneis.shop\/wp-content\/uploads\/2025\/08\/Bancontact-300x225.png 300w, https:\/\/www.trockeneis.shop\/wp-content\/uploads\/2025\/08\/Bancontact-1024x767.png 1024w, https:\/\/www.trockeneis.shop\/wp-content\/uploads\/2025\/08\/Bancontact-768x575.png 768w\" sizes=\"auto, (max-width: 1517px) 100vw, 1517px\" \/><\/figure>\n<\/div><\/div>\n\n\n\n<div class=\"wp-block-column is-vertically-aligned-center is-layout-flow wp-block-column-is-layout-flow\"><div class=\"wp-block-image\">\n<figure class=\"aligncenter size-full is-resized\"><img loading=\"lazy\" decoding=\"async\" width=\"984\" height=\"679\" src=\"https:\/\/www.trockeneis.shop\/wp-content\/uploads\/2025\/02\/Rechnung_Geschaeftskunden.webp\" alt=\"Kauf auf Rechnung\" class=\"wp-image-4654\" style=\"aspect-ratio:1.4494099134539733;width:82px;height:auto\" srcset=\"https:\/\/www.trockeneis.shop\/wp-content\/uploads\/2025\/02\/Rechnung_Geschaeftskunden.webp 984w, https:\/\/www.trockeneis.shop\/wp-content\/uploads\/2025\/02\/Rechnung_Geschaeftskunden-300x207.webp 300w, https:\/\/www.trockeneis.shop\/wp-content\/uploads\/2025\/02\/Rechnung_Geschaeftskunden-768x530.webp 768w, https:\/\/www.trockeneis.shop\/wp-content\/uploads\/2025\/02\/Rechnung_Geschaeftskunden-18x12.webp 18w, https:\/\/www.trockeneis.shop\/wp-content\/uploads\/2025\/02\/Rechnung_Geschaeftskunden-324x224.webp 324w, https:\/\/www.trockeneis.shop\/wp-content\/uploads\/2025\/02\/Rechnung_Geschaeftskunden-416x287.webp 416w\" sizes=\"auto, (max-width: 984px) 100vw, 984px\" \/><\/figure>\n<\/div><\/div>\n<\/div>\n\n\n\n<p><\/p>\n\n\n\n<p><\/p>","protected":false},"excerpt":{"rendered":"<p>Deutschland: DPD Express Preise (inkl. MwSt.): DPD Express garantiert bis 18 Uhr: 7,90 \u20ac pro Paket DPD Express garantiert bis 12 Uhr: 19,50 \u20ac pro Paket DPD Express garantiert bis 8.30 Uhr: 47,00 \u20ac pro Paket Bei Bestell- und Zahlungseingang&nbsp;montags-donnerstags bis 10:00 Uhr, erh\u00e4ltst&nbsp;Du&nbsp;das Trockeneis-Paket&nbsp;am n\u00e4chsten Werktag bis sp\u00e4testens 18 Uhr. Nutze&nbsp;die DPD Paketverfolgung, damit [&hellip;]<\/p>\n","protected":false},"author":1,"featured_media":0,"parent":0,"menu_order":0,"comment_status":"closed","ping_status":"closed","template":"","meta":{"iawp_total_views":728,"footnotes":""},"class_list":["post-141","page","type-page","status-publish","hentry"],"_links":{"self":[{"href":"https:\/\/www.trockeneis.shop\/da\/wp-json\/wp\/v2\/pages\/141","targetHints":{"allow":["GET"]}}],"collection":[{"href":"https:\/\/www.trockeneis.shop\/da\/wp-json\/wp\/v2\/pages"}],"about":[{"href":"https:\/\/www.trockeneis.shop\/da\/wp-json\/wp\/v2\/types\/page"}],"author":[{"embeddable":true,"href":"https:\/\/www.trockeneis.shop\/da\/wp-json\/wp\/v2\/users\/1"}],"replies":[{"embeddable":true,"href":"https:\/\/www.trockeneis.shop\/da\/wp-json\/wp\/v2\/comments?post=141"}],"version-history":[{"count":23,"href":"https:\/\/www.trockeneis.shop\/da\/wp-json\/wp\/v2\/pages\/141\/revisions"}],"predecessor-version":[{"id":5264,"href":"https:\/\/www.trockeneis.shop\/da\/wp-json\/wp\/v2\/pages\/141\/revisions\/5264"}],"wp:attachment":[{"href":"https:\/\/www.trockeneis.shop\/da\/wp-json\/wp\/v2\/media?parent=141"}],"curies":[{"name":"wp","href":"https:\/\/api.w.org\/{rel}","templated":true}]}}